{"id":37554,"date":"2026-01-06T09:25:25","date_gmt":"2026-01-06T09:25:25","guid":{"rendered":"https:\/\/gangnambeaute.com\/?post_type=product&#038;p=37554"},"modified":"2026-04-11T02:54:43","modified_gmt":"2026-04-11T02:54:43","slug":"skin1004-madagascar-centella-tea-trica-relief-ampoule-100ml","status":"publish","type":"product","link":"https:\/\/gangnambeaute.com\/en\/product\/skin1004-madagascar-centella-tea-trica-relief-ampoule-100ml\/","title":{"rendered":"SKIN1004- Madagascar Centella Tea-Trica Relief Ampoule &#8211; 100ml"},"content":{"rendered":"<p><strong>Cette ampoule sert \u00e0\u00a0traiter l&rsquo;acn\u00e9\u00a0et \u00e0 calmer instantan\u00e9ment les peaux enflamm\u00e9es gr\u00e2ce au complexe Tea-Trica (arbre\u00a0<span data-sae=\"\" aria-owns=\"action-menu-parent-container\">\u00e0 th\u00e9 et centella).<\/span><\/strong><\/p>\n<div class=\"Y3BBE\" data-sfc-cp=\"\" data-sfc-cb=\"\" data-hveid=\"CAEIAhAA\" data-complete=\"true\" data-processed=\"true\"><\/div>","protected":false},"excerpt":{"rendered":"<p><strong>Appliquez quelques gouttes sur votre\u00a0visage propre\u00a0et tapotez doucement, particuli\u00e8rement sur les zones sujettes aux imperfections.<span class=\"uJ19be notranslate\" data-wiz-uids=\"Nyz7Id_j,Nyz7Id_k\" data-sfc-cb=\"\" data-complete=\"true\" data-processed=\"true\"><span class=\"vKEkVd\" data-animation-atomic=\"\" data-wiz-attrbind=\"class=Nyz7Id_i\/TKHnVd\" data-sae=\"\"><span aria-hidden=\"true\">\u00a0<\/span><\/span><\/span><\/strong><\/p>","protected":false},"featured_media":43678,"comment_status":"open","ping_status":"closed","template":"","meta":[],"product_brand":[1015,1046],"product_cat":[344,348,369],"product_tag":[],"class_list":{"0":"post-37554","1":"product","2":"type-product","3":"status-publish","4":"has-post-thumbnail","6":"product_brand-populare","7":"product_brand-skin-1004-populare","8":"product_cat-skincare","9":"product_cat-soin-concentre","10":"product_cat-ampoules","12":"first","13":"instock","14":"sale","15":"shipping-taxable","16":"purchasable","17":"product-type-simple"},"_links":{"self":[{"href":"https:\/\/gangnambeaute.com\/en\/wp-json\/wp\/v2\/product\/37554","targetHints":{"allow":["GET"]}}],"collection":[{"href":"https:\/\/gangnambeaute.com\/en\/wp-json\/wp\/v2\/product"}],"about":[{"href":"https:\/\/gangnambeaute.com\/en\/wp-json\/wp\/v2\/types\/product"}],"replies":[{"embeddable":true,"href":"https:\/\/gangnambeaute.com\/en\/wp-json\/wp\/v2\/comments?post=37554"}],"version-history":[{"count":3,"href":"https:\/\/gangnambeaute.com\/en\/wp-json\/wp\/v2\/product\/37554\/revisions"}],"predecessor-version":[{"id":43679,"href":"https:\/\/gangnambeaute.com\/en\/wp-json\/wp\/v2\/product\/37554\/revisions\/43679"}],"wp:featuredmedia":[{"embeddable":true,"href":"https:\/\/gangnambeaute.com\/en\/wp-json\/wp\/v2\/media\/43678"}],"wp:attachment":[{"href":"https:\/\/gangnambeaute.com\/en\/wp-json\/wp\/v2\/media?parent=37554"}],"wp:term":[{"taxonomy":"product_brand","embeddable":true,"href":"https:\/\/gangnambeaute.com\/en\/wp-json\/wp\/v2\/product_brand?post=37554"},{"taxonomy":"product_cat","embeddable":true,"href":"https:\/\/gangnambeaute.com\/en\/wp-json\/wp\/v2\/product_cat?post=37554"},{"taxonomy":"product_tag","embeddable":true,"href":"https:\/\/gangnambeaute.com\/en\/wp-json\/wp\/v2\/product_tag?post=37554"}],"curies":[{"name":"wp","href":"https:\/\/api.w.org\/{rel}","templated":true}]}}