{"id":37505,"date":"2026-01-05T11:21:39","date_gmt":"2026-01-05T11:21:39","guid":{"rendered":"https:\/\/gangnambeaute.com\/?post_type=product&#038;p=37505"},"modified":"2026-04-11T02:54:39","modified_gmt":"2026-04-11T02:54:39","slug":"eqqualberry-bakuchiol-plumping-serum-pack-of-2-serum-visage-exclusive-kit","status":"publish","type":"product","link":"https:\/\/gangnambeaute.com\/en\/product\/eqqualberry-bakuchiol-plumping-serum-pack-of-2-serum-visage-exclusive-kit\/","title":{"rendered":"EQQUALBERRY -Bakuchiol Plumping Serum Pack of 2 &#8211; S\u00e9rum visage &#8211; Exclusive Kit"},"content":{"rendered":"<div class=\"Y3BBE\" data-sfc-cp=\"\" data-sfc-cb=\"\" data-hveid=\"CAEIARAA\" data-complete=\"true\" data-processed=\"true\"><strong>Ce s\u00e9rum sert \u00e0\u00a0raffermir la peau\u00a0et r\u00e9duire les ridules gr\u00e2ce au bakuchiol, une alternative naturelle et douce au r\u00e9tinol.<span class=\"uJ19be notranslate\" data-wiz-uids=\"ZSEGJf_d,ZSEGJf_e\" data-sfc-cb=\"\" data-complete=\"true\" data-processed=\"true\"><span class=\"vKEkVd\" data-animation-atomic=\"\" data-wiz-attrbind=\"class=ZSEGJf_c\/TKHnVd\" data-sae=\"\"><span aria-hidden=\"true\">\u00a0<\/span><\/span><\/span><\/strong><\/div>","protected":false},"excerpt":{"rendered":"<div class=\"Y3BBE\" data-sfc-cp=\"\" data-sfc-cb=\"\" data-hveid=\"CAEIAhAA\" data-processed=\"true\" data-complete=\"true\"><strong>Appliquez quelques gouttes sur le visage propre et\u00a0tapotez l\u00e9g\u00e8rement\u00a0avant votre cr\u00e8me hydratante, matin ou soir.<span class=\"uJ19be notranslate\" data-wiz-uids=\"ZSEGJf_i,ZSEGJf_j\" data-sfc-cb=\"\" data-complete=\"true\" data-processed=\"true\"><span class=\"vKEkVd\" data-animation-atomic=\"\" data-wiz-attrbind=\"class=ZSEGJf_h\/TKHnVd\" data-sae=\"\"><span aria-hidden=\"true\">\u00a0<\/span><\/span><\/span><\/strong><\/div>","protected":false},"featured_media":41758,"comment_status":"open","ping_status":"closed","template":"","meta":[],"product_brand":[1015,1060],"product_cat":[344,348,368,431,434,436,438],"product_tag":[],"class_list":{"0":"post-37505","1":"product","2":"type-product","3":"status-publish","4":"has-post-thumbnail","6":"product_brand-populare","7":"product_brand-eqqualberry-populare","8":"product_cat-skincare","9":"product_cat-soin-concentre","10":"product_cat-serums","11":"product_cat-offres","12":"product_cat-nouveautes","13":"product_cat-kits-coffrets","14":"product_cat-selection-dexperts-de-gangnam","16":"first","17":"instock","18":"sale","19":"shipping-taxable","20":"purchasable","21":"product-type-simple"},"_links":{"self":[{"href":"https:\/\/gangnambeaute.com\/en\/wp-json\/wp\/v2\/product\/37505","targetHints":{"allow":["GET"]}}],"collection":[{"href":"https:\/\/gangnambeaute.com\/en\/wp-json\/wp\/v2\/product"}],"about":[{"href":"https:\/\/gangnambeaute.com\/en\/wp-json\/wp\/v2\/types\/product"}],"replies":[{"embeddable":true,"href":"https:\/\/gangnambeaute.com\/en\/wp-json\/wp\/v2\/comments?post=37505"}],"version-history":[{"count":3,"href":"https:\/\/gangnambeaute.com\/en\/wp-json\/wp\/v2\/product\/37505\/revisions"}],"predecessor-version":[{"id":43361,"href":"https:\/\/gangnambeaute.com\/en\/wp-json\/wp\/v2\/product\/37505\/revisions\/43361"}],"wp:featuredmedia":[{"embeddable":true,"href":"https:\/\/gangnambeaute.com\/en\/wp-json\/wp\/v2\/media\/41758"}],"wp:attachment":[{"href":"https:\/\/gangnambeaute.com\/en\/wp-json\/wp\/v2\/media?parent=37505"}],"wp:term":[{"taxonomy":"product_brand","embeddable":true,"href":"https:\/\/gangnambeaute.com\/en\/wp-json\/wp\/v2\/product_brand?post=37505"},{"taxonomy":"product_cat","embeddable":true,"href":"https:\/\/gangnambeaute.com\/en\/wp-json\/wp\/v2\/product_cat?post=37505"},{"taxonomy":"product_tag","embeddable":true,"href":"https:\/\/gangnambeaute.com\/en\/wp-json\/wp\/v2\/product_tag?post=37505"}],"curies":[{"name":"wp","href":"https:\/\/api.w.org\/{rel}","templated":true}]}}