{"id":37373,"date":"2026-01-02T15:39:17","date_gmt":"2026-01-02T15:39:17","guid":{"rendered":"https:\/\/gangnambeaute.com\/?post_type=product&#038;p=37373"},"modified":"2026-04-11T02:54:36","modified_gmt":"2026-04-11T02:54:36","slug":"cosrx-moisture-power-enriched-cream-creme-visage-50ml","status":"publish","type":"product","link":"https:\/\/gangnambeaute.com\/en\/product\/cosrx-moisture-power-enriched-cream-creme-visage-50ml\/","title":{"rendered":"COSRX &#8211; Moisture Power Enriched Cream &#8211; Cr\u00e8me visage &#8211; 50ml"},"content":{"rendered":"<p><strong>Cette cr\u00e8me sert \u00e0\u00a0hydrater intens\u00e9ment et \u00e0 apaiser les peaux tr\u00e8s s\u00e8ches ou d\u00e9shydrat\u00e9es gr\u00e2ce \u00e0 la vitamine B5.<\/strong><\/p>","protected":false},"excerpt":{"rendered":"<div class=\"Y3BBE\" data-sfc-cp=\"\" data-sfc-cb=\"\" data-hveid=\"CAEIAhAA\" data-complete=\"true\" data-processed=\"true\"><strong>Appliquez une noisette sur votre\u00a0visage propre\u00a0et massez d\u00e9licatement jusqu&rsquo;\u00e0 absorption compl\u00e8te.<span class=\"uJ19be notranslate\" data-wiz-uids=\"YWeH1e_j,YWeH1e_k\" data-sfc-cb=\"\" data-complete=\"true\" data-processed=\"true\"><span class=\"vKEkVd\" data-animation-atomic=\"\" data-wiz-attrbind=\"class=YWeH1e_i\/TKHnVd\" data-sae=\"\"><span aria-hidden=\"true\">\u00a0<\/span><\/span><\/span><\/strong><\/div>","protected":false},"featured_media":41713,"comment_status":"open","ping_status":"closed","template":"","meta":[],"product_brand":[1015,1048],"product_cat":[344,348,370],"product_tag":[],"class_list":{"0":"post-37373","1":"product","2":"type-product","3":"status-publish","4":"has-post-thumbnail","6":"product_brand-populare","7":"product_brand-cosrx-populare","8":"product_cat-skincare","9":"product_cat-soin-concentre","10":"product_cat-cremes","12":"first","13":"instock","14":"sale","15":"shipping-taxable","16":"purchasable","17":"product-type-simple"},"_links":{"self":[{"href":"https:\/\/gangnambeaute.com\/en\/wp-json\/wp\/v2\/product\/37373","targetHints":{"allow":["GET"]}}],"collection":[{"href":"https:\/\/gangnambeaute.com\/en\/wp-json\/wp\/v2\/product"}],"about":[{"href":"https:\/\/gangnambeaute.com\/en\/wp-json\/wp\/v2\/types\/product"}],"replies":[{"embeddable":true,"href":"https:\/\/gangnambeaute.com\/en\/wp-json\/wp\/v2\/comments?post=37373"}],"version-history":[{"count":3,"href":"https:\/\/gangnambeaute.com\/en\/wp-json\/wp\/v2\/product\/37373\/revisions"}],"predecessor-version":[{"id":43412,"href":"https:\/\/gangnambeaute.com\/en\/wp-json\/wp\/v2\/product\/37373\/revisions\/43412"}],"wp:featuredmedia":[{"embeddable":true,"href":"https:\/\/gangnambeaute.com\/en\/wp-json\/wp\/v2\/media\/41713"}],"wp:attachment":[{"href":"https:\/\/gangnambeaute.com\/en\/wp-json\/wp\/v2\/media?parent=37373"}],"wp:term":[{"taxonomy":"product_brand","embeddable":true,"href":"https:\/\/gangnambeaute.com\/en\/wp-json\/wp\/v2\/product_brand?post=37373"},{"taxonomy":"product_cat","embeddable":true,"href":"https:\/\/gangnambeaute.com\/en\/wp-json\/wp\/v2\/product_cat?post=37373"},{"taxonomy":"product_tag","embeddable":true,"href":"https:\/\/gangnambeaute.com\/en\/wp-json\/wp\/v2\/product_tag?post=37373"}],"curies":[{"name":"wp","href":"https:\/\/api.w.org\/{rel}","templated":true}]}}