{"id":37357,"date":"2026-01-02T15:06:06","date_gmt":"2026-01-02T15:06:06","guid":{"rendered":"https:\/\/gangnambeaute.com\/?post_type=product&#038;p=37357"},"modified":"2026-04-11T02:54:35","modified_gmt":"2026-04-11T02:54:35","slug":"cosrx-refresh-aha-bha-vitamin-c-daily-cream-cream-visage-50ml","status":"publish","type":"product","link":"https:\/\/gangnambeaute.com\/en\/product\/cosrx-refresh-aha-bha-vitamin-c-daily-cream-cream-visage-50ml\/","title":{"rendered":"COSRX &#8211; Refresh AHA BHA Vitamin C Daily Cream &#8211; Cream visage &#8211; 50ml"},"content":{"rendered":"<p><strong>Cette cr\u00e8me sert \u00e0\u00a0exfolier en douceur et \u00e0 raviver l&rsquo;\u00e9clat du teint gr\u00e2ce \u00e0 l&rsquo;AHA, au BHA et \u00e0 la vitamine C.<\/strong><\/p>","protected":false},"excerpt":{"rendered":"<div class=\"Y3BBE\" data-sfc-cp=\"\" data-sfc-cb=\"\" data-hveid=\"CAEIAhAA\" data-complete=\"true\" data-processed=\"true\"><strong>Appliquez une noisette sur votre\u00a0visage propre et massez d\u00e9licatement, de pr\u00e9f\u00e9rence le soir.<\/strong><\/div>","protected":false},"featured_media":41710,"comment_status":"open","ping_status":"closed","template":"","meta":[],"product_brand":[1015,1048],"product_cat":[344,348,349,370],"product_tag":[],"class_list":{"0":"post-37357","1":"product","2":"type-product","3":"status-publish","4":"has-post-thumbnail","6":"product_brand-populare","7":"product_brand-cosrx-populare","8":"product_cat-skincare","9":"product_cat-soin-concentre","10":"product_cat-vitamine-c","11":"product_cat-cremes","13":"first","14":"outofstock","15":"sale","16":"shipping-taxable","17":"purchasable","18":"product-type-simple"},"_links":{"self":[{"href":"https:\/\/gangnambeaute.com\/en\/wp-json\/wp\/v2\/product\/37357","targetHints":{"allow":["GET"]}}],"collection":[{"href":"https:\/\/gangnambeaute.com\/en\/wp-json\/wp\/v2\/product"}],"about":[{"href":"https:\/\/gangnambeaute.com\/en\/wp-json\/wp\/v2\/types\/product"}],"replies":[{"embeddable":true,"href":"https:\/\/gangnambeaute.com\/en\/wp-json\/wp\/v2\/comments?post=37357"}],"version-history":[{"count":3,"href":"https:\/\/gangnambeaute.com\/en\/wp-json\/wp\/v2\/product\/37357\/revisions"}],"predecessor-version":[{"id":43417,"href":"https:\/\/gangnambeaute.com\/en\/wp-json\/wp\/v2\/product\/37357\/revisions\/43417"}],"wp:featuredmedia":[{"embeddable":true,"href":"https:\/\/gangnambeaute.com\/en\/wp-json\/wp\/v2\/media\/41710"}],"wp:attachment":[{"href":"https:\/\/gangnambeaute.com\/en\/wp-json\/wp\/v2\/media?parent=37357"}],"wp:term":[{"taxonomy":"product_brand","embeddable":true,"href":"https:\/\/gangnambeaute.com\/en\/wp-json\/wp\/v2\/product_brand?post=37357"},{"taxonomy":"product_cat","embeddable":true,"href":"https:\/\/gangnambeaute.com\/en\/wp-json\/wp\/v2\/product_cat?post=37357"},{"taxonomy":"product_tag","embeddable":true,"href":"https:\/\/gangnambeaute.com\/en\/wp-json\/wp\/v2\/product_tag?post=37357"}],"curies":[{"name":"wp","href":"https:\/\/api.w.org\/{rel}","templated":true}]}}