{"id":37251,"date":"2025-12-30T15:05:33","date_gmt":"2025-12-30T15:05:33","guid":{"rendered":"https:\/\/gangnambeaute.com\/?post_type=product&#038;p=37251"},"modified":"2026-04-11T02:54:28","modified_gmt":"2026-04-11T02:54:28","slug":"celimax-the-real-noni-energy-ampule-mist-brume-visage-50ml","status":"publish","type":"product","link":"https:\/\/gangnambeaute.com\/en\/product\/celimax-the-real-noni-energy-ampule-mist-brume-visage-50ml\/","title":{"rendered":"Celimax &#8211; The Real Noni Energy Ampoule Mist &#8211; Brume visage &#8211; 50ml"},"content":{"rendered":"<div class=\"Y3BBE\" data-sfc-cp=\"\" data-sfc-cb=\"\" data-hveid=\"CAEIARAA\" data-complete=\"true\" data-processed=\"true\"><strong>Cette\u00a0brume au noni hydrate instantan\u00e9ment et revitalise les peaux fatigu\u00e9es gr\u00e2ce \u00e0 ses nutriments hautement concentr\u00e9s et apaisants.<\/strong><\/div>","protected":false},"excerpt":{"rendered":"<div class=\"Y3BBE\" data-sfc-cp=\"\" data-sfc-cb=\"\" data-hveid=\"CAEIAhAA\" data-complete=\"true\" data-processed=\"true\"><strong>Vaporisez \u00e0\u00a020 cm du visage \u00e0 tout moment de la journ\u00e9e pour rafra\u00eechir ou fixer votre maquillage.<\/strong><\/div>","protected":false},"featured_media":41679,"comment_status":"open","ping_status":"closed","template":"","meta":[],"product_brand":[1015,1059],"product_cat":[344,347,348,363,364,366,369],"product_tag":[],"class_list":{"0":"post-37251","1":"product","2":"type-product","3":"status-publish","4":"has-post-thumbnail","6":"product_brand-populare","7":"product_brand-celimax-populare","8":"product_cat-skincare","9":"product_cat-toniques","10":"product_cat-soin-concentre","11":"product_cat-toniques-exfoliants","12":"product_cat-toniques-calmants","13":"product_cat-toniques-hydratants-toniques","14":"product_cat-ampoules","16":"first","17":"instock","18":"sale","19":"shipping-taxable","20":"purchasable","21":"product-type-simple"},"_links":{"self":[{"href":"https:\/\/gangnambeaute.com\/en\/wp-json\/wp\/v2\/product\/37251","targetHints":{"allow":["GET"]}}],"collection":[{"href":"https:\/\/gangnambeaute.com\/en\/wp-json\/wp\/v2\/product"}],"about":[{"href":"https:\/\/gangnambeaute.com\/en\/wp-json\/wp\/v2\/types\/product"}],"replies":[{"embeddable":true,"href":"https:\/\/gangnambeaute.com\/en\/wp-json\/wp\/v2\/comments?post=37251"}],"version-history":[{"count":3,"href":"https:\/\/gangnambeaute.com\/en\/wp-json\/wp\/v2\/product\/37251\/revisions"}],"predecessor-version":[{"id":43339,"href":"https:\/\/gangnambeaute.com\/en\/wp-json\/wp\/v2\/product\/37251\/revisions\/43339"}],"wp:featuredmedia":[{"embeddable":true,"href":"https:\/\/gangnambeaute.com\/en\/wp-json\/wp\/v2\/media\/41679"}],"wp:attachment":[{"href":"https:\/\/gangnambeaute.com\/en\/wp-json\/wp\/v2\/media?parent=37251"}],"wp:term":[{"taxonomy":"product_brand","embeddable":true,"href":"https:\/\/gangnambeaute.com\/en\/wp-json\/wp\/v2\/product_brand?post=37251"},{"taxonomy":"product_cat","embeddable":true,"href":"https:\/\/gangnambeaute.com\/en\/wp-json\/wp\/v2\/product_cat?post=37251"},{"taxonomy":"product_tag","embeddable":true,"href":"https:\/\/gangnambeaute.com\/en\/wp-json\/wp\/v2\/product_tag?post=37251"}],"curies":[{"name":"wp","href":"https:\/\/api.w.org\/{rel}","templated":true}]}}