{"id":37247,"date":"2025-12-30T14:59:37","date_gmt":"2025-12-30T14:59:37","guid":{"rendered":"https:\/\/gangnambeaute.com\/?post_type=product&#038;p=37247"},"modified":"2026-04-21T10:06:19","modified_gmt":"2026-04-21T10:06:19","slug":"celimax-noni-calming-glow-pad-disques-hydratants-50pads","status":"publish","type":"product","link":"https:\/\/gangnambeaute.com\/en\/product\/celimax-noni-calming-glow-pad-disques-hydratants-50pads\/","title":{"rendered":"Celimax &#8211; Noni Calming Glow Pad &#8211; Disques calmants &#8211; 50pads"},"content":{"rendered":"<p><strong>Ces disques au Noni et \u00e0 la niacinamide apaisent les irritations, hydratent intens\u00e9ment et resserrent les pores.<\/strong><\/p>","protected":false},"excerpt":{"rendered":"<p><strong>Appliquez-les 5 \u00e0 10 minutes\u00a0sur le visage, puis essuyez d\u00e9licatement et tapotez pour faire p\u00e9n\u00e9trer.<\/strong><\/p>","protected":false},"featured_media":41678,"comment_status":"open","ping_status":"closed","template":"","meta":[],"product_brand":[1059,1015],"product_cat":[344,347,351,363,364,366,375],"product_tag":[],"class_list":{"0":"post-37247","1":"product","2":"type-product","3":"status-publish","4":"has-post-thumbnail","6":"product_brand-celimax-populare","7":"product_brand-populare","8":"product_cat-skincare","9":"product_cat-toniques","10":"product_cat-pads","11":"product_cat-toniques-exfoliants","12":"product_cat-toniques-calmants","13":"product_cat-toniques-hydratants-toniques","14":"product_cat-toner-pads","16":"first","17":"outofstock","18":"sale","19":"shipping-taxable","20":"purchasable","21":"product-type-simple"},"_links":{"self":[{"href":"https:\/\/gangnambeaute.com\/en\/wp-json\/wp\/v2\/product\/37247","targetHints":{"allow":["GET"]}}],"collection":[{"href":"https:\/\/gangnambeaute.com\/en\/wp-json\/wp\/v2\/product"}],"about":[{"href":"https:\/\/gangnambeaute.com\/en\/wp-json\/wp\/v2\/types\/product"}],"replies":[{"embeddable":true,"href":"https:\/\/gangnambeaute.com\/en\/wp-json\/wp\/v2\/comments?post=37247"}],"version-history":[{"count":7,"href":"https:\/\/gangnambeaute.com\/en\/wp-json\/wp\/v2\/product\/37247\/revisions"}],"predecessor-version":[{"id":44285,"href":"https:\/\/gangnambeaute.com\/en\/wp-json\/wp\/v2\/product\/37247\/revisions\/44285"}],"wp:featuredmedia":[{"embeddable":true,"href":"https:\/\/gangnambeaute.com\/en\/wp-json\/wp\/v2\/media\/41678"}],"wp:attachment":[{"href":"https:\/\/gangnambeaute.com\/en\/wp-json\/wp\/v2\/media?parent=37247"}],"wp:term":[{"taxonomy":"product_brand","embeddable":true,"href":"https:\/\/gangnambeaute.com\/en\/wp-json\/wp\/v2\/product_brand?post=37247"},{"taxonomy":"product_cat","embeddable":true,"href":"https:\/\/gangnambeaute.com\/en\/wp-json\/wp\/v2\/product_cat?post=37247"},{"taxonomy":"product_tag","embeddable":true,"href":"https:\/\/gangnambeaute.com\/en\/wp-json\/wp\/v2\/product_tag?post=37247"}],"curies":[{"name":"wp","href":"https:\/\/api.w.org\/{rel}","templated":true}]}}