{"id":37245,"date":"2025-12-30T14:49:59","date_gmt":"2025-12-30T14:49:59","guid":{"rendered":"https:\/\/gangnambeaute.com\/?post_type=product&#038;p=37245"},"modified":"2026-04-11T02:54:28","modified_gmt":"2026-04-11T02:54:28","slug":"celimax-the-real-noni-energy-repair-cream-creme-visage-50ml","status":"publish","type":"product","link":"https:\/\/gangnambeaute.com\/en\/product\/celimax-the-real-noni-energy-repair-cream-creme-visage-50ml\/","title":{"rendered":"Celimax &#8211; The Real Noni Energy Repair Cream &#8211; Cr\u00e8me visage &#8211; 50ml"},"content":{"rendered":"<p><strong>Cette cr\u00e8me au noni r\u00e9pare intens\u00e9ment la barri\u00e8re cutan\u00e9e et apaise les peaux fatigu\u00e9es gr\u00e2ce \u00e0 ses nutriments revitalisants.<\/strong><\/p>","protected":false},"excerpt":{"rendered":"<div class=\"Y3BBE\" data-sfc-cp=\"\" data-sfc-cb=\"\" data-hveid=\"CAEIAhAA\" data-complete=\"true\" data-processed=\"true\"><strong>Appliquez une noisette sur le visage et le cou en\u00a0massant d\u00e9licatement\u00a0jusqu&rsquo;\u00e0 absorption compl\u00e8te, matin et soir.<span class=\"uJ19be notranslate\" data-wiz-uids=\"Yufivd_j,Yufivd_k\" data-sfc-cb=\"\" data-complete=\"true\" data-processed=\"true\"><span class=\"vKEkVd\" data-animation-atomic=\"\" data-wiz-attrbind=\"class=Yufivd_i\/TKHnVd\" data-sae=\"\"><span aria-hidden=\"true\">\u00a0<\/span><\/span><\/span><\/strong><\/div>","protected":false},"featured_media":41674,"comment_status":"open","ping_status":"closed","template":"","meta":[],"product_brand":[1015,1059],"product_cat":[344,348,370],"product_tag":[],"class_list":{"0":"post-37245","1":"product","2":"type-product","3":"status-publish","4":"has-post-thumbnail","6":"product_brand-populare","7":"product_brand-celimax-populare","8":"product_cat-skincare","9":"product_cat-soin-concentre","10":"product_cat-cremes","12":"first","13":"instock","14":"sale","15":"shipping-taxable","16":"purchasable","17":"product-type-simple"},"_links":{"self":[{"href":"https:\/\/gangnambeaute.com\/en\/wp-json\/wp\/v2\/product\/37245","targetHints":{"allow":["GET"]}}],"collection":[{"href":"https:\/\/gangnambeaute.com\/en\/wp-json\/wp\/v2\/product"}],"about":[{"href":"https:\/\/gangnambeaute.com\/en\/wp-json\/wp\/v2\/types\/product"}],"replies":[{"embeddable":true,"href":"https:\/\/gangnambeaute.com\/en\/wp-json\/wp\/v2\/comments?post=37245"}],"version-history":[{"count":2,"href":"https:\/\/gangnambeaute.com\/en\/wp-json\/wp\/v2\/product\/37245\/revisions"}],"predecessor-version":[{"id":43345,"href":"https:\/\/gangnambeaute.com\/en\/wp-json\/wp\/v2\/product\/37245\/revisions\/43345"}],"wp:featuredmedia":[{"embeddable":true,"href":"https:\/\/gangnambeaute.com\/en\/wp-json\/wp\/v2\/media\/41674"}],"wp:attachment":[{"href":"https:\/\/gangnambeaute.com\/en\/wp-json\/wp\/v2\/media?parent=37245"}],"wp:term":[{"taxonomy":"product_brand","embeddable":true,"href":"https:\/\/gangnambeaute.com\/en\/wp-json\/wp\/v2\/product_brand?post=37245"},{"taxonomy":"product_cat","embeddable":true,"href":"https:\/\/gangnambeaute.com\/en\/wp-json\/wp\/v2\/product_cat?post=37245"},{"taxonomy":"product_tag","embeddable":true,"href":"https:\/\/gangnambeaute.com\/en\/wp-json\/wp\/v2\/product_tag?post=37245"}],"curies":[{"name":"wp","href":"https:\/\/api.w.org\/{rel}","templated":true}]}}