{"id":37128,"date":"2025-12-22T12:54:33","date_gmt":"2025-12-22T12:54:33","guid":{"rendered":"https:\/\/gangnambeaute.com\/?post_type=product&#038;p=37128"},"modified":"2026-04-11T02:54:25","modified_gmt":"2026-04-11T02:54:25","slug":"medicube-red-succinic-acid-peeling-pad-disques-exfoliants-70-pads","status":"publish","type":"product","link":"https:\/\/gangnambeaute.com\/en\/product\/medicube-red-succinic-acid-peeling-pad-disques-exfoliants-70-pads\/","title":{"rendered":"Medicube &#8211; Red Succinic Acid Peeling Pad &#8211; Disques Exfoliants &#8211; 70 Pads"},"content":{"rendered":"<p><strong>Ces disques \u00e0 l&rsquo;acide succinique et salicylique exfolient en douceur et d\u00e9sobstruent les pores pour r\u00e9duire l&rsquo;acn\u00e9 et l&rsquo;exc\u00e8s de s\u00e9bum.<\/strong><\/p>","protected":false},"excerpt":{"rendered":"<p><strong>\u00a0Passez le\u00a0c\u00f4t\u00e9 textur\u00e9\u00a0sur visage propre pour exfolier, puis le\u00a0c\u00f4t\u00e9 doux\u00a0pour apaiser (ne pas rincer).<span class=\"uJ19be notranslate\" data-wiz-uids=\"HelNL_l,HelNL_m\" data-sfc-cb=\"\" data-complete=\"true\" data-processed=\"true\"><span class=\"vKEkVd\" data-animation-atomic=\"\" data-wiz-attrbind=\"class=HelNL_k\/TKHnVd\" data-sae=\"\"><span aria-hidden=\"true\" aria-owns=\"action-menu-parent-container\">\u00a0<\/span><\/span><\/span><\/strong><\/p>","protected":false},"featured_media":42958,"comment_status":"open","ping_status":"closed","template":"","meta":[],"product_brand":[1058,1015],"product_cat":[344,347,351,363,364,366,375],"product_tag":[],"class_list":{"0":"post-37128","1":"product","2":"type-product","3":"status-publish","4":"has-post-thumbnail","6":"product_brand-medicube-populare","7":"product_brand-populare","8":"product_cat-skincare","9":"product_cat-toniques","10":"product_cat-pads","11":"product_cat-toniques-exfoliants","12":"product_cat-toniques-calmants","13":"product_cat-toniques-hydratants-toniques","14":"product_cat-toner-pads","16":"first","17":"outofstock","18":"sale","19":"shipping-taxable","20":"purchasable","21":"product-type-simple"},"_links":{"self":[{"href":"https:\/\/gangnambeaute.com\/en\/wp-json\/wp\/v2\/product\/37128","targetHints":{"allow":["GET"]}}],"collection":[{"href":"https:\/\/gangnambeaute.com\/en\/wp-json\/wp\/v2\/product"}],"about":[{"href":"https:\/\/gangnambeaute.com\/en\/wp-json\/wp\/v2\/types\/product"}],"replies":[{"embeddable":true,"href":"https:\/\/gangnambeaute.com\/en\/wp-json\/wp\/v2\/comments?post=37128"}],"version-history":[{"count":3,"href":"https:\/\/gangnambeaute.com\/en\/wp-json\/wp\/v2\/product\/37128\/revisions"}],"predecessor-version":[{"id":42959,"href":"https:\/\/gangnambeaute.com\/en\/wp-json\/wp\/v2\/product\/37128\/revisions\/42959"}],"wp:featuredmedia":[{"embeddable":true,"href":"https:\/\/gangnambeaute.com\/en\/wp-json\/wp\/v2\/media\/42958"}],"wp:attachment":[{"href":"https:\/\/gangnambeaute.com\/en\/wp-json\/wp\/v2\/media?parent=37128"}],"wp:term":[{"taxonomy":"product_brand","embeddable":true,"href":"https:\/\/gangnambeaute.com\/en\/wp-json\/wp\/v2\/product_brand?post=37128"},{"taxonomy":"product_cat","embeddable":true,"href":"https:\/\/gangnambeaute.com\/en\/wp-json\/wp\/v2\/product_cat?post=37128"},{"taxonomy":"product_tag","embeddable":true,"href":"https:\/\/gangnambeaute.com\/en\/wp-json\/wp\/v2\/product_tag?post=37128"}],"curies":[{"name":"wp","href":"https:\/\/api.w.org\/{rel}","templated":true}]}}