{"id":37054,"date":"2025-12-22T10:13:39","date_gmt":"2025-12-22T10:13:39","guid":{"rendered":"https:\/\/gangnambeaute.com\/?post_type=product&#038;p=37054"},"modified":"2026-05-03T13:12:54","modified_gmt":"2026-05-03T13:12:54","slug":"medicube-azelaic-acid-16-bb-calming-serum-serum-visage-30ml","status":"publish","type":"product","link":"https:\/\/gangnambeaute.com\/en\/product\/medicube-azelaic-acid-16-bb-calming-serum-serum-visage-30ml\/","title":{"rendered":"Medicube &#8211; Azelaic Acid 16 BB Calming Serum &#8211; S\u00e9rum Visage &#8211; 30ml"},"content":{"rendered":"<p>Ingr\u00e9dients\u00a0:<\/p>\n<p>Eau (Aqua), acide az\u00e9la\u00efque, butyl\u00e8ne glycol, propanediol, hydroxyde de sodium, propyl\u00e8ne glycol, alcool d\u00e9natur\u00e9, 1,2-hexanediol, niacinamide, acide citrique, caprylate de glyc\u00e9ryle, extrait de feuille de Melia Azadirachta, extrait de fleur de Melia Azadirachta, extrait de fruit de Coccinia Indica, extrait de fleur d&rsquo;Aloe Barbadensis, extrait de fruit de Solanum Melongena (aubergine), extrait de feuille d&rsquo;Ocimum Sanctum, allanto\u00efne, extrait de Centella Asiatica, panth\u00e9nol, extrait de racine de Curcuma Longa (curcuma), extrait de Corallina Officinalis, acide pantoth\u00e9nique, mononucl\u00e9otide de nicotinamide, prot\u00e9ine de pois hydrolys\u00e9e, phytost\u00e9rols, l\u00e9cithine, huile de fruit d&rsquo;Olea Europaea (olive), squalane, beurre de Butyrospermum Parkii (karit\u00e9), c\u00e9ramide Np.<\/p>\n<p>Bienfaits et avantages\u00a0:<\/p>\n<p>-Ce s\u00e9rum aide \u00e0 \u00e9liminer le s\u00e9bum et hydrate rapidement gr\u00e2ce \u00e0 sa forte concentration en acide az\u00e9la\u00efque.<\/p>\n<p>-Faiblement irritant, test\u00e9 pour les peaux sensibles.<\/p>\n<p>-Pr\u00e9vient le rugosit\u00e9 de la peau et r\u00e9duit le s\u00e9bum tout en pr\u00e9venant la s\u00e9cheresse et en am\u00e9liorant l&rsquo;\u00e9quilibre lipidique de la peau.<\/p>\n<p>Mode d\u2019utilisation\u00a0:<\/p>\n<p>Appliquez une quantit\u00e9 appropri\u00e9e apr\u00e8s avoir tonifi\u00e9 la peau.<\/p>","protected":false},"excerpt":{"rendered":"<p>Ingr\u00e9dients\u00a0: Eau (Aqua), acide az\u00e9la\u00efque, butyl\u00e8ne glycol, propanediol, hydroxyde de sodium, propyl\u00e8ne glycol, alcool d\u00e9natur\u00e9, 1,2-hexanediol, niacinamide, acide citrique, caprylate<\/p>","protected":false},"featured_media":41592,"comment_status":"open","ping_status":"closed","template":"","meta":[],"product_brand":[1015,1058],"product_cat":[344,348,368,369],"product_tag":[666],"class_list":{"0":"post-37054","1":"product","2":"type-product","3":"status-publish","4":"has-post-thumbnail","6":"product_brand-populare","7":"product_brand-medicube-populare","8":"product_cat-skincare","9":"product_cat-soin-concentre","10":"product_cat-serums","11":"product_cat-ampoules","12":"product_tag-coupcoeur","14":"first","15":"instock","16":"sale","17":"shipping-taxable","18":"purchasable","19":"product-type-simple"},"_links":{"self":[{"href":"https:\/\/gangnambeaute.com\/en\/wp-json\/wp\/v2\/product\/37054","targetHints":{"allow":["GET"]}}],"collection":[{"href":"https:\/\/gangnambeaute.com\/en\/wp-json\/wp\/v2\/product"}],"about":[{"href":"https:\/\/gangnambeaute.com\/en\/wp-json\/wp\/v2\/types\/product"}],"replies":[{"embeddable":true,"href":"https:\/\/gangnambeaute.com\/en\/wp-json\/wp\/v2\/comments?post=37054"}],"version-history":[{"count":4,"href":"https:\/\/gangnambeaute.com\/en\/wp-json\/wp\/v2\/product\/37054\/revisions"}],"predecessor-version":[{"id":42809,"href":"https:\/\/gangnambeaute.com\/en\/wp-json\/wp\/v2\/product\/37054\/revisions\/42809"}],"wp:featuredmedia":[{"embeddable":true,"href":"https:\/\/gangnambeaute.com\/en\/wp-json\/wp\/v2\/media\/41592"}],"wp:attachment":[{"href":"https:\/\/gangnambeaute.com\/en\/wp-json\/wp\/v2\/media?parent=37054"}],"wp:term":[{"taxonomy":"product_brand","embeddable":true,"href":"https:\/\/gangnambeaute.com\/en\/wp-json\/wp\/v2\/product_brand?post=37054"},{"taxonomy":"product_cat","embeddable":true,"href":"https:\/\/gangnambeaute.com\/en\/wp-json\/wp\/v2\/product_cat?post=37054"},{"taxonomy":"product_tag","embeddable":true,"href":"https:\/\/gangnambeaute.com\/en\/wp-json\/wp\/v2\/product_tag?post=37054"}],"curies":[{"name":"wp","href":"https:\/\/api.w.org\/{rel}","templated":true}]}}