{"id":36989,"date":"2025-12-14T23:49:06","date_gmt":"2025-12-14T23:49:06","guid":{"rendered":"https:\/\/gangnambeaute.com\/?post_type=product&#038;p=36989"},"modified":"2026-04-11T02:54:17","modified_gmt":"2026-04-11T02:54:17","slug":"eqqualberry-vitamin-illuminating-toner-toner-hydratant-150-ml","status":"publish","type":"product","link":"https:\/\/gangnambeaute.com\/en\/product\/eqqualberry-vitamin-illuminating-toner-toner-hydratant-150-ml\/","title":{"rendered":"EQQUALBERRY &#8211; Vitamin Illuminating Toner &#8211; Tonique hydratant &#8211; 150 ml"},"content":{"rendered":"<p><strong>Ce tonique sert \u00e0 illuminer le teint terne et \u00e0 hydrater la peau gr\u00e2ce \u00e0 son complexe de vitamines antioxydantes.<\/strong><\/p>","protected":false},"excerpt":{"rendered":"<div class=\"Y3BBE\" data-sfc-cp=\"\" data-sfc-cb=\"\" data-hveid=\"CAEIAhAA\" data-complete=\"true\" data-processed=\"true\"><strong>Appliquez le produit sur votre\u00a0visage propre\u00a0\u00e0 l&rsquo;aide d&rsquo;un coton ou directement avec les mains en tapotant doucement.<span class=\"uJ19be notranslate\" data-wiz-uids=\"u2Yw8_j,u2Yw8_k\" data-sfc-cb=\"\" data-complete=\"true\" data-processed=\"true\"><span class=\"vKEkVd\" data-animation-atomic=\"\" data-wiz-attrbind=\"class=u2Yw8_i\/TKHnVd\" data-sae=\"\"><span aria-hidden=\"true\">\u00a0<\/span><\/span><\/span><\/strong><\/div>","protected":false},"featured_media":43376,"comment_status":"open","ping_status":"closed","template":"","meta":[],"product_brand":[1015,1060],"product_cat":[344,347,363,364,366,429],"product_tag":[],"class_list":{"0":"post-36989","1":"product","2":"type-product","3":"status-publish","4":"has-post-thumbnail","6":"product_brand-populare","7":"product_brand-eqqualberry-populare","8":"product_cat-skincare","9":"product_cat-toniques","10":"product_cat-toniques-exfoliants","11":"product_cat-toniques-calmants","12":"product_cat-toniques-hydratants-toniques","13":"product_cat-soldes","15":"first","16":"outofstock","17":"sale","18":"shipping-taxable","19":"purchasable","20":"product-type-simple"},"_links":{"self":[{"href":"https:\/\/gangnambeaute.com\/en\/wp-json\/wp\/v2\/product\/36989","targetHints":{"allow":["GET"]}}],"collection":[{"href":"https:\/\/gangnambeaute.com\/en\/wp-json\/wp\/v2\/product"}],"about":[{"href":"https:\/\/gangnambeaute.com\/en\/wp-json\/wp\/v2\/types\/product"}],"replies":[{"embeddable":true,"href":"https:\/\/gangnambeaute.com\/en\/wp-json\/wp\/v2\/comments?post=36989"}],"version-history":[{"count":4,"href":"https:\/\/gangnambeaute.com\/en\/wp-json\/wp\/v2\/product\/36989\/revisions"}],"predecessor-version":[{"id":43377,"href":"https:\/\/gangnambeaute.com\/en\/wp-json\/wp\/v2\/product\/36989\/revisions\/43377"}],"wp:featuredmedia":[{"embeddable":true,"href":"https:\/\/gangnambeaute.com\/en\/wp-json\/wp\/v2\/media\/43376"}],"wp:attachment":[{"href":"https:\/\/gangnambeaute.com\/en\/wp-json\/wp\/v2\/media?parent=36989"}],"wp:term":[{"taxonomy":"product_brand","embeddable":true,"href":"https:\/\/gangnambeaute.com\/en\/wp-json\/wp\/v2\/product_brand?post=36989"},{"taxonomy":"product_cat","embeddable":true,"href":"https:\/\/gangnambeaute.com\/en\/wp-json\/wp\/v2\/product_cat?post=36989"},{"taxonomy":"product_tag","embeddable":true,"href":"https:\/\/gangnambeaute.com\/en\/wp-json\/wp\/v2\/product_tag?post=36989"}],"curies":[{"name":"wp","href":"https:\/\/api.w.org\/{rel}","templated":true}]}}