{"id":36936,"date":"2025-12-08T00:17:37","date_gmt":"2025-12-08T00:17:37","guid":{"rendered":"https:\/\/gangnambeaute.com\/?post_type=product&#038;p=36936"},"modified":"2026-04-24T13:53:34","modified_gmt":"2026-04-24T13:53:34","slug":"medicube-pdrn-pink-niacinamide-whip-cleanser-gel-nettoyant-120-g","status":"publish","type":"product","link":"https:\/\/gangnambeaute.com\/en\/product\/medicube-pdrn-pink-niacinamide-whip-cleanser-gel-nettoyant-120-g\/","title":{"rendered":"Medicube &#8211; PDRN Pink Niacinamide Whip Cleanser &#8211; Gel nettoyant &#8211; 120 G"},"content":{"rendered":"<p>&nbsp;<\/p>\n<p>&nbsp;<\/p>\n<p><strong>Ce nettoyant au PDRN de saumon (99 %) et \u00e0 la niacinamide purifie les pores en \u00e9liminant 98,98 % des impuret\u00e9s tout en lissant le grain de peau. Sa formule aux c\u00e9ramides nettoie en profondeur sans dess\u00e9cher pour un teint net et hydrat\u00e9.<\/strong><\/p>","protected":false},"excerpt":{"rendered":"<p><strong>Appliquez une noisette de produit sur votre visage humide, massez d\u00e9licatement pour faire mousser et \u00e9liminer les impuret\u00e9s, puis rincez abondamment \u00e0 l&rsquo;eau ti\u00e8de<\/strong><\/p>","protected":false},"featured_media":44349,"comment_status":"open","ping_status":"closed","template":"","meta":[],"product_brand":[1015,1058],"product_cat":[344,346,360,429],"product_tag":[],"class_list":{"0":"post-36936","1":"product","2":"type-product","3":"status-publish","4":"has-post-thumbnail","6":"product_brand-populare","7":"product_brand-medicube-populare","8":"product_cat-skincare","9":"product_cat-nettoyants","10":"product_cat-gels-nettoyants","11":"product_cat-soldes","13":"first","14":"instock","15":"sale","16":"shipping-taxable","17":"purchasable","18":"product-type-simple"},"_links":{"self":[{"href":"https:\/\/gangnambeaute.com\/en\/wp-json\/wp\/v2\/product\/36936","targetHints":{"allow":["GET"]}}],"collection":[{"href":"https:\/\/gangnambeaute.com\/en\/wp-json\/wp\/v2\/product"}],"about":[{"href":"https:\/\/gangnambeaute.com\/en\/wp-json\/wp\/v2\/types\/product"}],"replies":[{"embeddable":true,"href":"https:\/\/gangnambeaute.com\/en\/wp-json\/wp\/v2\/comments?post=36936"}],"version-history":[{"count":3,"href":"https:\/\/gangnambeaute.com\/en\/wp-json\/wp\/v2\/product\/36936\/revisions"}],"predecessor-version":[{"id":42820,"href":"https:\/\/gangnambeaute.com\/en\/wp-json\/wp\/v2\/product\/36936\/revisions\/42820"}],"wp:featuredmedia":[{"embeddable":true,"href":"https:\/\/gangnambeaute.com\/en\/wp-json\/wp\/v2\/media\/44349"}],"wp:attachment":[{"href":"https:\/\/gangnambeaute.com\/en\/wp-json\/wp\/v2\/media?parent=36936"}],"wp:term":[{"taxonomy":"product_brand","embeddable":true,"href":"https:\/\/gangnambeaute.com\/en\/wp-json\/wp\/v2\/product_brand?post=36936"},{"taxonomy":"product_cat","embeddable":true,"href":"https:\/\/gangnambeaute.com\/en\/wp-json\/wp\/v2\/product_cat?post=36936"},{"taxonomy":"product_tag","embeddable":true,"href":"https:\/\/gangnambeaute.com\/en\/wp-json\/wp\/v2\/product_tag?post=36936"}],"curies":[{"name":"wp","href":"https:\/\/api.w.org\/{rel}","templated":true}]}}