{"id":36854,"date":"2025-12-05T10:32:10","date_gmt":"2025-12-05T10:32:10","guid":{"rendered":"https:\/\/gangnambeaute.com\/?post_type=product&#038;p=36854"},"modified":"2026-05-03T13:14:24","modified_gmt":"2026-05-03T13:14:24","slug":"medicube-deep-vita-c-capsule-cream-creme-eclaircissante-55-g","status":"publish","type":"product","link":"https:\/\/gangnambeaute.com\/en\/product\/medicube-deep-vita-c-capsule-cream-creme-eclaircissante-55-g\/","title":{"rendered":"Medicube &#8211; Deep Vita C Capsule Cream &#8211; Cr\u00e8me \u00e9claircissante &#8211; 55 G"},"content":{"rendered":"<p><strong>Cette cr\u00e8me aux capsules de vitamine C et niacinamide revitalise intens\u00e9ment les peaux ternes et booste l&rsquo;\u00e9clat en profondeur, tout en \u00e9tant douce pour les peaux sensibles. <\/strong><\/p>","protected":false},"excerpt":{"rendered":"<div class=\"Y3BBE\" data-sfc-cp=\"\" data-sfc-cb=\"\" data-hveid=\"CAEIARAA\" data-processed=\"true\" data-complete=\"true\"><strong>Il est pr\u00e9f\u00e9rable de l&rsquo;utiliser le\u00a0matin\u00a0pour prot\u00e9ger votre peau des agressions ext\u00e9rieures, ou le\u00a0soir\u00a0pour une revitalisation intense pendant votre sommeil.<button class=\"rBl3me\" tabindex=\"0\" data-amic=\"true\" data-icl-uuid=\"f45f105b-f4e9-4042-8dfb-d6e0ff859d51\" aria-label=\"Afficher les liens associ\u00e9s\" data-wiz-attrbind=\"disabled=kpNwxe_d\/C5gNJc;aria-label=kpNwxe_d\/bOjMyf;class=kpNwxe_d\/UpSNec\" data-ved=\"2ahUKEwi0_ejwmoaTAxUAoScCHZA2D2wQye0OegYIAQgBEAE\" data-hveid=\"CAEIARAB\"><\/button><\/strong><\/div>","protected":false},"featured_media":42971,"comment_status":"open","ping_status":"closed","template":"","meta":[],"product_brand":[1015,1058],"product_cat":[344,348,370,429],"product_tag":[],"class_list":{"0":"post-36854","1":"product","2":"type-product","3":"status-publish","4":"has-post-thumbnail","6":"product_brand-populare","7":"product_brand-medicube-populare","8":"product_cat-skincare","9":"product_cat-soin-concentre","10":"product_cat-cremes","11":"product_cat-soldes","13":"first","14":"instock","15":"sale","16":"shipping-taxable","17":"purchasable","18":"product-type-simple"},"_links":{"self":[{"href":"https:\/\/gangnambeaute.com\/en\/wp-json\/wp\/v2\/product\/36854","targetHints":{"allow":["GET"]}}],"collection":[{"href":"https:\/\/gangnambeaute.com\/en\/wp-json\/wp\/v2\/product"}],"about":[{"href":"https:\/\/gangnambeaute.com\/en\/wp-json\/wp\/v2\/types\/product"}],"replies":[{"embeddable":true,"href":"https:\/\/gangnambeaute.com\/en\/wp-json\/wp\/v2\/comments?post=36854"}],"version-history":[{"count":2,"href":"https:\/\/gangnambeaute.com\/en\/wp-json\/wp\/v2\/product\/36854\/revisions"}],"predecessor-version":[{"id":42906,"href":"https:\/\/gangnambeaute.com\/en\/wp-json\/wp\/v2\/product\/36854\/revisions\/42906"}],"wp:featuredmedia":[{"embeddable":true,"href":"https:\/\/gangnambeaute.com\/en\/wp-json\/wp\/v2\/media\/42971"}],"wp:attachment":[{"href":"https:\/\/gangnambeaute.com\/en\/wp-json\/wp\/v2\/media?parent=36854"}],"wp:term":[{"taxonomy":"product_brand","embeddable":true,"href":"https:\/\/gangnambeaute.com\/en\/wp-json\/wp\/v2\/product_brand?post=36854"},{"taxonomy":"product_cat","embeddable":true,"href":"https:\/\/gangnambeaute.com\/en\/wp-json\/wp\/v2\/product_cat?post=36854"},{"taxonomy":"product_tag","embeddable":true,"href":"https:\/\/gangnambeaute.com\/en\/wp-json\/wp\/v2\/product_tag?post=36854"}],"curies":[{"name":"wp","href":"https:\/\/api.w.org\/{rel}","templated":true}]}}