{"id":36847,"date":"2025-12-05T10:21:20","date_gmt":"2025-12-05T10:21:20","guid":{"rendered":"https:\/\/gangnambeaute.com\/?post_type=product&#038;p=36847"},"modified":"2026-05-10T18:12:38","modified_gmt":"2026-05-10T18:12:38","slug":"medicube-pdrn-pink-collagen-capsule-cream-creme-55g","status":"publish","type":"product","link":"https:\/\/gangnambeaute.com\/en\/product\/medicube-pdrn-pink-collagen-capsule-cream-creme-55g\/","title":{"rendered":"Medicube &#8211; PDRN Pink Collagen Capsule Cream &#8211; Cr\u00e8me &#8211; 55G"},"content":{"rendered":"<p>&nbsp;<\/p>\n<p><strong>Cette cr\u00e8me aux capsules de collag\u00e8ne rose et PDRN de saumon raffermit et unifie le teint pour un fini \u00e9clatant \u00ab\u00a0<\/strong><\/p>\n<p>&nbsp;<\/p>","protected":false},"excerpt":{"rendered":"<p><strong>Appliquez le produit sur votre visage lors de la derni\u00e8re \u00e9tape de votre routine de soin.<\/strong><\/p>","protected":false},"featured_media":44353,"comment_status":"open","ping_status":"closed","template":"","meta":[],"product_brand":[1015,1058],"product_cat":[344,348,370,429],"product_tag":[],"class_list":{"0":"post-36847","1":"product","2":"type-product","3":"status-publish","4":"has-post-thumbnail","6":"product_brand-populare","7":"product_brand-medicube-populare","8":"product_cat-skincare","9":"product_cat-soin-concentre","10":"product_cat-cremes","11":"product_cat-soldes","13":"first","14":"outofstock","15":"sale","16":"shipping-taxable","17":"purchasable","18":"product-type-simple"},"_links":{"self":[{"href":"https:\/\/gangnambeaute.com\/en\/wp-json\/wp\/v2\/product\/36847","targetHints":{"allow":["GET"]}}],"collection":[{"href":"https:\/\/gangnambeaute.com\/en\/wp-json\/wp\/v2\/product"}],"about":[{"href":"https:\/\/gangnambeaute.com\/en\/wp-json\/wp\/v2\/types\/product"}],"replies":[{"embeddable":true,"href":"https:\/\/gangnambeaute.com\/en\/wp-json\/wp\/v2\/comments?post=36847"}],"version-history":[{"count":2,"href":"https:\/\/gangnambeaute.com\/en\/wp-json\/wp\/v2\/product\/36847\/revisions"}],"predecessor-version":[{"id":42885,"href":"https:\/\/gangnambeaute.com\/en\/wp-json\/wp\/v2\/product\/36847\/revisions\/42885"}],"wp:featuredmedia":[{"embeddable":true,"href":"https:\/\/gangnambeaute.com\/en\/wp-json\/wp\/v2\/media\/44353"}],"wp:attachment":[{"href":"https:\/\/gangnambeaute.com\/en\/wp-json\/wp\/v2\/media?parent=36847"}],"wp:term":[{"taxonomy":"product_brand","embeddable":true,"href":"https:\/\/gangnambeaute.com\/en\/wp-json\/wp\/v2\/product_brand?post=36847"},{"taxonomy":"product_cat","embeddable":true,"href":"https:\/\/gangnambeaute.com\/en\/wp-json\/wp\/v2\/product_cat?post=36847"},{"taxonomy":"product_tag","embeddable":true,"href":"https:\/\/gangnambeaute.com\/en\/wp-json\/wp\/v2\/product_tag?post=36847"}],"curies":[{"name":"wp","href":"https:\/\/api.w.org\/{rel}","templated":true}]}}