{"id":36728,"date":"2025-11-18T19:09:14","date_gmt":"2025-11-18T19:09:14","guid":{"rendered":"https:\/\/gangnambeaute.com\/?post_type=product&#038;p=36728"},"modified":"2026-04-11T02:54:10","modified_gmt":"2026-04-11T02:54:10","slug":"seapuri-lashrum-eyelash-enhancing-serum-serum-volumateur-cils-10-g","status":"publish","type":"product","link":"https:\/\/gangnambeaute.com\/en\/product\/seapuri-lashrum-eyelash-enhancing-serum-serum-volumateur-cils-10-g\/","title":{"rendered":"Seapuri &#8211; Lashrum Eyelash Enhancing Serum &#8211; S\u00e9rum volumateur cils &#8211; 10 g"},"content":{"rendered":"<p><strong>Ce s\u00e9rum hypoallerg\u00e9nique au pH neutre fortifie et \u00e9paissit vos cils gr\u00e2ce \u00e0 la biotine et aux peptides, stimulant leur croissance sans aucune irritation oculaire.<\/strong><\/p>\n<p>&nbsp;<\/p>","protected":false},"excerpt":{"rendered":"<p><strong>Massez le s\u00e9rum\u00a0capillaire\u00a0sur votre cuir chevelu avec l&#8217;embout triple rouleau, puis appliquez le soin\u00a0cils\u00a0de la racine aux pointes \u00e0 l&rsquo;aide de sa brosse \u00e0 pointe ronde.<\/strong><\/p>","protected":false},"featured_media":41475,"comment_status":"open","ping_status":"closed","template":"","meta":[],"product_brand":[1015,1033],"product_cat":[353,380,432,435],"product_tag":[],"class_list":{"0":"post-36728","1":"product","2":"type-product","3":"status-publish","4":"has-post-thumbnail","6":"product_brand-populare","7":"product_brand-seapuri","8":"product_cat-soins-des-yeux","9":"product_cat-masque-pour-les-yeux","10":"product_cat-meilleurs-ventes","11":"product_cat-retour-en-stock","13":"first","14":"outofstock","15":"sale","16":"shipping-taxable","17":"purchasable","18":"product-type-simple"},"_links":{"self":[{"href":"https:\/\/gangnambeaute.com\/en\/wp-json\/wp\/v2\/product\/36728","targetHints":{"allow":["GET"]}}],"collection":[{"href":"https:\/\/gangnambeaute.com\/en\/wp-json\/wp\/v2\/product"}],"about":[{"href":"https:\/\/gangnambeaute.com\/en\/wp-json\/wp\/v2\/types\/product"}],"replies":[{"embeddable":true,"href":"https:\/\/gangnambeaute.com\/en\/wp-json\/wp\/v2\/comments?post=36728"}],"version-history":[{"count":2,"href":"https:\/\/gangnambeaute.com\/en\/wp-json\/wp\/v2\/product\/36728\/revisions"}],"predecessor-version":[{"id":44139,"href":"https:\/\/gangnambeaute.com\/en\/wp-json\/wp\/v2\/product\/36728\/revisions\/44139"}],"wp:featuredmedia":[{"embeddable":true,"href":"https:\/\/gangnambeaute.com\/en\/wp-json\/wp\/v2\/media\/41475"}],"wp:attachment":[{"href":"https:\/\/gangnambeaute.com\/en\/wp-json\/wp\/v2\/media?parent=36728"}],"wp:term":[{"taxonomy":"product_brand","embeddable":true,"href":"https:\/\/gangnambeaute.com\/en\/wp-json\/wp\/v2\/product_brand?post=36728"},{"taxonomy":"product_cat","embeddable":true,"href":"https:\/\/gangnambeaute.com\/en\/wp-json\/wp\/v2\/product_cat?post=36728"},{"taxonomy":"product_tag","embeddable":true,"href":"https:\/\/gangnambeaute.com\/en\/wp-json\/wp\/v2\/product_tag?post=36728"}],"curies":[{"name":"wp","href":"https:\/\/api.w.org\/{rel}","templated":true}]}}