{"id":36575,"date":"2025-10-21T08:31:18","date_gmt":"2025-10-21T08:31:18","guid":{"rendered":"https:\/\/gangnambeaute.com\/?post_type=product&#038;p=36575"},"modified":"2026-04-11T02:54:05","modified_gmt":"2026-04-11T02:54:05","slug":"eqqualberry-aloe-pdrn-calming-serum-serum-30-ml","status":"publish","type":"product","link":"https:\/\/gangnambeaute.com\/en\/product\/eqqualberry-aloe-pdrn-calming-serum-serum-30-ml\/","title":{"rendered":"EQQUALBERRY &#8211; Aloe PDRN Calming Serum &#8211; S\u00e9rum &#8211; 30 ml"},"content":{"rendered":"<p><strong>Ce s\u00e9rum sert \u00e0\u00a0apaiser les rougeurs et \u00e0 r\u00e9parer la barri\u00e8re cutan\u00e9e gr\u00e2ce \u00e0 l&rsquo;alo\u00e8s et au PDRN.<\/strong><\/p>","protected":false},"excerpt":{"rendered":"<div class=\"Y3BBE\" data-sfc-cp=\"\" data-sfc-cb=\"\" data-hveid=\"CAEIAhAA\" data-processed=\"true\" data-complete=\"true\"><strong>Appliquez quelques gouttes sur votre\u00a0visage propre\u00a0et tapotez doucement jusqu&rsquo;\u00e0 absorption compl\u00e8te.<span class=\"uJ19be notranslate\" data-wiz-uids=\"U6IgBe_j,U6IgBe_k\" data-sfc-cb=\"\" data-complete=\"true\" data-processed=\"true\"><span class=\"vKEkVd\" data-animation-atomic=\"\" data-wiz-attrbind=\"class=U6IgBe_i\/TKHnVd\" data-sae=\"\"><span aria-hidden=\"true\">\u00a0<\/span><\/span><\/span><\/strong><\/div>","protected":false},"featured_media":43401,"comment_status":"open","ping_status":"closed","template":"","meta":[],"product_brand":[1015,1060],"product_cat":[344,348,368,369,429,431,434],"product_tag":[],"class_list":{"0":"post-36575","1":"product","2":"type-product","3":"status-publish","4":"has-post-thumbnail","6":"product_brand-populare","7":"product_brand-eqqualberry-populare","8":"product_cat-skincare","9":"product_cat-soin-concentre","10":"product_cat-serums","11":"product_cat-ampoules","12":"product_cat-soldes","13":"product_cat-offres","14":"product_cat-nouveautes","16":"first","17":"instock","18":"sale","19":"shipping-taxable","20":"purchasable","21":"product-type-simple"},"_links":{"self":[{"href":"https:\/\/gangnambeaute.com\/en\/wp-json\/wp\/v2\/product\/36575","targetHints":{"allow":["GET"]}}],"collection":[{"href":"https:\/\/gangnambeaute.com\/en\/wp-json\/wp\/v2\/product"}],"about":[{"href":"https:\/\/gangnambeaute.com\/en\/wp-json\/wp\/v2\/types\/product"}],"replies":[{"embeddable":true,"href":"https:\/\/gangnambeaute.com\/en\/wp-json\/wp\/v2\/comments?post=36575"}],"version-history":[{"count":4,"href":"https:\/\/gangnambeaute.com\/en\/wp-json\/wp\/v2\/product\/36575\/revisions"}],"predecessor-version":[{"id":43402,"href":"https:\/\/gangnambeaute.com\/en\/wp-json\/wp\/v2\/product\/36575\/revisions\/43402"}],"wp:featuredmedia":[{"embeddable":true,"href":"https:\/\/gangnambeaute.com\/en\/wp-json\/wp\/v2\/media\/43401"}],"wp:attachment":[{"href":"https:\/\/gangnambeaute.com\/en\/wp-json\/wp\/v2\/media?parent=36575"}],"wp:term":[{"taxonomy":"product_brand","embeddable":true,"href":"https:\/\/gangnambeaute.com\/en\/wp-json\/wp\/v2\/product_brand?post=36575"},{"taxonomy":"product_cat","embeddable":true,"href":"https:\/\/gangnambeaute.com\/en\/wp-json\/wp\/v2\/product_cat?post=36575"},{"taxonomy":"product_tag","embeddable":true,"href":"https:\/\/gangnambeaute.com\/en\/wp-json\/wp\/v2\/product_tag?post=36575"}],"curies":[{"name":"wp","href":"https:\/\/api.w.org\/{rel}","templated":true}]}}