{"id":35333,"date":"2025-07-02T23:56:40","date_gmt":"2025-07-02T23:56:40","guid":{"rendered":"https:\/\/gangnambeaute.com\/?post_type=product&#038;p=35333"},"modified":"2026-04-11T02:53:48","modified_gmt":"2026-04-11T02:53:48","slug":"cosrx-salicylic-acid-daily-gentle-cleanser-50ml","status":"publish","type":"product","link":"https:\/\/gangnambeaute.com\/en\/product\/cosrx-salicylic-acid-daily-gentle-cleanser-50ml\/","title":{"rendered":"COSRX &#8211; Salicylic Acid Daily Gentle Cleanser &#8211; 50ml"},"content":{"rendered":"<p><strong>Ce nettoyant sert \u00e0 \u00e9liminer l&rsquo;acn\u00e9 et \u00e0 d\u00e9sincruster les pores en douceur gr\u00e2ce \u00e0 l&rsquo;acide salicylique.<br \/>\n<\/strong><\/p>","protected":false},"excerpt":{"rendered":"<div class=\"Y3BBE\" data-sfc-cp=\"\" data-sfc-cb=\"\" data-hveid=\"CAEIAhAA\" data-complete=\"true\" data-processed=\"true\"><strong>Massez une noisette sur votre\u00a0visage humide, puis rincez abondamment \u00e0 l&rsquo;eau ti\u00e8de.<\/strong><\/div>","protected":false},"featured_media":43651,"comment_status":"open","ping_status":"closed","template":"","meta":[],"product_brand":[1048],"product_cat":[344,346,360],"product_tag":[],"class_list":{"0":"post-35333","1":"product","2":"type-product","3":"status-publish","4":"has-post-thumbnail","6":"product_brand-cosrx-populare","7":"product_cat-skincare","8":"product_cat-nettoyants","9":"product_cat-gels-nettoyants","11":"first","12":"outofstock","13":"sale","14":"shipping-taxable","15":"purchasable","16":"product-type-simple"},"_links":{"self":[{"href":"https:\/\/gangnambeaute.com\/en\/wp-json\/wp\/v2\/product\/35333","targetHints":{"allow":["GET"]}}],"collection":[{"href":"https:\/\/gangnambeaute.com\/en\/wp-json\/wp\/v2\/product"}],"about":[{"href":"https:\/\/gangnambeaute.com\/en\/wp-json\/wp\/v2\/types\/product"}],"replies":[{"embeddable":true,"href":"https:\/\/gangnambeaute.com\/en\/wp-json\/wp\/v2\/comments?post=35333"}],"version-history":[{"count":3,"href":"https:\/\/gangnambeaute.com\/en\/wp-json\/wp\/v2\/product\/35333\/revisions"}],"predecessor-version":[{"id":43455,"href":"https:\/\/gangnambeaute.com\/en\/wp-json\/wp\/v2\/product\/35333\/revisions\/43455"}],"wp:featuredmedia":[{"embeddable":true,"href":"https:\/\/gangnambeaute.com\/en\/wp-json\/wp\/v2\/media\/43651"}],"wp:attachment":[{"href":"https:\/\/gangnambeaute.com\/en\/wp-json\/wp\/v2\/media?parent=35333"}],"wp:term":[{"taxonomy":"product_brand","embeddable":true,"href":"https:\/\/gangnambeaute.com\/en\/wp-json\/wp\/v2\/product_brand?post=35333"},{"taxonomy":"product_cat","embeddable":true,"href":"https:\/\/gangnambeaute.com\/en\/wp-json\/wp\/v2\/product_cat?post=35333"},{"taxonomy":"product_tag","embeddable":true,"href":"https:\/\/gangnambeaute.com\/en\/wp-json\/wp\/v2\/product_tag?post=35333"}],"curies":[{"name":"wp","href":"https:\/\/api.w.org\/{rel}","templated":true}]}}