{"id":34879,"date":"2025-06-26T16:40:48","date_gmt":"2025-06-26T16:40:48","guid":{"rendered":"https:\/\/gangnambeaute.com\/?post_type=product&#038;p=34879"},"modified":"2026-04-11T02:53:47","modified_gmt":"2026-04-11T02:53:47","slug":"mediheal-dermaplus-birch-mask","status":"publish","type":"product","link":"https:\/\/gangnambeaute.com\/en\/product\/mediheal-dermaplus-birch-mask\/","title":{"rendered":"MEDIHEAL &#8211; DERMAPLUS BIRCH MASK 1 EA &#8211; 22ml"},"content":{"rendered":"<div class=\"Y3BBE\" data-sfc-cp=\"\" data-sfc-cb=\"\" data-hveid=\"CAEIARAA\" data-processed=\"true\" data-complete=\"true\"><strong>Ce masque sert \u00e0\u00a0hydrater intens\u00e9ment et \u00e0 rafra\u00eechir les peaux assoiff\u00e9es gr\u00e2ce \u00e0 la s\u00e8ve de bouleau et \u00e0 l&rsquo;acide hyaluronique.<\/strong><\/div>\n<p>&nbsp;<\/p>","protected":false},"excerpt":{"rendered":"<div class=\"Y3BBE\" data-sfc-cp=\"\" data-sfc-cb=\"\" data-hveid=\"CAEIAhAA\" data-complete=\"true\" data-processed=\"true\"><strong>Appliquez le masque sur votre\u00a0visage propre, laissez agir 10 \u00e0 20 minutes, puis tapotez l&rsquo;exc\u00e9dent de s\u00e9rum pour parfaire l&rsquo;absorption.<span class=\"uJ19be notranslate\" data-wiz-uids=\"yLNkfc_i,yLNkfc_j\" data-sfc-cb=\"\" data-complete=\"true\" data-processed=\"true\"><span class=\"vKEkVd\" data-animation-atomic=\"\" data-wiz-attrbind=\"class=yLNkfc_h\/TKHnVd\" data-sae=\"\"><span aria-hidden=\"true\">\u00a0<\/span><\/span><\/span><\/strong><\/div>","protected":false},"featured_media":41397,"comment_status":"open","ping_status":"closed","template":"","meta":[],"product_brand":[1057],"product_cat":[344,355,384],"product_tag":[],"class_list":{"0":"post-34879","1":"product","2":"type-product","3":"status-publish","4":"has-post-thumbnail","6":"product_brand-mediheal-populare","7":"product_cat-skincare","8":"product_cat-masques","9":"product_cat-masques-en-feuille","11":"first","12":"outofstock","13":"sale","14":"shipping-taxable","15":"purchasable","16":"product-type-simple"},"_links":{"self":[{"href":"https:\/\/gangnambeaute.com\/en\/wp-json\/wp\/v2\/product\/34879","targetHints":{"allow":["GET"]}}],"collection":[{"href":"https:\/\/gangnambeaute.com\/en\/wp-json\/wp\/v2\/product"}],"about":[{"href":"https:\/\/gangnambeaute.com\/en\/wp-json\/wp\/v2\/types\/product"}],"replies":[{"embeddable":true,"href":"https:\/\/gangnambeaute.com\/en\/wp-json\/wp\/v2\/comments?post=34879"}],"version-history":[{"count":6,"href":"https:\/\/gangnambeaute.com\/en\/wp-json\/wp\/v2\/product\/34879\/revisions"}],"predecessor-version":[{"id":43912,"href":"https:\/\/gangnambeaute.com\/en\/wp-json\/wp\/v2\/product\/34879\/revisions\/43912"}],"wp:featuredmedia":[{"embeddable":true,"href":"https:\/\/gangnambeaute.com\/en\/wp-json\/wp\/v2\/media\/41397"}],"wp:attachment":[{"href":"https:\/\/gangnambeaute.com\/en\/wp-json\/wp\/v2\/media?parent=34879"}],"wp:term":[{"taxonomy":"product_brand","embeddable":true,"href":"https:\/\/gangnambeaute.com\/en\/wp-json\/wp\/v2\/product_brand?post=34879"},{"taxonomy":"product_cat","embeddable":true,"href":"https:\/\/gangnambeaute.com\/en\/wp-json\/wp\/v2\/product_cat?post=34879"},{"taxonomy":"product_tag","embeddable":true,"href":"https:\/\/gangnambeaute.com\/en\/wp-json\/wp\/v2\/product_tag?post=34879"}],"curies":[{"name":"wp","href":"https:\/\/api.w.org\/{rel}","templated":true}]}}