{"id":34865,"date":"2025-06-26T16:38:40","date_gmt":"2025-06-26T16:38:40","guid":{"rendered":"https:\/\/gangnambeaute.com\/?post_type=product&#038;p=34865"},"modified":"2026-04-11T02:53:45","modified_gmt":"2026-04-11T02:53:45","slug":"mediheal-derma-synergy-wrapping-mask_toning","status":"publish","type":"product","link":"https:\/\/gangnambeaute.com\/en\/product\/mediheal-derma-synergy-wrapping-mask_toning\/","title":{"rendered":"MEDIHEAL -DERMA SYNERGY WRAPPING MASK TONING 1 EA &#8211; 25ml"},"content":{"rendered":"<p>Ingr\u00e9dients:<br \/>\nEau, Cyclopentasiloxane, Hydrolysat d&rsquo;amidon hydrog\u00e9n\u00e9, Dim\u00e9thicone, Alcool, Glyc\u00e9rine, Disiloxane, Copolym\u00e8re VP\/VA, Polyacrylamide, Acrylates\/C10-30 Alkyl Acrylate Crosspolymer, Tri\u00e9thanolamine, C13-14 Isoparaffine, Laureth-7, Polyglycerin-3, Butylene Glycol, PCA, Sclerocarya Birrea Seed Oil, Argania Spinosa Kernel Oil, Moringa Oleifera Seed Oil, Camellia Japonica Seed Oil, Persea Gratissima (Avocado) Oil, Macadamia Ternifolia Seed Oil, Pistacia Vera Seed Oil, Aleurites Moluccanus Seed Oil, Helianthus Annuus (Sunflower) Seed Oil, Vitis Vinifera (Grape) Seed Oil, Glycine, serineglutamic Acid, Aspartic Acid, Leucine, Alanine, Lysine, Arginine, Tyrosine Ph\u00e9nylalanine, Thr\u00e9onine, Proline, Valine, Isoleucine, Histidine, M\u00e9thionine, Cyst\u00e9ine, Hydroxyac\u00e9toph\u00e9none, Benzoate de sodium, EDTA disodique, Parfum, Salicylate de benzyle, Citronellol, Limonene Hexyl Cinnamal<\/p>\n<p>Bienfaits et avantages :<\/p>\n<p>1.Ce masque \u00e0 de la Madecassoside et de la Vitamine C cible les cicatrices et les probl\u00e8mes de teint. La technologie des liposomes offre un soin apaisant rapide et profond, tandis que les ingr\u00e9dients actifs sont transform\u00e9s en microparticules pour une absorption rapide et profonde.<\/p>\n<p>2.Ce masque rendra votre peau plus ferme, plus lisse, plus uniforme et plus \u00e9quilibr\u00e9e en 15 minutes.<\/p>\n<p>3.Essence non collante : Une essence rafra\u00eechissante et non collante qui procure une hydratation rafra\u00eechissante, aidant \u00e0 apaiser et \u00e0 hydrater la peau s\u00e8che et dess\u00e9ch\u00e9e.<\/p>\n<p>4.Masque en feuille certifi\u00e9 v\u00e9g\u00e9talien : Fabriqu\u00e9 \u00e0 partir d&rsquo;un tissu doux, certifi\u00e9 v\u00e9g\u00e9talien, qui adh\u00e8re confortablement \u00e0 la peau, garantissant une exp\u00e9rience de soin douce et efficace.<\/p>\n<p>Utilisation\u00a0:<br \/>\n1. Apr\u00e8s le nettoyage, pr\u00e9parez votre peau \u00e0 l\u2019aide d\u2019un tonique.<br \/>\n2. Appliquez le masque en tissu sur votre visage. Laissez poser pendant 10 \u00e0 20 minutes, puis retirez le masque.<br \/>\n3. Tapotez d\u00e9licatement jusqu\u2019\u00e0 absorption compl\u00e8te des r\u00e9sidus d\u2019essence.<\/p>","protected":false},"excerpt":{"rendered":"<p>Ingr\u00e9dients: Eau, Cyclopentasiloxane, Hydrolysat d&rsquo;amidon hydrog\u00e9n\u00e9, Dim\u00e9thicone, Alcool, Glyc\u00e9rine, Disiloxane, Copolym\u00e8re VP\/VA, Polyacrylamide, Acrylates\/C10-30 Alkyl Acrylate Crosspolymer, Tri\u00e9thanolamine, C13-14 Isoparaffine,<\/p>","protected":false},"featured_media":41377,"comment_status":"open","ping_status":"closed","template":"","meta":[],"product_brand":[1057],"product_cat":[344,355,384],"product_tag":[],"class_list":{"0":"post-34865","1":"product","2":"type-product","3":"status-publish","4":"has-post-thumbnail","6":"product_brand-mediheal-populare","7":"product_cat-skincare","8":"product_cat-masques","9":"product_cat-masques-en-feuille","11":"first","12":"outofstock","13":"sale","14":"shipping-taxable","15":"purchasable","16":"product-type-simple"},"_links":{"self":[{"href":"https:\/\/gangnambeaute.com\/en\/wp-json\/wp\/v2\/product\/34865","targetHints":{"allow":["GET"]}}],"collection":[{"href":"https:\/\/gangnambeaute.com\/en\/wp-json\/wp\/v2\/product"}],"about":[{"href":"https:\/\/gangnambeaute.com\/en\/wp-json\/wp\/v2\/types\/product"}],"replies":[{"embeddable":true,"href":"https:\/\/gangnambeaute.com\/en\/wp-json\/wp\/v2\/comments?post=34865"}],"version-history":[{"count":6,"href":"https:\/\/gangnambeaute.com\/en\/wp-json\/wp\/v2\/product\/34865\/revisions"}],"predecessor-version":[{"id":35456,"href":"https:\/\/gangnambeaute.com\/en\/wp-json\/wp\/v2\/product\/34865\/revisions\/35456"}],"wp:featuredmedia":[{"embeddable":true,"href":"https:\/\/gangnambeaute.com\/en\/wp-json\/wp\/v2\/media\/41377"}],"wp:attachment":[{"href":"https:\/\/gangnambeaute.com\/en\/wp-json\/wp\/v2\/media?parent=34865"}],"wp:term":[{"taxonomy":"product_brand","embeddable":true,"href":"https:\/\/gangnambeaute.com\/en\/wp-json\/wp\/v2\/product_brand?post=34865"},{"taxonomy":"product_cat","embeddable":true,"href":"https:\/\/gangnambeaute.com\/en\/wp-json\/wp\/v2\/product_cat?post=34865"},{"taxonomy":"product_tag","embeddable":true,"href":"https:\/\/gangnambeaute.com\/en\/wp-json\/wp\/v2\/product_tag?post=34865"}],"curies":[{"name":"wp","href":"https:\/\/api.w.org\/{rel}","templated":true}]}}