{"id":34843,"date":"2025-06-26T16:33:58","date_gmt":"2025-06-26T16:33:58","guid":{"rendered":"https:\/\/gangnambeaute.com\/?post_type=product&#038;p=34843"},"modified":"2026-04-11T02:53:42","modified_gmt":"2026-04-11T02:53:42","slug":"mediheal-pantenolips-essence-berrypink","status":"publish","type":"product","link":"https:\/\/gangnambeaute.com\/en\/product\/mediheal-pantenolips-essence-berrypink\/","title":{"rendered":"MEDIHEAL &#8211; PANTENOLIPS ESSENCE BERRYPINK &#8211; Baume \u00e0 l\u00e8vres &#8211; 10 ml"},"content":{"rendered":"<p><strong>Ce baume sert \u00e0\u00a0nourrir intens\u00e9ment les l\u00e8vres s\u00e8ches et \u00e0 leur redonner de l&rsquo;\u00e9clat gr\u00e2ce au panth\u00e9nol et \u00e0 sa teinte ros\u00e9e naturelle.<\/strong><\/p>","protected":false},"excerpt":{"rendered":"<p><strong>Appliquez une petite quantit\u00e9 sur vos\u00a0l\u00e8vres propres\u00a0du bout des doigts ou avec l&#8217;embout applicateur pour un fini brillant et soign\u00e9.<\/strong><\/p>","protected":false},"featured_media":41347,"comment_status":"open","ping_status":"closed","template":"","meta":[],"product_brand":[1057],"product_cat":[388,391,410],"product_tag":[],"class_list":{"0":"post-34843","1":"product","2":"type-product","3":"status-publish","4":"has-post-thumbnail","6":"product_brand-mediheal-populare","7":"product_cat-maquillage","8":"product_cat-levres","9":"product_cat-baume-a-levres","11":"first","12":"outofstock","13":"sale","14":"shipping-taxable","15":"purchasable","16":"product-type-simple"},"_links":{"self":[{"href":"https:\/\/gangnambeaute.com\/en\/wp-json\/wp\/v2\/product\/34843","targetHints":{"allow":["GET"]}}],"collection":[{"href":"https:\/\/gangnambeaute.com\/en\/wp-json\/wp\/v2\/product"}],"about":[{"href":"https:\/\/gangnambeaute.com\/en\/wp-json\/wp\/v2\/types\/product"}],"replies":[{"embeddable":true,"href":"https:\/\/gangnambeaute.com\/en\/wp-json\/wp\/v2\/comments?post=34843"}],"version-history":[{"count":6,"href":"https:\/\/gangnambeaute.com\/en\/wp-json\/wp\/v2\/product\/34843\/revisions"}],"predecessor-version":[{"id":43819,"href":"https:\/\/gangnambeaute.com\/en\/wp-json\/wp\/v2\/product\/34843\/revisions\/43819"}],"wp:featuredmedia":[{"embeddable":true,"href":"https:\/\/gangnambeaute.com\/en\/wp-json\/wp\/v2\/media\/41347"}],"wp:attachment":[{"href":"https:\/\/gangnambeaute.com\/en\/wp-json\/wp\/v2\/media?parent=34843"}],"wp:term":[{"taxonomy":"product_brand","embeddable":true,"href":"https:\/\/gangnambeaute.com\/en\/wp-json\/wp\/v2\/product_brand?post=34843"},{"taxonomy":"product_cat","embeddable":true,"href":"https:\/\/gangnambeaute.com\/en\/wp-json\/wp\/v2\/product_cat?post=34843"},{"taxonomy":"product_tag","embeddable":true,"href":"https:\/\/gangnambeaute.com\/en\/wp-json\/wp\/v2\/product_tag?post=34843"}],"curies":[{"name":"wp","href":"https:\/\/api.w.org\/{rel}","templated":true}]}}