{"id":34841,"date":"2025-06-26T16:33:43","date_gmt":"2025-06-26T16:33:43","guid":{"rendered":"https:\/\/gangnambeaute.com\/?post_type=product&#038;p=34841"},"modified":"2026-04-11T02:53:42","modified_gmt":"2026-04-11T02:53:42","slug":"mediheal-pantenolips-scrub","status":"publish","type":"product","link":"https:\/\/gangnambeaute.com\/en\/product\/mediheal-pantenolips-scrub\/","title":{"rendered":"MEDIHEAL &#8211; LABOCAIRE PANTENOLIPS SCRUB &#8211; Gommage \u00e0 l\u00e8vres &#8211; 10 ml"},"content":{"rendered":"<p><strong>Ce gommage sert \u00e0\u00a0exfolier en douceur les l\u00e8vres en \u00e9liminant les peaux mortes gr\u00e2ce \u00e0 ses fines particules de noyer et au panth\u00e9nol hydratant.<\/strong><\/p>","protected":false},"excerpt":{"rendered":"<div class=\"Y3BBE\" data-sfc-cp=\"\" data-sfc-cb=\"\" data-hveid=\"CAEIAhAA\" data-complete=\"true\" data-processed=\"true\"><strong>Appliquez une noisette sur vos\u00a0l\u00e8vres humides, massez d\u00e9licatement en cercles avec le doigt, puis rincez \u00e0 l&rsquo;eau ti\u00e8de ou essuyez.<span class=\"uJ19be notranslate\" data-wiz-uids=\"R1lx4e_j,R1lx4e_k\" data-sfc-cb=\"\" data-complete=\"true\" data-processed=\"true\"><span class=\"vKEkVd\" data-animation-atomic=\"\" data-wiz-attrbind=\"class=R1lx4e_i\/TKHnVd\" data-sae=\"\"><span aria-hidden=\"true\">\u00a0<\/span><\/span><\/span><\/strong><\/div>","protected":false},"featured_media":41344,"comment_status":"open","ping_status":"closed","template":"","meta":[],"product_brand":[1057],"product_cat":[344,354,382,388],"product_tag":[],"class_list":{"0":"post-34841","1":"product","2":"type-product","3":"status-publish","4":"has-post-thumbnail","6":"product_brand-mediheal-populare","7":"product_cat-skincare","8":"product_cat-soins-des-levres","9":"product_cat-gommage-levres","10":"product_cat-maquillage","12":"first","13":"outofstock","14":"sale","15":"shipping-taxable","16":"purchasable","17":"product-type-simple"},"_links":{"self":[{"href":"https:\/\/gangnambeaute.com\/en\/wp-json\/wp\/v2\/product\/34841","targetHints":{"allow":["GET"]}}],"collection":[{"href":"https:\/\/gangnambeaute.com\/en\/wp-json\/wp\/v2\/product"}],"about":[{"href":"https:\/\/gangnambeaute.com\/en\/wp-json\/wp\/v2\/types\/product"}],"replies":[{"embeddable":true,"href":"https:\/\/gangnambeaute.com\/en\/wp-json\/wp\/v2\/comments?post=34841"}],"version-history":[{"count":6,"href":"https:\/\/gangnambeaute.com\/en\/wp-json\/wp\/v2\/product\/34841\/revisions"}],"predecessor-version":[{"id":43933,"href":"https:\/\/gangnambeaute.com\/en\/wp-json\/wp\/v2\/product\/34841\/revisions\/43933"}],"wp:featuredmedia":[{"embeddable":true,"href":"https:\/\/gangnambeaute.com\/en\/wp-json\/wp\/v2\/media\/41344"}],"wp:attachment":[{"href":"https:\/\/gangnambeaute.com\/en\/wp-json\/wp\/v2\/media?parent=34841"}],"wp:term":[{"taxonomy":"product_brand","embeddable":true,"href":"https:\/\/gangnambeaute.com\/en\/wp-json\/wp\/v2\/product_brand?post=34841"},{"taxonomy":"product_cat","embeddable":true,"href":"https:\/\/gangnambeaute.com\/en\/wp-json\/wp\/v2\/product_cat?post=34841"},{"taxonomy":"product_tag","embeddable":true,"href":"https:\/\/gangnambeaute.com\/en\/wp-json\/wp\/v2\/product_tag?post=34841"}],"curies":[{"name":"wp","href":"https:\/\/api.w.org\/{rel}","templated":true}]}}