{"id":34837,"date":"2025-06-26T16:33:14","date_gmt":"2025-06-26T16:33:14","guid":{"rendered":"https:\/\/gangnambeaute.com\/?post_type=product&#038;p=34837"},"modified":"2026-04-11T02:53:40","modified_gmt":"2026-04-11T02:53:40","slug":"mediheal-labocare-pantenolips-healssence-coral","status":"publish","type":"product","link":"https:\/\/gangnambeaute.com\/en\/product\/mediheal-labocare-pantenolips-healssence-coral\/","title":{"rendered":"MEDIHEAL &#8211; LABOCARE PANTENOLIPS HEALSSENCE CORAL &#8211; Baume \u00e0 l\u00e8vres -10 ml"},"content":{"rendered":"<div class=\"Y3BBE\" data-sfc-cp=\"\" data-sfc-cb=\"\" data-hveid=\"CAEIARAA\" data-complete=\"true\" data-processed=\"true\"><strong>Ce baume sert \u00e0\u00a0nourrir intens\u00e9ment\u00a0les l\u00e8vres s\u00e8ches tout en leur apportant une jolie couleur corail naturelle et une brillance \u00e9clatante gr\u00e2ce au panth\u00e9nol.<span class=\"uJ19be notranslate\" data-wiz-uids=\"LhmFme_d,LhmFme_e\" data-sfc-cb=\"\" data-complete=\"true\" data-processed=\"true\"><span class=\"vKEkVd\" data-animation-atomic=\"\" data-wiz-attrbind=\"class=LhmFme_c\/TKHnVd\" data-sae=\"\"><span aria-hidden=\"true\">\u00a0<\/span><\/span><\/span><\/strong><\/div>\n<p>&nbsp;<\/p>","protected":false},"excerpt":{"rendered":"<div class=\"Y3BBE\" data-sfc-cp=\"\" data-sfc-cb=\"\" data-hveid=\"CAEIAhAA\" data-complete=\"true\" data-processed=\"true\"><strong>Appliquez une petite quantit\u00e9 sur vos\u00a0l\u00e8vres propres\u00a0tout au long de la journ\u00e9e pour allier soin et maquillage l\u00e9ger.<span class=\"uJ19be notranslate\" data-wiz-uids=\"LhmFme_i,LhmFme_j\" data-sfc-cb=\"\" data-complete=\"true\" data-processed=\"true\"><span class=\"vKEkVd\" data-animation-atomic=\"\" data-wiz-attrbind=\"class=LhmFme_h\/TKHnVd\" data-sae=\"\"><span aria-hidden=\"true\">\u00a0<\/span><\/span><\/span><\/strong><\/div>","protected":false},"featured_media":41338,"comment_status":"open","ping_status":"closed","template":"","meta":[],"product_brand":[1057],"product_cat":[388,391,405,410],"product_tag":[],"class_list":{"0":"post-34837","1":"product","2":"type-product","3":"status-publish","4":"has-post-thumbnail","6":"product_brand-mediheal-populare","7":"product_cat-maquillage","8":"product_cat-levres","9":"product_cat-baume-teinte-pour-les-levres","10":"product_cat-baume-a-levres","12":"first","13":"outofstock","14":"sale","15":"shipping-taxable","16":"purchasable","17":"product-type-simple"},"_links":{"self":[{"href":"https:\/\/gangnambeaute.com\/en\/wp-json\/wp\/v2\/product\/34837","targetHints":{"allow":["GET"]}}],"collection":[{"href":"https:\/\/gangnambeaute.com\/en\/wp-json\/wp\/v2\/product"}],"about":[{"href":"https:\/\/gangnambeaute.com\/en\/wp-json\/wp\/v2\/types\/product"}],"replies":[{"embeddable":true,"href":"https:\/\/gangnambeaute.com\/en\/wp-json\/wp\/v2\/comments?post=34837"}],"version-history":[{"count":6,"href":"https:\/\/gangnambeaute.com\/en\/wp-json\/wp\/v2\/product\/34837\/revisions"}],"predecessor-version":[{"id":43936,"href":"https:\/\/gangnambeaute.com\/en\/wp-json\/wp\/v2\/product\/34837\/revisions\/43936"}],"wp:featuredmedia":[{"embeddable":true,"href":"https:\/\/gangnambeaute.com\/en\/wp-json\/wp\/v2\/media\/41338"}],"wp:attachment":[{"href":"https:\/\/gangnambeaute.com\/en\/wp-json\/wp\/v2\/media?parent=34837"}],"wp:term":[{"taxonomy":"product_brand","embeddable":true,"href":"https:\/\/gangnambeaute.com\/en\/wp-json\/wp\/v2\/product_brand?post=34837"},{"taxonomy":"product_cat","embeddable":true,"href":"https:\/\/gangnambeaute.com\/en\/wp-json\/wp\/v2\/product_cat?post=34837"},{"taxonomy":"product_tag","embeddable":true,"href":"https:\/\/gangnambeaute.com\/en\/wp-json\/wp\/v2\/product_tag?post=34837"}],"curies":[{"name":"wp","href":"https:\/\/api.w.org\/{rel}","templated":true}]}}