{"id":34825,"date":"2025-06-26T16:25:04","date_gmt":"2025-06-26T16:25:04","guid":{"rendered":"https:\/\/gangnambeaute.com\/?post_type=product&#038;p=34825"},"modified":"2026-04-11T02:53:39","modified_gmt":"2026-04-11T02:53:39","slug":"numbuzin-no4-icy-soothing-sheet-mask","status":"publish","type":"product","link":"https:\/\/gangnambeaute.com\/en\/product\/numbuzin-no4-icy-soothing-sheet-mask\/","title":{"rendered":"Numbuzin &#8211; No.4 Icy Soothing Sheet Mask &#8211; 27 ml"},"content":{"rendered":"<p>Ingr\u00e9dients :<br \/>\nEau, M\u00e9thylpropanediol, Dipropyl\u00e8ne Glycol, 1,2-Hexanediol, Hydroxyacetophenone, Panthenol, Butylene Glycol, Glycerin, Adenosine, Laminaria Japonica Extract, Disodium Edta, Melaleuca Alternifolia (Tea Tree) Leaf Oil, Eclipta Prostrata Leaf Extract, Methyl Diisopropyl Propionamide, Carbomer, Octyldodeceth-16, Xanthan Gum, Tromethamine, Melaleuca Alternifolia (Tea Tree) Leaf Extract, Fructooligosaccharides, Monarda Didyma Leaf Extract, Centella Asiatica Extract, Beta-Glucan, Hydrogenated Lecithin, Polygonum Cuspidatum Root Extract, Scutellaria Baicalensis Root Extract, Camellia Sinensis Leaf Extract, Ulmus Davidiana Root Extract, Glycyrrhiza Glabra (Licorice) Root Extract, Aloe Barbadensis Leaf Extract, Viola Mandshurica Flower Extract, Dioscorea\u2026<\/p>\n<p>Bienfaits et Avantages :<br \/>\n_Test\u00e9 dermatologiquement.<br \/>\n_Ce masque en feuille d\u00e9shydratant r\u00e9tablit l&rsquo;hydratation en profondeur tout en offrant une agr\u00e9able sensation de fra\u00eecheur.<br \/>\n_Il est enrichi d&rsquo;ingr\u00e9dients apaisants pour la peau tels que l&rsquo;extrait de centella asiatica, l&rsquo;huile de feuilles de th\u00e9ier et l&rsquo;extrait de romarin.<br \/>\n_Le masque en feuille glisse sur la peau et prend en charge le contr\u00f4le du s\u00e9bum, laissant une sensation de fra\u00eecheur.<\/p>\n<p>Utilisation: Appliquer et laisser agir pendant 10 minutes apr\u00e8s avoir nettoy\u00e9 et tonifi\u00e9 le visage.<\/p>","protected":false},"excerpt":{"rendered":"<p>Ingr\u00e9dients : Eau, M\u00e9thylpropanediol, Dipropyl\u00e8ne Glycol, 1,2-Hexanediol, Hydroxyacetophenone, Panthenol, Butylene Glycol, Glycerin, Adenosine, Laminaria Japonica Extract, Disodium Edta, Melaleuca Alternifolia<\/p>","protected":false},"featured_media":41320,"comment_status":"open","ping_status":"closed","template":"","meta":[],"product_brand":[1030],"product_cat":[344,355,384],"product_tag":[],"class_list":{"0":"post-34825","1":"product","2":"type-product","3":"status-publish","4":"has-post-thumbnail","6":"product_brand-numbuzin","7":"product_cat-skincare","8":"product_cat-masques","9":"product_cat-masques-en-feuille","11":"first","12":"outofstock","13":"sale","14":"shipping-taxable","15":"purchasable","16":"product-type-simple"},"_links":{"self":[{"href":"https:\/\/gangnambeaute.com\/en\/wp-json\/wp\/v2\/product\/34825","targetHints":{"allow":["GET"]}}],"collection":[{"href":"https:\/\/gangnambeaute.com\/en\/wp-json\/wp\/v2\/product"}],"about":[{"href":"https:\/\/gangnambeaute.com\/en\/wp-json\/wp\/v2\/types\/product"}],"replies":[{"embeddable":true,"href":"https:\/\/gangnambeaute.com\/en\/wp-json\/wp\/v2\/comments?post=34825"}],"version-history":[{"count":6,"href":"https:\/\/gangnambeaute.com\/en\/wp-json\/wp\/v2\/product\/34825\/revisions"}],"predecessor-version":[{"id":35596,"href":"https:\/\/gangnambeaute.com\/en\/wp-json\/wp\/v2\/product\/34825\/revisions\/35596"}],"wp:featuredmedia":[{"embeddable":true,"href":"https:\/\/gangnambeaute.com\/en\/wp-json\/wp\/v2\/media\/41320"}],"wp:attachment":[{"href":"https:\/\/gangnambeaute.com\/en\/wp-json\/wp\/v2\/media?parent=34825"}],"wp:term":[{"taxonomy":"product_brand","embeddable":true,"href":"https:\/\/gangnambeaute.com\/en\/wp-json\/wp\/v2\/product_brand?post=34825"},{"taxonomy":"product_cat","embeddable":true,"href":"https:\/\/gangnambeaute.com\/en\/wp-json\/wp\/v2\/product_cat?post=34825"},{"taxonomy":"product_tag","embeddable":true,"href":"https:\/\/gangnambeaute.com\/en\/wp-json\/wp\/v2\/product_tag?post=34825"}],"curies":[{"name":"wp","href":"https:\/\/api.w.org\/{rel}","templated":true}]}}