{"id":34803,"date":"2025-06-26T16:13:57","date_gmt":"2025-06-26T16:13:57","guid":{"rendered":"https:\/\/gangnambeaute.com\/?post_type=product&#038;p=34803"},"modified":"2026-04-11T02:53:37","modified_gmt":"2026-04-11T02:53:37","slug":"im-sorry-for-my-skin-ph5-5-jelly-mask-brightening","status":"publish","type":"product","link":"https:\/\/gangnambeaute.com\/en\/product\/im-sorry-for-my-skin-ph5-5-jelly-mask-brightening\/","title":{"rendered":"I&rsquo;m Sorry for My Skin &#8211; pH5.5 Jelly Mask &#8211; Brightening"},"content":{"rendered":"<p>Ingr\u00e9dients:<\/p>\n<p>Eau, dipropyl\u00e8ne glycol, glyc\u00e9rine, m\u00e9thylpropanediol, panth\u00e9nol, copolym\u00e8re d\u2019acryloyl dim\u00e9thyl torate\/VP d\u2019ammonium, butyl\u00e8ne glycol, ph\u00e9nyltrim\u00e9thicone, polyglyc\u00e9ryl-10 laurate, extrait de centella asiatica, extrait de racine de pyoonia sofrotikosa, tr\u00e9halose, 1,2-hexanediol, allanto\u00efne, camomille recutita. Extrait de fleur de matricaire, gomme xanthane, caprylate de glyc\u00e9ryle, hydroxy\u00e9thylcellulose, \u00e9thylhexylglyc\u00e9rine, carbom\u00e8re, polyacrylate de sodium, huile d\u2019\u00e9corce de citrus aurantium dulcis (orange), extrait de fleur de rose de Damas, pantolactone, huile d\u2019\u00e9corce d\u2019agrumes de mandarine, di\u00e9thylhexylsulfosuccinate de sodium, soie hydrolys\u00e9e, huile de fruit de leticia cubiba, extrait de feuille de melissa officinalis, extrait de fruit de rhamno\u00efdes hypobhai, acide citrique, phosphate d\u2019ascorbyle de magn\u00e9sium, huile de noyau de parfum de myristica (noix de muscade), extrait de noyau d\u2019extrait de noix de muscade (noix de muscade). Feuille d\u2019aloe vera, extrait de feuille de camellia sinensis, eau florale de camomille recutita (Matricaria). Extrait de fruit de Cucumis Sativus (concombre), extrait de Rosmarinus officinalis (romarin), extrait d\u2019Ocimum basilicum (basilic), extrait de Mentha Piperita (menthe poivr\u00e9e), EDTA disodique<\/p>\n<p>Bienfaits et avantages :<\/p>\n<p>1.Ce masque au pH doux pour maintenir l\u2019hydratation naturelle de votre peau.<\/p>\n<p>2.Formul\u00e9 avec de l\u2019extrait de rose de Damas qui illumine la peau<\/p>\n<p>3.L\u2019extrait de feuille de Melissa officinalis pour l\u2019\u00e9quilibre de la peau et l\u2019extrait d\u2019argousier pour la fra\u00eecheur de la peau.<\/p>\n<p>Utilisation :<\/p>\n<p>Appliquez directement sur votre visage apr\u00e8s le nettoyage et l&rsquo;application du tonique. Laissez poser 15 minutes, puis retirez-le.<\/p>","protected":false},"excerpt":{"rendered":"<p>Ingr\u00e9dients: Eau, dipropyl\u00e8ne glycol, glyc\u00e9rine, m\u00e9thylpropanediol, panth\u00e9nol, copolym\u00e8re d\u2019acryloyl dim\u00e9thyl torate\/VP d\u2019ammonium, butyl\u00e8ne glycol, ph\u00e9nyltrim\u00e9thicone, polyglyc\u00e9ryl-10 laurate, extrait de centella<\/p>","protected":false},"featured_media":41311,"comment_status":"open","ping_status":"closed","template":"","meta":[],"product_brand":[1022],"product_cat":[344,355,384,429,430,433],"product_tag":[],"class_list":{"0":"post-34803","1":"product","2":"type-product","3":"status-publish","4":"has-post-thumbnail","6":"product_brand-im-sorry-for-my-skin","7":"product_cat-skincare","8":"product_cat-masques","9":"product_cat-masques-en-feuille","10":"product_cat-soldes","11":"product_cat-promotions","12":"product_cat-promotion-dete","14":"first","15":"outofstock","16":"sale","17":"shipping-taxable","18":"purchasable","19":"product-type-simple"},"_links":{"self":[{"href":"https:\/\/gangnambeaute.com\/en\/wp-json\/wp\/v2\/product\/34803","targetHints":{"allow":["GET"]}}],"collection":[{"href":"https:\/\/gangnambeaute.com\/en\/wp-json\/wp\/v2\/product"}],"about":[{"href":"https:\/\/gangnambeaute.com\/en\/wp-json\/wp\/v2\/types\/product"}],"replies":[{"embeddable":true,"href":"https:\/\/gangnambeaute.com\/en\/wp-json\/wp\/v2\/comments?post=34803"}],"version-history":[{"count":2,"href":"https:\/\/gangnambeaute.com\/en\/wp-json\/wp\/v2\/product\/34803\/revisions"}],"predecessor-version":[{"id":35599,"href":"https:\/\/gangnambeaute.com\/en\/wp-json\/wp\/v2\/product\/34803\/revisions\/35599"}],"wp:featuredmedia":[{"embeddable":true,"href":"https:\/\/gangnambeaute.com\/en\/wp-json\/wp\/v2\/media\/41311"}],"wp:attachment":[{"href":"https:\/\/gangnambeaute.com\/en\/wp-json\/wp\/v2\/media?parent=34803"}],"wp:term":[{"taxonomy":"product_brand","embeddable":true,"href":"https:\/\/gangnambeaute.com\/en\/wp-json\/wp\/v2\/product_brand?post=34803"},{"taxonomy":"product_cat","embeddable":true,"href":"https:\/\/gangnambeaute.com\/en\/wp-json\/wp\/v2\/product_cat?post=34803"},{"taxonomy":"product_tag","embeddable":true,"href":"https:\/\/gangnambeaute.com\/en\/wp-json\/wp\/v2\/product_tag?post=34803"}],"curies":[{"name":"wp","href":"https:\/\/api.w.org\/{rel}","templated":true}]}}