{"id":34769,"date":"2025-06-26T13:22:42","date_gmt":"2025-06-26T13:22:42","guid":{"rendered":"https:\/\/gangnambeaute.com\/?post_type=product&#038;p=34769"},"modified":"2026-04-11T02:53:33","modified_gmt":"2026-04-11T02:53:33","slug":"aha-bha-clarifying-treatment-toner-30ml","status":"publish","type":"product","link":"https:\/\/gangnambeaute.com\/en\/product\/aha-bha-clarifying-treatment-toner-30ml\/","title":{"rendered":"COSRX &#8211; AHA\/BHA Clarifying Treatment Toner &#8211; Tonique exfoliant &#8211; 30ml"},"content":{"rendered":"<div class=\"Y3BBE\" data-sfc-cp=\"\" data-sfc-cb=\"\" data-hveid=\"CAEIARAA\" data-complete=\"true\" data-processed=\"true\"><strong>Ce tonique sert \u00e0\u00a0exfolier en douceur\u00a0et \u00e0 pr\u00e9venir les points noirs gr\u00e2ce \u00e0 l&rsquo;AHA et au BHA.<span class=\"uJ19be notranslate\" data-wiz-uids=\"aRFaLd_d,aRFaLd_e\" data-sfc-cb=\"\" data-complete=\"true\" data-processed=\"true\"><span class=\"vKEkVd\" data-animation-atomic=\"\" data-wiz-attrbind=\"class=aRFaLd_c\/TKHnVd\" data-sae=\"\"><span aria-hidden=\"true\">\u00a0<\/span><\/span><\/span><\/strong><\/div>","protected":false},"excerpt":{"rendered":"<div class=\"Y3BBE\" data-sfc-cp=\"\" data-sfc-cb=\"\" data-hveid=\"CAEIAhAA\" data-complete=\"true\" data-processed=\"true\"><strong>Vaporisez sur un coton et balayez votre\u00a0visage propre, ou vaporisez directement puis tapotez doucement.<\/strong><\/div>","protected":false},"featured_media":41293,"comment_status":"open","ping_status":"closed","template":"","meta":[],"product_brand":[1048],"product_cat":[344,347,363],"product_tag":[],"class_list":{"0":"post-34769","1":"product","2":"type-product","3":"status-publish","4":"has-post-thumbnail","6":"product_brand-cosrx-populare","7":"product_cat-skincare","8":"product_cat-toniques","9":"product_cat-toniques-exfoliants","11":"first","12":"outofstock","13":"sale","14":"shipping-taxable","15":"purchasable","16":"product-type-simple"},"_links":{"self":[{"href":"https:\/\/gangnambeaute.com\/en\/wp-json\/wp\/v2\/product\/34769","targetHints":{"allow":["GET"]}}],"collection":[{"href":"https:\/\/gangnambeaute.com\/en\/wp-json\/wp\/v2\/product"}],"about":[{"href":"https:\/\/gangnambeaute.com\/en\/wp-json\/wp\/v2\/types\/product"}],"replies":[{"embeddable":true,"href":"https:\/\/gangnambeaute.com\/en\/wp-json\/wp\/v2\/comments?post=34769"}],"version-history":[{"count":5,"href":"https:\/\/gangnambeaute.com\/en\/wp-json\/wp\/v2\/product\/34769\/revisions"}],"predecessor-version":[{"id":43460,"href":"https:\/\/gangnambeaute.com\/en\/wp-json\/wp\/v2\/product\/34769\/revisions\/43460"}],"wp:featuredmedia":[{"embeddable":true,"href":"https:\/\/gangnambeaute.com\/en\/wp-json\/wp\/v2\/media\/41293"}],"wp:attachment":[{"href":"https:\/\/gangnambeaute.com\/en\/wp-json\/wp\/v2\/media?parent=34769"}],"wp:term":[{"taxonomy":"product_brand","embeddable":true,"href":"https:\/\/gangnambeaute.com\/en\/wp-json\/wp\/v2\/product_brand?post=34769"},{"taxonomy":"product_cat","embeddable":true,"href":"https:\/\/gangnambeaute.com\/en\/wp-json\/wp\/v2\/product_cat?post=34769"},{"taxonomy":"product_tag","embeddable":true,"href":"https:\/\/gangnambeaute.com\/en\/wp-json\/wp\/v2\/product_tag?post=34769"}],"curies":[{"name":"wp","href":"https:\/\/api.w.org\/{rel}","templated":true}]}}