{"id":34763,"date":"2025-06-26T13:20:29","date_gmt":"2025-06-26T13:20:29","guid":{"rendered":"https:\/\/gangnambeaute.com\/?post_type=product&#038;p=34763"},"modified":"2026-04-11T02:53:33","modified_gmt":"2026-04-11T02:53:33","slug":"centella-blemish-cream","status":"publish","type":"product","link":"https:\/\/gangnambeaute.com\/en\/product\/centella-blemish-cream\/","title":{"rendered":"COSRX &#8211; Centella Blemish Cream &#8211; 30 ml"},"content":{"rendered":"<p><strong>Cette cr\u00e8me sert \u00e0 traiter localement les imperfections et \u00e0 apaiser les zones enflamm\u00e9es gr\u00e2ce aux propri\u00e9t\u00e9s cicatrisantes de la Centella Asiatica.<\/strong><\/p>","protected":false},"excerpt":{"rendered":"<div class=\"Y3BBE\" data-sfc-cp=\"\" data-sfc-cb=\"\" data-hveid=\"CAEIAhAA\" data-complete=\"true\" data-processed=\"true\"><strong>Appliquez une couche \u00e9paisse sur les\u00a0boutons ou les taches\u00a0cibl\u00e9es \u00e0 la fin de votre routine de soin.<span class=\"uJ19be notranslate\" data-wiz-uids=\"YD1nY_j,YD1nY_k\" data-sfc-cb=\"\" data-complete=\"true\" data-processed=\"true\"><span class=\"vKEkVd\" data-animation-atomic=\"\" data-wiz-attrbind=\"class=YD1nY_i\/TKHnVd\" data-sae=\"\"><span aria-hidden=\"true\">\u00a0<\/span><\/span><\/span><\/strong><\/div>","protected":false},"featured_media":41290,"comment_status":"open","ping_status":"closed","template":"","meta":[],"product_brand":[1048],"product_cat":[344,348,370],"product_tag":[],"class_list":{"0":"post-34763","1":"product","2":"type-product","3":"status-publish","4":"has-post-thumbnail","6":"product_brand-cosrx-populare","7":"product_cat-skincare","8":"product_cat-soin-concentre","9":"product_cat-cremes","11":"first","12":"outofstock","13":"sale","14":"shipping-taxable","15":"purchasable","16":"product-type-simple"},"_links":{"self":[{"href":"https:\/\/gangnambeaute.com\/en\/wp-json\/wp\/v2\/product\/34763","targetHints":{"allow":["GET"]}}],"collection":[{"href":"https:\/\/gangnambeaute.com\/en\/wp-json\/wp\/v2\/product"}],"about":[{"href":"https:\/\/gangnambeaute.com\/en\/wp-json\/wp\/v2\/types\/product"}],"replies":[{"embeddable":true,"href":"https:\/\/gangnambeaute.com\/en\/wp-json\/wp\/v2\/comments?post=34763"}],"version-history":[{"count":6,"href":"https:\/\/gangnambeaute.com\/en\/wp-json\/wp\/v2\/product\/34763\/revisions"}],"predecessor-version":[{"id":43463,"href":"https:\/\/gangnambeaute.com\/en\/wp-json\/wp\/v2\/product\/34763\/revisions\/43463"}],"wp:featuredmedia":[{"embeddable":true,"href":"https:\/\/gangnambeaute.com\/en\/wp-json\/wp\/v2\/media\/41290"}],"wp:attachment":[{"href":"https:\/\/gangnambeaute.com\/en\/wp-json\/wp\/v2\/media?parent=34763"}],"wp:term":[{"taxonomy":"product_brand","embeddable":true,"href":"https:\/\/gangnambeaute.com\/en\/wp-json\/wp\/v2\/product_brand?post=34763"},{"taxonomy":"product_cat","embeddable":true,"href":"https:\/\/gangnambeaute.com\/en\/wp-json\/wp\/v2\/product_cat?post=34763"},{"taxonomy":"product_tag","embeddable":true,"href":"https:\/\/gangnambeaute.com\/en\/wp-json\/wp\/v2\/product_tag?post=34763"}],"curies":[{"name":"wp","href":"https:\/\/api.w.org\/{rel}","templated":true}]}}