{"id":34645,"date":"2025-06-25T19:41:17","date_gmt":"2025-06-25T19:41:17","guid":{"rendered":"https:\/\/gangnambeaute.com\/?post_type=product&#038;p=34645"},"modified":"2026-04-11T02:53:30","modified_gmt":"2026-04-11T02:53:30","slug":"advanced-snail-mucin-gel-cleanser_50-ml","status":"publish","type":"product","link":"https:\/\/gangnambeaute.com\/en\/product\/advanced-snail-mucin-gel-cleanser_50-ml\/","title":{"rendered":"COSRX &#8211; Advanced Snail Mucin Gel Cleanser &#8211; 50 mL"},"content":{"rendered":"<p><strong>Ce nettoyant sert \u00e0 purifier la peau tout en l&rsquo;hydratant intens\u00e9ment et en la r\u00e9parant gr\u00e2ce \u00e0 l&rsquo;extrait de bave d&rsquo;escargot.<\/strong><\/p>","protected":false},"excerpt":{"rendered":"<div class=\"Y3BBE\" data-sfc-cp=\"\" data-sfc-cb=\"\" data-hveid=\"CAEIAhAA\" data-complete=\"true\" data-processed=\"true\"><strong>Massez une noisette sur votre\u00a0visage humide pour cr\u00e9er une mousse, puis rincez abondamment \u00e0 l&rsquo;eau ti\u00e8de.<\/strong><\/div>","protected":false},"featured_media":41286,"comment_status":"open","ping_status":"closed","template":"","meta":[],"product_brand":[1048],"product_cat":[344,346,360],"product_tag":[],"class_list":{"0":"post-34645","1":"product","2":"type-product","3":"status-publish","4":"has-post-thumbnail","6":"product_brand-cosrx-populare","7":"product_cat-skincare","8":"product_cat-nettoyants","9":"product_cat-gels-nettoyants","11":"first","12":"outofstock","13":"sale","14":"shipping-taxable","15":"purchasable","16":"product-type-simple"},"_links":{"self":[{"href":"https:\/\/gangnambeaute.com\/en\/wp-json\/wp\/v2\/product\/34645","targetHints":{"allow":["GET"]}}],"collection":[{"href":"https:\/\/gangnambeaute.com\/en\/wp-json\/wp\/v2\/product"}],"about":[{"href":"https:\/\/gangnambeaute.com\/en\/wp-json\/wp\/v2\/types\/product"}],"replies":[{"embeddable":true,"href":"https:\/\/gangnambeaute.com\/en\/wp-json\/wp\/v2\/comments?post=34645"}],"version-history":[{"count":5,"href":"https:\/\/gangnambeaute.com\/en\/wp-json\/wp\/v2\/product\/34645\/revisions"}],"predecessor-version":[{"id":43469,"href":"https:\/\/gangnambeaute.com\/en\/wp-json\/wp\/v2\/product\/34645\/revisions\/43469"}],"wp:featuredmedia":[{"embeddable":true,"href":"https:\/\/gangnambeaute.com\/en\/wp-json\/wp\/v2\/media\/41286"}],"wp:attachment":[{"href":"https:\/\/gangnambeaute.com\/en\/wp-json\/wp\/v2\/media?parent=34645"}],"wp:term":[{"taxonomy":"product_brand","embeddable":true,"href":"https:\/\/gangnambeaute.com\/en\/wp-json\/wp\/v2\/product_brand?post=34645"},{"taxonomy":"product_cat","embeddable":true,"href":"https:\/\/gangnambeaute.com\/en\/wp-json\/wp\/v2\/product_cat?post=34645"},{"taxonomy":"product_tag","embeddable":true,"href":"https:\/\/gangnambeaute.com\/en\/wp-json\/wp\/v2\/product_tag?post=34645"}],"curies":[{"name":"wp","href":"https:\/\/api.w.org\/{rel}","templated":true}]}}