{"id":34356,"date":"2025-06-21T02:54:49","date_gmt":"2025-06-21T02:54:49","guid":{"rendered":"https:\/\/gangnambeaute.com\/?post_type=product&#038;p=34356"},"modified":"2026-04-11T02:53:58","modified_gmt":"2026-04-11T02:53:58","slug":"dasique-cream-de-rose-tint-2","status":"publish","type":"product","link":"https:\/\/gangnambeaute.com\/en\/product\/dasique-cream-de-rose-tint-2\/","title":{"rendered":"Dasique  &#8211; Cream De Rose Tint &#8211; Encre \u00e0 l\u00e8vres &#8211; 4 couleurs"},"content":{"rendered":"<div id=\"\u00abRhkeh6htrndnb\u00bb\" role=\"region\">\n<div>\n<p>&nbsp;<\/p>\n<\/div>\n<div><strong>Cette encre \u00e0 l\u00e8vres sert \u00e0\u00a0colorer vos l\u00e8vres avec un fini mat et velout\u00e9 qui rappelle la douceur des p\u00e9tales de rose.<\/strong><\/div>\n<\/div>","protected":false},"excerpt":{"rendered":"<div class=\"Y3BBE\" data-sfc-cp=\"\" data-sfc-cb=\"\" data-hveid=\"CAEIAhAA\" data-complete=\"true\" data-processed=\"true\"><strong>Appliquez le produit sur vos\u00a0l\u00e8vres propres en \u00e9tirant la texture du centre vers les bords pour un fini flout\u00e9 et \u00e9l\u00e9gant.<\/strong><\/div>","protected":false},"featured_media":39300,"comment_status":"open","ping_status":"closed","template":"","meta":[],"product_brand":[1054],"product_cat":[388,391,406],"product_tag":[],"class_list":{"0":"post-34356","1":"product","2":"type-product","3":"status-publish","4":"has-post-thumbnail","6":"product_brand-dasique-populare","7":"product_cat-maquillage","8":"product_cat-levres","9":"product_cat-rouges-a-levres","11":"first","12":"instock","13":"sale","14":"shipping-taxable","15":"purchasable","16":"product-type-variable"},"_links":{"self":[{"href":"https:\/\/gangnambeaute.com\/en\/wp-json\/wp\/v2\/product\/34356","targetHints":{"allow":["GET"]}}],"collection":[{"href":"https:\/\/gangnambeaute.com\/en\/wp-json\/wp\/v2\/product"}],"about":[{"href":"https:\/\/gangnambeaute.com\/en\/wp-json\/wp\/v2\/types\/product"}],"replies":[{"embeddable":true,"href":"https:\/\/gangnambeaute.com\/en\/wp-json\/wp\/v2\/comments?post=34356"}],"version-history":[{"count":8,"href":"https:\/\/gangnambeaute.com\/en\/wp-json\/wp\/v2\/product\/34356\/revisions"}],"predecessor-version":[{"id":43758,"href":"https:\/\/gangnambeaute.com\/en\/wp-json\/wp\/v2\/product\/34356\/revisions\/43758"}],"wp:featuredmedia":[{"embeddable":true,"href":"https:\/\/gangnambeaute.com\/en\/wp-json\/wp\/v2\/media\/39300"}],"wp:attachment":[{"href":"https:\/\/gangnambeaute.com\/en\/wp-json\/wp\/v2\/media?parent=34356"}],"wp:term":[{"taxonomy":"product_brand","embeddable":true,"href":"https:\/\/gangnambeaute.com\/en\/wp-json\/wp\/v2\/product_brand?post=34356"},{"taxonomy":"product_cat","embeddable":true,"href":"https:\/\/gangnambeaute.com\/en\/wp-json\/wp\/v2\/product_cat?post=34356"},{"taxonomy":"product_tag","embeddable":true,"href":"https:\/\/gangnambeaute.com\/en\/wp-json\/wp\/v2\/product_tag?post=34356"}],"curies":[{"name":"wp","href":"https:\/\/api.w.org\/{rel}","templated":true}]}}