{"id":34281,"date":"2025-06-20T20:17:09","date_gmt":"2025-06-20T20:17:09","guid":{"rendered":"https:\/\/gangnambeaute.com\/?post_type=product&#038;p=34281"},"modified":"2026-04-11T02:53:29","modified_gmt":"2026-04-11T02:53:29","slug":"jigott-cats-eye-power-curling-mascara","status":"publish","type":"product","link":"https:\/\/gangnambeaute.com\/en\/product\/jigott-cats-eye-power-curling-mascara\/","title":{"rendered":"JIGOTT &#8211; CAT`S EYE POWER CURLING MASCARA"},"content":{"rendered":"<p><strong>Ce mascara sert \u00e0\u00a0recourber les cils\u00a0et \u00e0 fixer leur forme toute la journ\u00e9e gr\u00e2ce \u00e0 sa brosse incurv\u00e9e qui attrape chaque cil d\u00e8s la racine.<\/strong><\/p>","protected":false},"excerpt":{"rendered":"<div class=\"Y3BBE\" data-sfc-cp=\"\" data-sfc-cb=\"\" data-hveid=\"CAEIAhAA\" data-complete=\"true\" data-processed=\"true\"><strong>Brossez vos\u00a0cils propres en partant de la base et en \u00e9tirant vers le haut avec un mouvement de rotation pour maximiser la courbure.<\/strong><\/div>","protected":false},"featured_media":41278,"comment_status":"open","ping_status":"closed","template":"","meta":[],"product_brand":[1029],"product_cat":[388,390,401,429,433],"product_tag":[],"class_list":{"0":"post-34281","1":"product","2":"type-product","3":"status-publish","4":"has-post-thumbnail","6":"product_brand-jigott","7":"product_cat-maquillage","8":"product_cat-yeux","9":"product_cat-mascara","10":"product_cat-soldes","11":"product_cat-promotion-dete","13":"first","14":"outofstock","15":"sale","16":"shipping-taxable","17":"purchasable","18":"product-type-simple"},"_links":{"self":[{"href":"https:\/\/gangnambeaute.com\/en\/wp-json\/wp\/v2\/product\/34281","targetHints":{"allow":["GET"]}}],"collection":[{"href":"https:\/\/gangnambeaute.com\/en\/wp-json\/wp\/v2\/product"}],"about":[{"href":"https:\/\/gangnambeaute.com\/en\/wp-json\/wp\/v2\/types\/product"}],"replies":[{"embeddable":true,"href":"https:\/\/gangnambeaute.com\/en\/wp-json\/wp\/v2\/comments?post=34281"}],"version-history":[{"count":3,"href":"https:\/\/gangnambeaute.com\/en\/wp-json\/wp\/v2\/product\/34281\/revisions"}],"predecessor-version":[{"id":43827,"href":"https:\/\/gangnambeaute.com\/en\/wp-json\/wp\/v2\/product\/34281\/revisions\/43827"}],"wp:featuredmedia":[{"embeddable":true,"href":"https:\/\/gangnambeaute.com\/en\/wp-json\/wp\/v2\/media\/41278"}],"wp:attachment":[{"href":"https:\/\/gangnambeaute.com\/en\/wp-json\/wp\/v2\/media?parent=34281"}],"wp:term":[{"taxonomy":"product_brand","embeddable":true,"href":"https:\/\/gangnambeaute.com\/en\/wp-json\/wp\/v2\/product_brand?post=34281"},{"taxonomy":"product_cat","embeddable":true,"href":"https:\/\/gangnambeaute.com\/en\/wp-json\/wp\/v2\/product_cat?post=34281"},{"taxonomy":"product_tag","embeddable":true,"href":"https:\/\/gangnambeaute.com\/en\/wp-json\/wp\/v2\/product_tag?post=34281"}],"curies":[{"name":"wp","href":"https:\/\/api.w.org\/{rel}","templated":true}]}}