{"id":34276,"date":"2025-06-20T20:14:05","date_gmt":"2025-06-20T20:14:05","guid":{"rendered":"https:\/\/gangnambeaute.com\/?post_type=product&#038;p=34276"},"modified":"2026-04-11T02:53:29","modified_gmt":"2026-04-11T02:53:29","slug":"jigott-cats-eye-super-lash-mascara","status":"publish","type":"product","link":"https:\/\/gangnambeaute.com\/en\/product\/jigott-cats-eye-super-lash-mascara\/","title":{"rendered":"JIGOTT &#8211; CAT`S EYE SUPER LASH MASCARA"},"content":{"rendered":"<div class=\"Y3BBE\" data-sfc-cp=\"\" data-sfc-cb=\"\" data-hveid=\"CAEIARAA\" data-complete=\"true\" data-processed=\"true\"><strong>Ce mascara sert \u00e0\u00a0allonger les cils\u00a0\u00e0 l&rsquo;extr\u00eame et \u00e0 d\u00e9finir le regard sans faire de paquets gr\u00e2ce \u00e0 ses fibres haute performance.<span class=\"uJ19be notranslate\" data-wiz-uids=\"qsTa9e_d,qsTa9e_e\" data-sfc-cb=\"\" data-complete=\"true\" data-processed=\"true\"><span class=\"vKEkVd\" data-animation-atomic=\"\" data-wiz-attrbind=\"class=qsTa9e_c\/TKHnVd\" data-sae=\"\"><span aria-hidden=\"true\">\u00a0<\/span><\/span><\/span><\/strong><\/div>","protected":false},"excerpt":{"rendered":"<div class=\"Y3BBE\" data-sfc-cp=\"\" data-sfc-cb=\"\" data-hveid=\"CAEIAhAA\" data-complete=\"true\" data-processed=\"true\"><strong>Brossez vos\u00a0cils propres\u00a0de la racine vers les pointes en \u00e9tirant bien la mati\u00e8re pour un effet de longueur maximale.<span class=\"uJ19be notranslate\" data-wiz-uids=\"qsTa9e_i,qsTa9e_j\" data-sfc-cb=\"\" data-complete=\"true\" data-processed=\"true\"><span class=\"vKEkVd\" data-animation-atomic=\"\" data-wiz-attrbind=\"class=qsTa9e_h\/TKHnVd\" data-sae=\"\"><span aria-hidden=\"true\">\u00a0<\/span><\/span><\/span><\/strong><\/div>","protected":false},"featured_media":41274,"comment_status":"open","ping_status":"closed","template":"","meta":[],"product_brand":[1029],"product_cat":[388,390,401,429,430,433],"product_tag":[],"class_list":{"0":"post-34276","1":"product","2":"type-product","3":"status-publish","4":"has-post-thumbnail","6":"product_brand-jigott","7":"product_cat-maquillage","8":"product_cat-yeux","9":"product_cat-mascara","10":"product_cat-soldes","11":"product_cat-promotions","12":"product_cat-promotion-dete","14":"first","15":"outofstock","16":"sale","17":"shipping-taxable","18":"purchasable","19":"product-type-simple"},"_links":{"self":[{"href":"https:\/\/gangnambeaute.com\/en\/wp-json\/wp\/v2\/product\/34276","targetHints":{"allow":["GET"]}}],"collection":[{"href":"https:\/\/gangnambeaute.com\/en\/wp-json\/wp\/v2\/product"}],"about":[{"href":"https:\/\/gangnambeaute.com\/en\/wp-json\/wp\/v2\/types\/product"}],"replies":[{"embeddable":true,"href":"https:\/\/gangnambeaute.com\/en\/wp-json\/wp\/v2\/comments?post=34276"}],"version-history":[{"count":3,"href":"https:\/\/gangnambeaute.com\/en\/wp-json\/wp\/v2\/product\/34276\/revisions"}],"predecessor-version":[{"id":43828,"href":"https:\/\/gangnambeaute.com\/en\/wp-json\/wp\/v2\/product\/34276\/revisions\/43828"}],"wp:featuredmedia":[{"embeddable":true,"href":"https:\/\/gangnambeaute.com\/en\/wp-json\/wp\/v2\/media\/41274"}],"wp:attachment":[{"href":"https:\/\/gangnambeaute.com\/en\/wp-json\/wp\/v2\/media?parent=34276"}],"wp:term":[{"taxonomy":"product_brand","embeddable":true,"href":"https:\/\/gangnambeaute.com\/en\/wp-json\/wp\/v2\/product_brand?post=34276"},{"taxonomy":"product_cat","embeddable":true,"href":"https:\/\/gangnambeaute.com\/en\/wp-json\/wp\/v2\/product_cat?post=34276"},{"taxonomy":"product_tag","embeddable":true,"href":"https:\/\/gangnambeaute.com\/en\/wp-json\/wp\/v2\/product_tag?post=34276"}],"curies":[{"name":"wp","href":"https:\/\/api.w.org\/{rel}","templated":true}]}}