{"id":34182,"date":"2025-06-20T16:47:52","date_gmt":"2025-06-20T16:47:52","guid":{"rendered":"https:\/\/gangnambeaute.com\/?post_type=product&#038;p=34182"},"modified":"2026-04-21T15:39:38","modified_gmt":"2026-04-21T15:39:38","slug":"oil-free-ulra-moisturizing-lotionwith-birch-sap","status":"publish","type":"product","link":"https:\/\/gangnambeaute.com\/en\/product\/oil-free-ulra-moisturizing-lotionwith-birch-sap\/","title":{"rendered":"COSRX- OIL-FREE Ulra-Moisturizing Lotion(with Birch Sap) &#8211; 100ml"},"content":{"rendered":"<div class=\"Y3BBE\" data-sfc-cp=\"\" data-sfc-cb=\"\" data-hveid=\"CAEIARAA\" data-processed=\"true\" data-complete=\"true\"><strong>Cette lotion sert \u00e0\u00a0hydrater intens\u00e9ment sans fini gras gr\u00e2ce \u00e0 la s\u00e8ve de bouleau, id\u00e9ale pour les peaux mixtes \u00e0 grasses.<\/strong><\/div>","protected":false},"excerpt":{"rendered":"<p>&nbsp;<\/p>\n<div class=\"Y3BBE\" data-sfc-cp=\"\" data-sfc-cb=\"\" data-hveid=\"CAEIAhAA\" data-complete=\"true\" data-processed=\"true\"><strong>Appliquez une noisette sur votre\u00a0visage propre et massez d\u00e9licatement jusqu&rsquo;\u00e0 absorption compl\u00e8te.<\/strong><\/div>","protected":false},"featured_media":43483,"comment_status":"open","ping_status":"closed","template":"","meta":[],"product_brand":[1048],"product_cat":[344,348,367,368,435],"product_tag":[],"class_list":{"0":"post-34182","1":"product","2":"type-product","3":"status-publish","4":"has-post-thumbnail","6":"product_brand-cosrx-populare","7":"product_cat-skincare","8":"product_cat-soin-concentre","9":"product_cat-essences","10":"product_cat-serums","11":"product_cat-retour-en-stock","13":"first","14":"instock","15":"sale","16":"shipping-taxable","17":"purchasable","18":"product-type-simple"},"_links":{"self":[{"href":"https:\/\/gangnambeaute.com\/en\/wp-json\/wp\/v2\/product\/34182","targetHints":{"allow":["GET"]}}],"collection":[{"href":"https:\/\/gangnambeaute.com\/en\/wp-json\/wp\/v2\/product"}],"about":[{"href":"https:\/\/gangnambeaute.com\/en\/wp-json\/wp\/v2\/types\/product"}],"replies":[{"embeddable":true,"href":"https:\/\/gangnambeaute.com\/en\/wp-json\/wp\/v2\/comments?post=34182"}],"version-history":[{"count":7,"href":"https:\/\/gangnambeaute.com\/en\/wp-json\/wp\/v2\/product\/34182\/revisions"}],"predecessor-version":[{"id":43482,"href":"https:\/\/gangnambeaute.com\/en\/wp-json\/wp\/v2\/product\/34182\/revisions\/43482"}],"wp:featuredmedia":[{"embeddable":true,"href":"https:\/\/gangnambeaute.com\/en\/wp-json\/wp\/v2\/media\/43483"}],"wp:attachment":[{"href":"https:\/\/gangnambeaute.com\/en\/wp-json\/wp\/v2\/media?parent=34182"}],"wp:term":[{"taxonomy":"product_brand","embeddable":true,"href":"https:\/\/gangnambeaute.com\/en\/wp-json\/wp\/v2\/product_brand?post=34182"},{"taxonomy":"product_cat","embeddable":true,"href":"https:\/\/gangnambeaute.com\/en\/wp-json\/wp\/v2\/product_cat?post=34182"},{"taxonomy":"product_tag","embeddable":true,"href":"https:\/\/gangnambeaute.com\/en\/wp-json\/wp\/v2\/product_tag?post=34182"}],"curies":[{"name":"wp","href":"https:\/\/api.w.org\/{rel}","templated":true}]}}