{"id":34168,"date":"2025-06-20T11:43:27","date_gmt":"2025-06-20T11:43:27","guid":{"rendered":"https:\/\/gangnambeaute.com\/?post_type=product&#038;p=34168"},"modified":"2026-04-11T02:53:25","modified_gmt":"2026-04-11T02:53:25","slug":"dasique-starlit-jewel-liquid-glitter","status":"publish","type":"product","link":"https:\/\/gangnambeaute.com\/en\/product\/dasique-starlit-jewel-liquid-glitter\/","title":{"rendered":"Dasique &#8211; Starlit Jewel Liquid Glitter &#8211; Paillettes liquides"},"content":{"rendered":"<p><strong>Ces paillettes servent \u00e0\u00a0illuminer le regard avec un \u00e9clat multidimensionnel et une tenue longue dur\u00e9e gr\u00e2ce \u00e0 leur base aqueuse.<\/strong><\/p>","protected":false},"excerpt":{"rendered":"<div class=\"Y3BBE\" data-sfc-cp=\"\" data-sfc-cb=\"\" data-hveid=\"CAEIAhAA\" data-complete=\"true\" data-processed=\"true\"><strong>Appliquez une petite touche sur vos\u00a0paupi\u00e8res propres (ou par-dessus votre fard) \u00e0 l&rsquo;aide de l&rsquo;applicateur, puis estompez au doigt.<\/strong><\/div>","protected":false},"featured_media":41242,"comment_status":"open","ping_status":"closed","template":"","meta":[],"product_brand":[1054],"product_cat":[388,390,402],"product_tag":[],"class_list":{"0":"post-34168","1":"product","2":"type-product","3":"status-publish","4":"has-post-thumbnail","6":"product_brand-dasique-populare","7":"product_cat-maquillage","8":"product_cat-yeux","9":"product_cat-fard-a-paupieres","11":"first","12":"outofstock","13":"sale","14":"shipping-taxable","15":"purchasable","16":"product-type-simple"},"_links":{"self":[{"href":"https:\/\/gangnambeaute.com\/en\/wp-json\/wp\/v2\/product\/34168","targetHints":{"allow":["GET"]}}],"collection":[{"href":"https:\/\/gangnambeaute.com\/en\/wp-json\/wp\/v2\/product"}],"about":[{"href":"https:\/\/gangnambeaute.com\/en\/wp-json\/wp\/v2\/types\/product"}],"replies":[{"embeddable":true,"href":"https:\/\/gangnambeaute.com\/en\/wp-json\/wp\/v2\/comments?post=34168"}],"version-history":[{"count":5,"href":"https:\/\/gangnambeaute.com\/en\/wp-json\/wp\/v2\/product\/34168\/revisions"}],"predecessor-version":[{"id":43760,"href":"https:\/\/gangnambeaute.com\/en\/wp-json\/wp\/v2\/product\/34168\/revisions\/43760"}],"wp:featuredmedia":[{"embeddable":true,"href":"https:\/\/gangnambeaute.com\/en\/wp-json\/wp\/v2\/media\/41242"}],"wp:attachment":[{"href":"https:\/\/gangnambeaute.com\/en\/wp-json\/wp\/v2\/media?parent=34168"}],"wp:term":[{"taxonomy":"product_brand","embeddable":true,"href":"https:\/\/gangnambeaute.com\/en\/wp-json\/wp\/v2\/product_brand?post=34168"},{"taxonomy":"product_cat","embeddable":true,"href":"https:\/\/gangnambeaute.com\/en\/wp-json\/wp\/v2\/product_cat?post=34168"},{"taxonomy":"product_tag","embeddable":true,"href":"https:\/\/gangnambeaute.com\/en\/wp-json\/wp\/v2\/product_tag?post=34168"}],"curies":[{"name":"wp","href":"https:\/\/api.w.org\/{rel}","templated":true}]}}