{"id":34145,"date":"2025-06-20T11:24:36","date_gmt":"2025-06-20T11:24:36","guid":{"rendered":"https:\/\/gangnambeaute.com\/?post_type=product&#038;p=34145"},"modified":"2026-04-11T02:53:54","modified_gmt":"2026-04-11T02:53:54","slug":"dasique-blending-mood-cheek","status":"publish","type":"product","link":"https:\/\/gangnambeaute.com\/en\/product\/dasique-blending-mood-cheek\/","title":{"rendered":"Dasique &#8211; Blending Mood Cheek &#8211; Fard \u00e0 Joues &#8211; 3 couleurs"},"content":{"rendered":"<p><strong>Ce fard \u00e0 joues sert \u00e0\u00a0personnaliser votre teint et \u00e0 cr\u00e9er un d\u00e9grad\u00e9 parfait gr\u00e2ce \u00e0 ses quatre nuances compl\u00e9mentaires dans un seul poudrier.<\/strong><\/p>","protected":false},"excerpt":{"rendered":"<p><strong>M\u00e9langez les teintes \u00e0 l&rsquo;aide d&rsquo;un pinceau et balayez vos\u00a0pommettes d\u00e9licatement pour un fini frais et modulable.<\/strong><\/p>","protected":false},"featured_media":39228,"comment_status":"open","ping_status":"closed","template":"","meta":[],"product_brand":[1054],"product_cat":[388,389,395],"product_tag":[],"class_list":{"0":"post-34145","1":"product","2":"type-product","3":"status-publish","4":"has-post-thumbnail","6":"product_brand-dasique-populare","7":"product_cat-maquillage","8":"product_cat-visage","9":"product_cat-blush","11":"first","12":"instock","13":"sale","14":"shipping-taxable","15":"purchasable","16":"product-type-variable"},"_links":{"self":[{"href":"https:\/\/gangnambeaute.com\/en\/wp-json\/wp\/v2\/product\/34145","targetHints":{"allow":["GET"]}}],"collection":[{"href":"https:\/\/gangnambeaute.com\/en\/wp-json\/wp\/v2\/product"}],"about":[{"href":"https:\/\/gangnambeaute.com\/en\/wp-json\/wp\/v2\/types\/product"}],"replies":[{"embeddable":true,"href":"https:\/\/gangnambeaute.com\/en\/wp-json\/wp\/v2\/comments?post=34145"}],"version-history":[{"count":6,"href":"https:\/\/gangnambeaute.com\/en\/wp-json\/wp\/v2\/product\/34145\/revisions"}],"predecessor-version":[{"id":43768,"href":"https:\/\/gangnambeaute.com\/en\/wp-json\/wp\/v2\/product\/34145\/revisions\/43768"}],"wp:featuredmedia":[{"embeddable":true,"href":"https:\/\/gangnambeaute.com\/en\/wp-json\/wp\/v2\/media\/39228"}],"wp:attachment":[{"href":"https:\/\/gangnambeaute.com\/en\/wp-json\/wp\/v2\/media?parent=34145"}],"wp:term":[{"taxonomy":"product_brand","embeddable":true,"href":"https:\/\/gangnambeaute.com\/en\/wp-json\/wp\/v2\/product_brand?post=34145"},{"taxonomy":"product_cat","embeddable":true,"href":"https:\/\/gangnambeaute.com\/en\/wp-json\/wp\/v2\/product_cat?post=34145"},{"taxonomy":"product_tag","embeddable":true,"href":"https:\/\/gangnambeaute.com\/en\/wp-json\/wp\/v2\/product_tag?post=34145"}],"curies":[{"name":"wp","href":"https:\/\/api.w.org\/{rel}","templated":true}]}}