{"id":34130,"date":"2025-06-20T11:07:51","date_gmt":"2025-06-20T11:07:51","guid":{"rendered":"https:\/\/gangnambeaute.com\/?post_type=product&#038;p=34130"},"modified":"2026-04-11T02:55:52","modified_gmt":"2026-04-11T02:55:52","slug":"dasique-melting-candy-balm","status":"publish","type":"product","link":"https:\/\/gangnambeaute.com\/en\/product\/dasique-melting-candy-balm\/","title":{"rendered":"Dasique &#8211; Melting Candy Balm &#8211; Baume \u00e0 l\u00e8vres teint\u00e9 &#8211; 5 couleurs"},"content":{"rendered":"<p><strong>Ce baume sert \u00e0\u00a0apporter une brillance miroir et une couleur translucide tout en hydratant intens\u00e9ment vos l\u00e8vres gr\u00e2ce \u00e0 sa texture fondante.<\/strong><\/p>","protected":false},"excerpt":{"rendered":"<div class=\"Y3BBE\" data-sfc-cp=\"\" data-sfc-cb=\"\" data-hveid=\"CAEIAhAA\" data-complete=\"true\" data-processed=\"true\"><strong>Cliquez sur le bouton pour faire sortir une petite quantit\u00e9, appliquez sur vos\u00a0l\u00e8vres propres et laissez la chaleur de votre peau faire fondre le baume.<\/strong><\/div>","protected":false},"featured_media":39219,"comment_status":"open","ping_status":"closed","template":"","meta":[],"product_brand":[1054],"product_cat":[388,391,410],"product_tag":[],"class_list":{"0":"post-34130","1":"product","2":"type-product","3":"status-publish","4":"has-post-thumbnail","6":"product_brand-dasique-populare","7":"product_cat-maquillage","8":"product_cat-levres","9":"product_cat-baume-a-levres","11":"first","12":"instock","13":"sale","14":"shipping-taxable","15":"purchasable","16":"product-type-variable"},"_links":{"self":[{"href":"https:\/\/gangnambeaute.com\/en\/wp-json\/wp\/v2\/product\/34130","targetHints":{"allow":["GET"]}}],"collection":[{"href":"https:\/\/gangnambeaute.com\/en\/wp-json\/wp\/v2\/product"}],"about":[{"href":"https:\/\/gangnambeaute.com\/en\/wp-json\/wp\/v2\/types\/product"}],"replies":[{"embeddable":true,"href":"https:\/\/gangnambeaute.com\/en\/wp-json\/wp\/v2\/comments?post=34130"}],"version-history":[{"count":7,"href":"https:\/\/gangnambeaute.com\/en\/wp-json\/wp\/v2\/product\/34130\/revisions"}],"predecessor-version":[{"id":43773,"href":"https:\/\/gangnambeaute.com\/en\/wp-json\/wp\/v2\/product\/34130\/revisions\/43773"}],"wp:featuredmedia":[{"embeddable":true,"href":"https:\/\/gangnambeaute.com\/en\/wp-json\/wp\/v2\/media\/39219"}],"wp:attachment":[{"href":"https:\/\/gangnambeaute.com\/en\/wp-json\/wp\/v2\/media?parent=34130"}],"wp:term":[{"taxonomy":"product_brand","embeddable":true,"href":"https:\/\/gangnambeaute.com\/en\/wp-json\/wp\/v2\/product_brand?post=34130"},{"taxonomy":"product_cat","embeddable":true,"href":"https:\/\/gangnambeaute.com\/en\/wp-json\/wp\/v2\/product_cat?post=34130"},{"taxonomy":"product_tag","embeddable":true,"href":"https:\/\/gangnambeaute.com\/en\/wp-json\/wp\/v2\/product_tag?post=34130"}],"curies":[{"name":"wp","href":"https:\/\/api.w.org\/{rel}","templated":true}]}}