{"id":34125,"date":"2025-06-20T11:03:43","date_gmt":"2025-06-20T11:03:43","guid":{"rendered":"https:\/\/gangnambeaute.com\/?post_type=product&#038;p=34125"},"modified":"2026-04-11T02:53:22","modified_gmt":"2026-04-11T02:53:22","slug":"etude-my-lash-serum","status":"publish","type":"product","link":"https:\/\/gangnambeaute.com\/en\/product\/etude-my-lash-serum\/","title":{"rendered":"ETUDE &#8211; MY LASH SERUM &#8211; S\u00e9rum pour cils 9g"},"content":{"rendered":"<p><strong>e s\u00e9rum sert \u00e0\u00a0fortifier les cils et \u00e0 pr\u00e9venir leur chute en nourrissant la racine gr\u00e2ce \u00e0 la biotine et au panth\u00e9nol.<\/strong><\/p>","protected":false},"excerpt":{"rendered":"<p><strong>Brossez le produit sur vos\u00a0cils propres, de la racine vers les pointes, id\u00e9alement le soir avant de dormir.<span class=\"uJ19be notranslate\" data-wiz-uids=\"C95QHd_j,C95QHd_k\" data-sfc-cb=\"\" data-complete=\"true\" data-processed=\"true\"><span class=\"vKEkVd\" data-animation-atomic=\"\" data-wiz-attrbind=\"class=C95QHd_i\/TKHnVd\" data-sae=\"\"><span aria-hidden=\"true\" aria-owns=\"action-menu-parent-container\">\u00a0<\/span><\/span><\/span><\/strong><\/p>","protected":false},"featured_media":41237,"comment_status":"open","ping_status":"closed","template":"","meta":[],"product_brand":[1052],"product_cat":[344,388,390,399,429,430,433],"product_tag":[],"class_list":{"0":"post-34125","1":"product","2":"type-product","3":"status-publish","4":"has-post-thumbnail","6":"product_brand-etude-populare","7":"product_cat-skincare","8":"product_cat-maquillage","9":"product_cat-yeux","10":"product_cat-sourcils","11":"product_cat-soldes","12":"product_cat-promotions","13":"product_cat-promotion-dete","15":"first","16":"outofstock","17":"sale","18":"shipping-taxable","19":"purchasable","20":"product-type-simple"},"_links":{"self":[{"href":"https:\/\/gangnambeaute.com\/en\/wp-json\/wp\/v2\/product\/34125","targetHints":{"allow":["GET"]}}],"collection":[{"href":"https:\/\/gangnambeaute.com\/en\/wp-json\/wp\/v2\/product"}],"about":[{"href":"https:\/\/gangnambeaute.com\/en\/wp-json\/wp\/v2\/types\/product"}],"replies":[{"embeddable":true,"href":"https:\/\/gangnambeaute.com\/en\/wp-json\/wp\/v2\/comments?post=34125"}],"version-history":[{"count":5,"href":"https:\/\/gangnambeaute.com\/en\/wp-json\/wp\/v2\/product\/34125\/revisions"}],"predecessor-version":[{"id":43752,"href":"https:\/\/gangnambeaute.com\/en\/wp-json\/wp\/v2\/product\/34125\/revisions\/43752"}],"wp:featuredmedia":[{"embeddable":true,"href":"https:\/\/gangnambeaute.com\/en\/wp-json\/wp\/v2\/media\/41237"}],"wp:attachment":[{"href":"https:\/\/gangnambeaute.com\/en\/wp-json\/wp\/v2\/media?parent=34125"}],"wp:term":[{"taxonomy":"product_brand","embeddable":true,"href":"https:\/\/gangnambeaute.com\/en\/wp-json\/wp\/v2\/product_brand?post=34125"},{"taxonomy":"product_cat","embeddable":true,"href":"https:\/\/gangnambeaute.com\/en\/wp-json\/wp\/v2\/product_cat?post=34125"},{"taxonomy":"product_tag","embeddable":true,"href":"https:\/\/gangnambeaute.com\/en\/wp-json\/wp\/v2\/product_tag?post=34125"}],"curies":[{"name":"wp","href":"https:\/\/api.w.org\/{rel}","templated":true}]}}