{"id":34110,"date":"2025-06-20T10:39:07","date_gmt":"2025-06-20T10:39:07","guid":{"rendered":"https:\/\/gangnambeaute.com\/?post_type=product&#038;p=34110"},"modified":"2026-04-11T02:53:22","modified_gmt":"2026-04-11T02:53:22","slug":"onion-fresh-light-sun-stick-spf-50-pa","status":"publish","type":"product","link":"https:\/\/gangnambeaute.com\/en\/product\/onion-fresh-light-sun-stick-spf-50-pa\/","title":{"rendered":"Isntree &#8211; Onion Fresh Light Sun Stick SPF 50+ PA++++ &#8211; 22 g"},"content":{"rendered":"<p><strong>Ce stick solaire sert \u00e0\u00a0prot\u00e9ger des UV tout en apaisant les peaux \u00e0 imperfections et en r\u00e9gulant le s\u00e9bum gr\u00e2ce \u00e0 l&rsquo;extrait d&rsquo;oignon rouge.<\/strong><\/p>","protected":false},"excerpt":{"rendered":"<div class=\"Y3BBE\" data-sfc-cp=\"\" data-sfc-cb=\"\" data-hveid=\"CAEIAhAA\" data-complete=\"true\" data-processed=\"true\"><strong>Passez le stick directement sur votre\u00a0visage propre ou par-dessus votre maquillage pour des retouches faciles avec un fini l\u00e9ger et non gras.<\/strong><\/div>","protected":false},"featured_media":41234,"comment_status":"open","ping_status":"closed","template":"","meta":[],"product_brand":[1050],"product_cat":[344,352,377],"product_tag":[],"class_list":{"0":"post-34110","1":"product","2":"type-product","3":"status-publish","4":"has-post-thumbnail","6":"product_brand-isntree-populare","7":"product_cat-skincare","8":"product_cat-soins-solaires","9":"product_cat-stick-solaire","11":"first","12":"outofstock","13":"sale","14":"shipping-taxable","15":"purchasable","16":"product-type-simple"},"_links":{"self":[{"href":"https:\/\/gangnambeaute.com\/en\/wp-json\/wp\/v2\/product\/34110","targetHints":{"allow":["GET"]}}],"collection":[{"href":"https:\/\/gangnambeaute.com\/en\/wp-json\/wp\/v2\/product"}],"about":[{"href":"https:\/\/gangnambeaute.com\/en\/wp-json\/wp\/v2\/types\/product"}],"replies":[{"embeddable":true,"href":"https:\/\/gangnambeaute.com\/en\/wp-json\/wp\/v2\/comments?post=34110"}],"version-history":[{"count":3,"href":"https:\/\/gangnambeaute.com\/en\/wp-json\/wp\/v2\/product\/34110\/revisions"}],"predecessor-version":[{"id":43877,"href":"https:\/\/gangnambeaute.com\/en\/wp-json\/wp\/v2\/product\/34110\/revisions\/43877"}],"wp:featuredmedia":[{"embeddable":true,"href":"https:\/\/gangnambeaute.com\/en\/wp-json\/wp\/v2\/media\/41234"}],"wp:attachment":[{"href":"https:\/\/gangnambeaute.com\/en\/wp-json\/wp\/v2\/media?parent=34110"}],"wp:term":[{"taxonomy":"product_brand","embeddable":true,"href":"https:\/\/gangnambeaute.com\/en\/wp-json\/wp\/v2\/product_brand?post=34110"},{"taxonomy":"product_cat","embeddable":true,"href":"https:\/\/gangnambeaute.com\/en\/wp-json\/wp\/v2\/product_cat?post=34110"},{"taxonomy":"product_tag","embeddable":true,"href":"https:\/\/gangnambeaute.com\/en\/wp-json\/wp\/v2\/product_tag?post=34110"}],"curies":[{"name":"wp","href":"https:\/\/api.w.org\/{rel}","templated":true}]}}