{"id":33903,"date":"2025-06-19T19:13:47","date_gmt":"2025-06-19T19:13:47","guid":{"rendered":"https:\/\/gangnambeaute.com\/?post_type=product&#038;p=33903"},"modified":"2026-05-12T09:44:51","modified_gmt":"2026-05-12T09:44:51","slug":"birch-juice-trial-kit","status":"publish","type":"product","link":"https:\/\/gangnambeaute.com\/en\/product\/birch-juice-trial-kit\/","title":{"rendered":"ROUND LAB &#8211; Birch Juice Trial Kit &#8211; 4 produits"},"content":{"rendered":"<p><strong>Ce kit de voyage complet d\u00e9salt\u00e8re et hydrate intens\u00e9ment la peau<!--TgQPHd|[]--> en profondeur gr\u00e2ce \u00e0 la s\u00e8ve de bouleau riche en min\u00e9raux et en vitamines.<\/strong><\/p>","protected":false},"excerpt":{"rendered":"<p><strong>Suivez l&rsquo;ordre des quatre \u00e9tapes matin et soir : lavez avec le nettoyant<!--TgQPHd|[]-->, appliquez le tonique<!--TgQPHd|[]--> sur peau propre, \u00e9talez l&rsquo;ampoule<!--TgQPHd|[]--> hydratante, puis terminez par la cr\u00e8me<!--TgQPHd|[]--> pour sceller l&rsquo;hydratation.<\/strong><\/p>","protected":false},"featured_media":44912,"comment_status":"open","ping_status":"closed","template":"","meta":[],"product_brand":[1024],"product_cat":[344,436,437],"product_tag":[],"class_list":{"0":"post-33903","1":"product","2":"type-product","3":"status-publish","4":"has-post-thumbnail","6":"product_brand-roundlab","7":"product_cat-skincare","8":"product_cat-kits-coffrets","9":"product_cat-kits-de-marques-officielles","11":"first","12":"outofstock","13":"sale","14":"shipping-taxable","15":"purchasable","16":"product-type-simple"},"_links":{"self":[{"href":"https:\/\/gangnambeaute.com\/en\/wp-json\/wp\/v2\/product\/33903","targetHints":{"allow":["GET"]}}],"collection":[{"href":"https:\/\/gangnambeaute.com\/en\/wp-json\/wp\/v2\/product"}],"about":[{"href":"https:\/\/gangnambeaute.com\/en\/wp-json\/wp\/v2\/types\/product"}],"replies":[{"embeddable":true,"href":"https:\/\/gangnambeaute.com\/en\/wp-json\/wp\/v2\/comments?post=33903"}],"version-history":[{"count":6,"href":"https:\/\/gangnambeaute.com\/en\/wp-json\/wp\/v2\/product\/33903\/revisions"}],"predecessor-version":[{"id":44916,"href":"https:\/\/gangnambeaute.com\/en\/wp-json\/wp\/v2\/product\/33903\/revisions\/44916"}],"wp:featuredmedia":[{"embeddable":true,"href":"https:\/\/gangnambeaute.com\/en\/wp-json\/wp\/v2\/media\/44912"}],"wp:attachment":[{"href":"https:\/\/gangnambeaute.com\/en\/wp-json\/wp\/v2\/media?parent=33903"}],"wp:term":[{"taxonomy":"product_brand","embeddable":true,"href":"https:\/\/gangnambeaute.com\/en\/wp-json\/wp\/v2\/product_brand?post=33903"},{"taxonomy":"product_cat","embeddable":true,"href":"https:\/\/gangnambeaute.com\/en\/wp-json\/wp\/v2\/product_cat?post=33903"},{"taxonomy":"product_tag","embeddable":true,"href":"https:\/\/gangnambeaute.com\/en\/wp-json\/wp\/v2\/product_tag?post=33903"}],"curies":[{"name":"wp","href":"https:\/\/api.w.org\/{rel}","templated":true}]}}