{"id":33898,"date":"2025-06-19T19:10:35","date_gmt":"2025-06-19T19:10:35","guid":{"rendered":"https:\/\/gangnambeaute.com\/?post_type=product&#038;p=33898"},"modified":"2026-05-12T09:48:43","modified_gmt":"2026-05-12T09:48:43","slug":"birch-juice-moisturizing-sun-cushion","status":"publish","type":"product","link":"https:\/\/gangnambeaute.com\/en\/product\/birch-juice-moisturizing-sun-cushion\/","title":{"rendered":"ROUND LAB &#8211; Birch Juice Moisturizing Sun Cushion &#8211; 15g"},"content":{"rendered":"<p><strong>Ce solaire en bo\u00eetier compact prot\u00e8ge des UV tout en rafra\u00eechissant la peau<!--TgQPHd|[]--> gr\u00e2ce \u00e0 la s\u00e8ve de bouleau hydratante qui abaisse la temp\u00e9rature du visage.<\/strong><\/p>","protected":false},"excerpt":{"rendered":"<p><strong>Pressez la houppette fournie sur le coussin de produit, puis tapotez-la uniform\u00e9ment sur l&rsquo;ensemble du visage<!--TgQPHd|[]--> avant de sortir ou \u00e0 tout moment de la journ\u00e9e.<\/strong><\/p>","protected":false},"featured_media":44917,"comment_status":"open","ping_status":"closed","template":"","meta":[],"product_brand":[1024],"product_cat":[118],"product_tag":[],"class_list":{"0":"post-33898","1":"product","2":"type-product","3":"status-publish","4":"has-post-thumbnail","6":"product_brand-roundlab","7":"product_cat-default","9":"first","10":"outofstock","11":"sale","12":"shipping-taxable","13":"purchasable","14":"product-type-simple"},"_links":{"self":[{"href":"https:\/\/gangnambeaute.com\/en\/wp-json\/wp\/v2\/product\/33898","targetHints":{"allow":["GET"]}}],"collection":[{"href":"https:\/\/gangnambeaute.com\/en\/wp-json\/wp\/v2\/product"}],"about":[{"href":"https:\/\/gangnambeaute.com\/en\/wp-json\/wp\/v2\/types\/product"}],"replies":[{"embeddable":true,"href":"https:\/\/gangnambeaute.com\/en\/wp-json\/wp\/v2\/comments?post=33898"}],"version-history":[{"count":6,"href":"https:\/\/gangnambeaute.com\/en\/wp-json\/wp\/v2\/product\/33898\/revisions"}],"predecessor-version":[{"id":44920,"href":"https:\/\/gangnambeaute.com\/en\/wp-json\/wp\/v2\/product\/33898\/revisions\/44920"}],"wp:featuredmedia":[{"embeddable":true,"href":"https:\/\/gangnambeaute.com\/en\/wp-json\/wp\/v2\/media\/44917"}],"wp:attachment":[{"href":"https:\/\/gangnambeaute.com\/en\/wp-json\/wp\/v2\/media?parent=33898"}],"wp:term":[{"taxonomy":"product_brand","embeddable":true,"href":"https:\/\/gangnambeaute.com\/en\/wp-json\/wp\/v2\/product_brand?post=33898"},{"taxonomy":"product_cat","embeddable":true,"href":"https:\/\/gangnambeaute.com\/en\/wp-json\/wp\/v2\/product_cat?post=33898"},{"taxonomy":"product_tag","embeddable":true,"href":"https:\/\/gangnambeaute.com\/en\/wp-json\/wp\/v2\/product_tag?post=33898"}],"curies":[{"name":"wp","href":"https:\/\/api.w.org\/{rel}","templated":true}]}}