{"id":33877,"date":"2025-06-19T18:40:20","date_gmt":"2025-06-19T18:40:20","guid":{"rendered":"https:\/\/gangnambeaute.com\/?post_type=product&#038;p=33877"},"modified":"2026-04-11T02:53:13","modified_gmt":"2026-04-11T02:53:13","slug":"skin1004-madagascar-centella-air-fit-suncream-plus-50ml","status":"publish","type":"product","link":"https:\/\/gangnambeaute.com\/en\/product\/skin1004-madagascar-centella-air-fit-suncream-plus-50ml\/","title":{"rendered":"SKIN1004 -Madagascar Centella Air-Fit Suncream Plus &#8211; 50ml"},"content":{"rendered":"<p><strong>Cet \u00e9cran solaire sert \u00e0 prot\u00e9ger des UV tout en apaisant les peaux sensibles avec un fini mat gr\u00e2ce aux filtres min\u00e9raux et \u00e0 la Centella Asiatica.<\/strong><\/p>","protected":false},"excerpt":{"rendered":"<div class=\"Y3BBE\" data-sfc-cp=\"\" data-sfc-cb=\"\" data-hveid=\"CAEIAhAA\" data-complete=\"true\" data-processed=\"true\"><strong>Appliquez une quantit\u00e9 g\u00e9n\u00e9reuse sur votre\u00a0visage propre\u00a0comme derni\u00e8re \u00e9tape de votre routine matinale.<span class=\"uJ19be notranslate\" data-wiz-uids=\"ecLDAe_j,ecLDAe_k\" data-sfc-cb=\"\" data-complete=\"true\" data-processed=\"true\"><span class=\"vKEkVd\" data-animation-atomic=\"\" data-wiz-attrbind=\"class=ecLDAe_i\/TKHnVd\" data-sae=\"\"><span aria-hidden=\"true\">\u00a0<\/span><\/span><\/span><\/strong><\/div>","protected":false},"featured_media":44137,"comment_status":"open","ping_status":"closed","template":"","meta":[],"product_brand":[1046],"product_cat":[344,352,376],"product_tag":[],"class_list":{"0":"post-33877","1":"product","2":"type-product","3":"status-publish","4":"has-post-thumbnail","6":"product_brand-skin-1004-populare","7":"product_cat-skincare","8":"product_cat-soins-solaires","9":"product_cat-ecrans","11":"first","12":"outofstock","13":"sale","14":"shipping-taxable","15":"purchasable","16":"product-type-simple"},"_links":{"self":[{"href":"https:\/\/gangnambeaute.com\/en\/wp-json\/wp\/v2\/product\/33877","targetHints":{"allow":["GET"]}}],"collection":[{"href":"https:\/\/gangnambeaute.com\/en\/wp-json\/wp\/v2\/product"}],"about":[{"href":"https:\/\/gangnambeaute.com\/en\/wp-json\/wp\/v2\/types\/product"}],"replies":[{"embeddable":true,"href":"https:\/\/gangnambeaute.com\/en\/wp-json\/wp\/v2\/comments?post=33877"}],"version-history":[{"count":5,"href":"https:\/\/gangnambeaute.com\/en\/wp-json\/wp\/v2\/product\/33877\/revisions"}],"predecessor-version":[{"id":43690,"href":"https:\/\/gangnambeaute.com\/en\/wp-json\/wp\/v2\/product\/33877\/revisions\/43690"}],"wp:featuredmedia":[{"embeddable":true,"href":"https:\/\/gangnambeaute.com\/en\/wp-json\/wp\/v2\/media\/44137"}],"wp:attachment":[{"href":"https:\/\/gangnambeaute.com\/en\/wp-json\/wp\/v2\/media?parent=33877"}],"wp:term":[{"taxonomy":"product_brand","embeddable":true,"href":"https:\/\/gangnambeaute.com\/en\/wp-json\/wp\/v2\/product_brand?post=33877"},{"taxonomy":"product_cat","embeddable":true,"href":"https:\/\/gangnambeaute.com\/en\/wp-json\/wp\/v2\/product_cat?post=33877"},{"taxonomy":"product_tag","embeddable":true,"href":"https:\/\/gangnambeaute.com\/en\/wp-json\/wp\/v2\/product_tag?post=33877"}],"curies":[{"name":"wp","href":"https:\/\/api.w.org\/{rel}","templated":true}]}}