{"id":33858,"date":"2025-06-19T17:59:25","date_gmt":"2025-06-19T17:59:25","guid":{"rendered":"https:\/\/gangnambeaute.com\/?post_type=product&#038;p=33858"},"modified":"2026-04-11T02:53:12","modified_gmt":"2026-04-11T02:53:12","slug":"skin1004-madagascar-centella-ampoule-30ml","status":"publish","type":"product","link":"https:\/\/gangnambeaute.com\/en\/product\/skin1004-madagascar-centella-ampoule-30ml\/","title":{"rendered":"SKIN1004 &#8211; Madagascar Centella Ampoule &#8211; 30ml"},"content":{"rendered":"<p><strong>Cette ampoule sert \u00e0\u00a0apaiser intens\u00e9ment et \u00e0 r\u00e9parer la barri\u00e8re cutan\u00e9e gr\u00e2ce \u00e0 100 % d&rsquo;extrait de Centella Asiatica de Madagascar.<\/strong><\/p>\n<p>&nbsp;<\/p>","protected":false},"excerpt":{"rendered":"<div class=\"Y3BBE\" data-sfc-cp=\"\" data-sfc-cb=\"\" data-hveid=\"CAEIAhAA\" data-complete=\"true\" data-processed=\"true\"><strong>Appliquez quelques gouttes sur votre\u00a0visage propre\u00a0et tapotez doucement jusqu&rsquo;\u00e0 absorption compl\u00e8te avant votre cr\u00e8me.<span class=\"uJ19be notranslate\" data-wiz-uids=\"cwrrVb_j,cwrrVb_k\" data-sfc-cb=\"\" data-complete=\"true\" data-processed=\"true\"><span class=\"vKEkVd\" data-animation-atomic=\"\" data-wiz-attrbind=\"class=cwrrVb_i\/TKHnVd\" data-sae=\"\"><span aria-hidden=\"true\">\u00a0<\/span><\/span><\/span><\/strong><\/div>","protected":false},"featured_media":43693,"comment_status":"open","ping_status":"closed","template":"","meta":[],"product_brand":[1046],"product_cat":[344,348,369,433],"product_tag":[],"class_list":{"0":"post-33858","1":"product","2":"type-product","3":"status-publish","4":"has-post-thumbnail","6":"product_brand-skin-1004-populare","7":"product_cat-skincare","8":"product_cat-soin-concentre","9":"product_cat-ampoules","10":"product_cat-promotion-dete","12":"first","13":"outofstock","14":"sale","15":"shipping-taxable","16":"purchasable","17":"product-type-simple"},"_links":{"self":[{"href":"https:\/\/gangnambeaute.com\/en\/wp-json\/wp\/v2\/product\/33858","targetHints":{"allow":["GET"]}}],"collection":[{"href":"https:\/\/gangnambeaute.com\/en\/wp-json\/wp\/v2\/product"}],"about":[{"href":"https:\/\/gangnambeaute.com\/en\/wp-json\/wp\/v2\/types\/product"}],"replies":[{"embeddable":true,"href":"https:\/\/gangnambeaute.com\/en\/wp-json\/wp\/v2\/comments?post=33858"}],"version-history":[{"count":5,"href":"https:\/\/gangnambeaute.com\/en\/wp-json\/wp\/v2\/product\/33858\/revisions"}],"predecessor-version":[{"id":43694,"href":"https:\/\/gangnambeaute.com\/en\/wp-json\/wp\/v2\/product\/33858\/revisions\/43694"}],"wp:featuredmedia":[{"embeddable":true,"href":"https:\/\/gangnambeaute.com\/en\/wp-json\/wp\/v2\/media\/43693"}],"wp:attachment":[{"href":"https:\/\/gangnambeaute.com\/en\/wp-json\/wp\/v2\/media?parent=33858"}],"wp:term":[{"taxonomy":"product_brand","embeddable":true,"href":"https:\/\/gangnambeaute.com\/en\/wp-json\/wp\/v2\/product_brand?post=33858"},{"taxonomy":"product_cat","embeddable":true,"href":"https:\/\/gangnambeaute.com\/en\/wp-json\/wp\/v2\/product_cat?post=33858"},{"taxonomy":"product_tag","embeddable":true,"href":"https:\/\/gangnambeaute.com\/en\/wp-json\/wp\/v2\/product_tag?post=33858"}],"curies":[{"name":"wp","href":"https:\/\/api.w.org\/{rel}","templated":true}]}}