{"id":33820,"date":"2025-06-19T16:18:25","date_gmt":"2025-06-19T16:18:25","guid":{"rendered":"https:\/\/gangnambeaute.com\/?post_type=product&#038;p=33820"},"modified":"2026-05-08T00:01:41","modified_gmt":"2026-05-08T00:01:41","slug":"dr-althea-vitamin-c-boosting-serum","status":"publish","type":"product","link":"https:\/\/gangnambeaute.com\/en\/product\/dr-althea-vitamin-c-boosting-serum\/","title":{"rendered":"Dr. Althea &#8211; Vitamin C Boosting Serum &#8211; S\u00e9rum visage &#8211; 30ml"},"content":{"rendered":"<div class=\"Y3BBE\" data-sfc-cp=\"\" data-hveid=\"CAEIARAA\" data-complete=\"true\" data-processed=\"true\"><strong>Ce\u00a0s\u00e9rum \u00e0 la vitamine C illumine le teint, efface les taches et hydrate intens\u00e9ment tout en lissant les rides, m\u00eame sur peaux sensibles.<\/strong><\/div>\n<p>&nbsp;<\/p>","protected":false},"excerpt":{"rendered":"<p><strong>Appliquez une quantit\u00e9 mod\u00e9r\u00e9e de produit de mani\u00e8re uniforme sur l&rsquo;ensemble de votre visage. Tapotez d\u00e9licatement pour une meilleure absorption.<\/strong><\/p>","protected":false},"featured_media":44704,"comment_status":"open","ping_status":"closed","template":"","meta":[],"product_brand":[1047],"product_cat":[344,349],"product_tag":[],"class_list":{"0":"post-33820","1":"product","2":"type-product","3":"status-publish","4":"has-post-thumbnail","6":"product_brand-dr-althea-populare","7":"product_cat-skincare","8":"product_cat-vitamine-c","10":"first","11":"instock","12":"sale","13":"shipping-taxable","14":"purchasable","15":"product-type-simple"},"_links":{"self":[{"href":"https:\/\/gangnambeaute.com\/en\/wp-json\/wp\/v2\/product\/33820","targetHints":{"allow":["GET"]}}],"collection":[{"href":"https:\/\/gangnambeaute.com\/en\/wp-json\/wp\/v2\/product"}],"about":[{"href":"https:\/\/gangnambeaute.com\/en\/wp-json\/wp\/v2\/types\/product"}],"replies":[{"embeddable":true,"href":"https:\/\/gangnambeaute.com\/en\/wp-json\/wp\/v2\/comments?post=33820"}],"version-history":[{"count":8,"href":"https:\/\/gangnambeaute.com\/en\/wp-json\/wp\/v2\/product\/33820\/revisions"}],"predecessor-version":[{"id":42609,"href":"https:\/\/gangnambeaute.com\/en\/wp-json\/wp\/v2\/product\/33820\/revisions\/42609"}],"wp:featuredmedia":[{"embeddable":true,"href":"https:\/\/gangnambeaute.com\/en\/wp-json\/wp\/v2\/media\/44704"}],"wp:attachment":[{"href":"https:\/\/gangnambeaute.com\/en\/wp-json\/wp\/v2\/media?parent=33820"}],"wp:term":[{"taxonomy":"product_brand","embeddable":true,"href":"https:\/\/gangnambeaute.com\/en\/wp-json\/wp\/v2\/product_brand?post=33820"},{"taxonomy":"product_cat","embeddable":true,"href":"https:\/\/gangnambeaute.com\/en\/wp-json\/wp\/v2\/product_cat?post=33820"},{"taxonomy":"product_tag","embeddable":true,"href":"https:\/\/gangnambeaute.com\/en\/wp-json\/wp\/v2\/product_tag?post=33820"}],"curies":[{"name":"wp","href":"https:\/\/api.w.org\/{rel}","templated":true}]}}