{"id":33748,"date":"2025-06-19T15:22:21","date_gmt":"2025-06-19T15:22:21","guid":{"rendered":"https:\/\/gangnambeaute.com\/?post_type=product&#038;p=33748"},"modified":"2026-04-11T02:53:07","modified_gmt":"2026-04-11T02:53:07","slug":"anua-heartleaf-77-soothing-toner","status":"publish","type":"product","link":"https:\/\/gangnambeaute.com\/en\/product\/anua-heartleaf-77-soothing-toner\/","title":{"rendered":"Anua &#8211; Heartleaf 77% Soothing Toner &#8211; 250ml"},"content":{"rendered":"<p><strong>Ce tonique sert \u00e0\u00a0apaiser instantan\u00e9ment les rougeurs et \u00e0 calmer les peaux sensibles gr\u00e2ce \u00e0 sa concentration de 77 % en extrait de Heartleaf (Houttuynia Cordata).<\/strong><\/p>","protected":false},"excerpt":{"rendered":"<p><strong>Appliquez le produit sur votre\u00a0visage propre \u00e0 l&rsquo;aide d&rsquo;un coton ou en tapotant directement avec les mains avant votre s\u00e9rum.<\/strong><\/p>","protected":false},"featured_media":43895,"comment_status":"open","ping_status":"closed","template":"","meta":[],"product_brand":[1055],"product_cat":[344,347,364,429,430,433],"product_tag":[],"class_list":{"0":"post-33748","1":"product","2":"type-product","3":"status-publish","4":"has-post-thumbnail","6":"product_brand-anua-populare","7":"product_cat-skincare","8":"product_cat-toniques","9":"product_cat-toniques-calmants","10":"product_cat-soldes","11":"product_cat-promotions","12":"product_cat-promotion-dete","14":"first","15":"outofstock","16":"sale","17":"shipping-taxable","18":"purchasable","19":"product-type-simple"},"_links":{"self":[{"href":"https:\/\/gangnambeaute.com\/en\/wp-json\/wp\/v2\/product\/33748","targetHints":{"allow":["GET"]}}],"collection":[{"href":"https:\/\/gangnambeaute.com\/en\/wp-json\/wp\/v2\/product"}],"about":[{"href":"https:\/\/gangnambeaute.com\/en\/wp-json\/wp\/v2\/types\/product"}],"replies":[{"embeddable":true,"href":"https:\/\/gangnambeaute.com\/en\/wp-json\/wp\/v2\/comments?post=33748"}],"version-history":[{"count":7,"href":"https:\/\/gangnambeaute.com\/en\/wp-json\/wp\/v2\/product\/33748\/revisions"}],"predecessor-version":[{"id":43894,"href":"https:\/\/gangnambeaute.com\/en\/wp-json\/wp\/v2\/product\/33748\/revisions\/43894"}],"wp:featuredmedia":[{"embeddable":true,"href":"https:\/\/gangnambeaute.com\/en\/wp-json\/wp\/v2\/media\/43895"}],"wp:attachment":[{"href":"https:\/\/gangnambeaute.com\/en\/wp-json\/wp\/v2\/media?parent=33748"}],"wp:term":[{"taxonomy":"product_brand","embeddable":true,"href":"https:\/\/gangnambeaute.com\/en\/wp-json\/wp\/v2\/product_brand?post=33748"},{"taxonomy":"product_cat","embeddable":true,"href":"https:\/\/gangnambeaute.com\/en\/wp-json\/wp\/v2\/product_cat?post=33748"},{"taxonomy":"product_tag","embeddable":true,"href":"https:\/\/gangnambeaute.com\/en\/wp-json\/wp\/v2\/product_tag?post=33748"}],"curies":[{"name":"wp","href":"https:\/\/api.w.org\/{rel}","templated":true}]}}