{"id":33717,"date":"2025-06-19T15:16:05","date_gmt":"2025-06-19T15:16:05","guid":{"rendered":"https:\/\/gangnambeaute.com\/?post_type=product&#038;p=33717"},"modified":"2026-04-11T02:53:06","modified_gmt":"2026-04-11T02:53:06","slug":"anua-pdrn-hyaluronic-acid-capsule-100-serum","status":"publish","type":"product","link":"https:\/\/gangnambeaute.com\/en\/product\/anua-pdrn-hyaluronic-acid-capsule-100-serum\/","title":{"rendered":"Anua &#8211; PDRN Hyaluronic Acid Capsule 100 Serum &#8211; S\u00e9rum 30ml"},"content":{"rendered":"<p><strong>Ce s\u00e9rum sert \u00e0\u00a0r\u00e9g\u00e9n\u00e9rer la peau en profondeur et \u00e0 l&rsquo;hydrater intens\u00e9ment gr\u00e2ce aux capsules de PDRN (ADN de saumon) et \u00e0 l&rsquo;acide hyaluronique.<\/strong><\/p>","protected":false},"excerpt":{"rendered":"<div class=\"Y3BBE\" data-sfc-cp=\"\" data-sfc-cb=\"\" data-hveid=\"CAEIAhAA\" data-complete=\"true\" data-processed=\"true\"><strong>Appliquez 2 \u00e0 3 gouttes sur votre\u00a0visage propre\u00a0et massez d\u00e9licatement pour faire fondre les capsules et lib\u00e9rer les actifs avant votre cr\u00e8me.<span class=\"uJ19be notranslate\" data-wiz-uids=\"vZVdr_j,vZVdr_k\" data-sfc-cb=\"\" data-complete=\"true\" data-processed=\"true\"><span class=\"vKEkVd\" data-animation-atomic=\"\" data-wiz-attrbind=\"class=vZVdr_i\/TKHnVd\" data-sae=\"\"><span aria-hidden=\"true\">\u00a0<\/span><\/span><\/span><\/strong><\/div>","protected":false},"featured_media":41122,"comment_status":"open","ping_status":"closed","template":"","meta":[],"product_brand":[1055],"product_cat":[344,348,368,433],"product_tag":[],"class_list":{"0":"post-33717","1":"product","2":"type-product","3":"status-publish","4":"has-post-thumbnail","6":"product_brand-anua-populare","7":"product_cat-skincare","8":"product_cat-soin-concentre","9":"product_cat-serums","10":"product_cat-promotion-dete","12":"first","13":"outofstock","14":"sale","15":"shipping-taxable","16":"purchasable","17":"product-type-simple"},"_links":{"self":[{"href":"https:\/\/gangnambeaute.com\/en\/wp-json\/wp\/v2\/product\/33717","targetHints":{"allow":["GET"]}}],"collection":[{"href":"https:\/\/gangnambeaute.com\/en\/wp-json\/wp\/v2\/product"}],"about":[{"href":"https:\/\/gangnambeaute.com\/en\/wp-json\/wp\/v2\/types\/product"}],"replies":[{"embeddable":true,"href":"https:\/\/gangnambeaute.com\/en\/wp-json\/wp\/v2\/comments?post=33717"}],"version-history":[{"count":5,"href":"https:\/\/gangnambeaute.com\/en\/wp-json\/wp\/v2\/product\/33717\/revisions"}],"predecessor-version":[{"id":43898,"href":"https:\/\/gangnambeaute.com\/en\/wp-json\/wp\/v2\/product\/33717\/revisions\/43898"}],"wp:featuredmedia":[{"embeddable":true,"href":"https:\/\/gangnambeaute.com\/en\/wp-json\/wp\/v2\/media\/41122"}],"wp:attachment":[{"href":"https:\/\/gangnambeaute.com\/en\/wp-json\/wp\/v2\/media?parent=33717"}],"wp:term":[{"taxonomy":"product_brand","embeddable":true,"href":"https:\/\/gangnambeaute.com\/en\/wp-json\/wp\/v2\/product_brand?post=33717"},{"taxonomy":"product_cat","embeddable":true,"href":"https:\/\/gangnambeaute.com\/en\/wp-json\/wp\/v2\/product_cat?post=33717"},{"taxonomy":"product_tag","embeddable":true,"href":"https:\/\/gangnambeaute.com\/en\/wp-json\/wp\/v2\/product_tag?post=33717"}],"curies":[{"name":"wp","href":"https:\/\/api.w.org\/{rel}","templated":true}]}}