{"id":33190,"date":"2025-06-17T23:22:27","date_gmt":"2025-06-17T23:22:27","guid":{"rendered":"https:\/\/gangnambeaute.com\/?post_type=product&#038;p=33190"},"modified":"2026-04-11T02:53:02","modified_gmt":"2026-04-11T02:53:02","slug":"skin-1004-madagascar-centella-hyalu-cica-silky-fit-sun-stick-mini-stick-solaire","status":"publish","type":"product","link":"https:\/\/gangnambeaute.com\/en\/product\/skin-1004-madagascar-centella-hyalu-cica-silky-fit-sun-stick-mini-stick-solaire\/","title":{"rendered":"SKIN1004 &#8211; Madagascar Centella Hyalu Cica Silky Fit sun stick &#8211; Mini stick solaire &#8211; 7g"},"content":{"rendered":"<p><strong>Ce stick solaire sert \u00e0 prot\u00e9ger des UV tout au long de la journ\u00e9e avec un fini soyeux et non gras, id\u00e9al pour les retouches rapides.<\/strong><\/p>","protected":false},"excerpt":{"rendered":"<div class=\"Y3BBE\" data-sfc-cp=\"\" data-sfc-cb=\"\" data-hveid=\"CAEIAhAA\" data-complete=\"true\" data-processed=\"true\">\n<div class=\"Y3BBE\" data-sfc-cp=\"\" data-sfc-cb=\"\" data-hveid=\"CAEIAhAA\" data-complete=\"true\" data-processed=\"true\"><strong>Passez le stick directement sur votre\u00a0visage propre ou par-dessus votre maquillage \u00e0 tout moment de la journ\u00e9e.<\/strong><\/div>\n<\/div>","protected":false},"featured_media":41118,"comment_status":"open","ping_status":"closed","template":"","meta":[],"product_brand":[1046],"product_cat":[344,352,377],"product_tag":[],"class_list":{"0":"post-33190","1":"product","2":"type-product","3":"status-publish","4":"has-post-thumbnail","6":"product_brand-skin-1004-populare","7":"product_cat-skincare","8":"product_cat-soins-solaires","9":"product_cat-stick-solaire","11":"first","12":"instock","13":"sale","14":"shipping-taxable","15":"purchasable","16":"product-type-simple"},"_links":{"self":[{"href":"https:\/\/gangnambeaute.com\/en\/wp-json\/wp\/v2\/product\/33190","targetHints":{"allow":["GET"]}}],"collection":[{"href":"https:\/\/gangnambeaute.com\/en\/wp-json\/wp\/v2\/product"}],"about":[{"href":"https:\/\/gangnambeaute.com\/en\/wp-json\/wp\/v2\/types\/product"}],"replies":[{"embeddable":true,"href":"https:\/\/gangnambeaute.com\/en\/wp-json\/wp\/v2\/comments?post=33190"}],"version-history":[{"count":6,"href":"https:\/\/gangnambeaute.com\/en\/wp-json\/wp\/v2\/product\/33190\/revisions"}],"predecessor-version":[{"id":43702,"href":"https:\/\/gangnambeaute.com\/en\/wp-json\/wp\/v2\/product\/33190\/revisions\/43702"}],"wp:featuredmedia":[{"embeddable":true,"href":"https:\/\/gangnambeaute.com\/en\/wp-json\/wp\/v2\/media\/41118"}],"wp:attachment":[{"href":"https:\/\/gangnambeaute.com\/en\/wp-json\/wp\/v2\/media?parent=33190"}],"wp:term":[{"taxonomy":"product_brand","embeddable":true,"href":"https:\/\/gangnambeaute.com\/en\/wp-json\/wp\/v2\/product_brand?post=33190"},{"taxonomy":"product_cat","embeddable":true,"href":"https:\/\/gangnambeaute.com\/en\/wp-json\/wp\/v2\/product_cat?post=33190"},{"taxonomy":"product_tag","embeddable":true,"href":"https:\/\/gangnambeaute.com\/en\/wp-json\/wp\/v2\/product_tag?post=33190"}],"curies":[{"name":"wp","href":"https:\/\/api.w.org\/{rel}","templated":true}]}}