{"id":33076,"date":"2025-06-16T01:24:30","date_gmt":"2025-06-16T01:24:30","guid":{"rendered":"https:\/\/gangnambeaute.com\/?post_type=product&#038;p=33076"},"modified":"2026-04-11T02:55:52","modified_gmt":"2026-04-11T02:55:52","slug":"dasique-water-dewy-gel-cushion-heart-edition-3-colors","status":"publish","type":"product","link":"https:\/\/gangnambeaute.com\/en\/product\/dasique-water-dewy-gel-cushion-heart-edition-3-colors\/","title":{"rendered":"Dasique &#8211; Water Dewy Gel Cushion &#8211; BB cr\u00e8me &#8211; 3 Couleurs"},"content":{"rendered":"<p><strong>Ce bo\u00eetier sert \u00e0\u00a0unifier le teint avec un fini frais et naturel gr\u00e2ce \u00e0 sa texture gel-eau qui hydrate la peau en profondeur.<\/strong><\/p>","protected":false},"excerpt":{"rendered":"<div class=\"Y3BBE\" data-sfc-cp=\"\" data-sfc-cb=\"\" data-hveid=\"CAEIAhAA\" data-complete=\"true\" data-processed=\"true\"><strong>Pressez la houppette sur le coussin, puis tapotez d\u00e9licatement sur votre\u00a0visage propre\u00a0jusqu\u2019\u00e0 obtenir la couvrance souhait\u00e9e.<span class=\"uJ19be notranslate\" data-wiz-uids=\"UQ60Ad_j,UQ60Ad_k\" data-sfc-cb=\"\" data-complete=\"true\" data-processed=\"true\"><span class=\"vKEkVd\" data-animation-atomic=\"\" data-wiz-attrbind=\"class=UQ60Ad_i\/TKHnVd\" data-sae=\"\"><span aria-hidden=\"true\">\u00a0<\/span><\/span><\/span><\/strong><\/div>","protected":false},"featured_media":39072,"comment_status":"open","ping_status":"closed","template":"","meta":[],"product_brand":[1054],"product_cat":[388,389,393,394],"product_tag":[],"class_list":{"0":"post-33076","1":"product","2":"type-product","3":"status-publish","4":"has-post-thumbnail","6":"product_brand-dasique-populare","7":"product_cat-maquillage","8":"product_cat-visage","9":"product_cat-bb-creme","10":"product_cat-fond-de-teint","12":"first","13":"outofstock","14":"sale","15":"shipping-taxable","16":"purchasable","17":"product-type-variable"},"_links":{"self":[{"href":"https:\/\/gangnambeaute.com\/en\/wp-json\/wp\/v2\/product\/33076","targetHints":{"allow":["GET"]}}],"collection":[{"href":"https:\/\/gangnambeaute.com\/en\/wp-json\/wp\/v2\/product"}],"about":[{"href":"https:\/\/gangnambeaute.com\/en\/wp-json\/wp\/v2\/types\/product"}],"replies":[{"embeddable":true,"href":"https:\/\/gangnambeaute.com\/en\/wp-json\/wp\/v2\/comments?post=33076"}],"version-history":[{"count":6,"href":"https:\/\/gangnambeaute.com\/en\/wp-json\/wp\/v2\/product\/33076\/revisions"}],"predecessor-version":[{"id":43774,"href":"https:\/\/gangnambeaute.com\/en\/wp-json\/wp\/v2\/product\/33076\/revisions\/43774"}],"wp:featuredmedia":[{"embeddable":true,"href":"https:\/\/gangnambeaute.com\/en\/wp-json\/wp\/v2\/media\/39072"}],"wp:attachment":[{"href":"https:\/\/gangnambeaute.com\/en\/wp-json\/wp\/v2\/media?parent=33076"}],"wp:term":[{"taxonomy":"product_brand","embeddable":true,"href":"https:\/\/gangnambeaute.com\/en\/wp-json\/wp\/v2\/product_brand?post=33076"},{"taxonomy":"product_cat","embeddable":true,"href":"https:\/\/gangnambeaute.com\/en\/wp-json\/wp\/v2\/product_cat?post=33076"},{"taxonomy":"product_tag","embeddable":true,"href":"https:\/\/gangnambeaute.com\/en\/wp-json\/wp\/v2\/product_tag?post=33076"}],"curies":[{"name":"wp","href":"https:\/\/api.w.org\/{rel}","templated":true}]}}