{"id":30573,"date":"2025-05-11T01:38:53","date_gmt":"2025-05-11T01:38:53","guid":{"rendered":"https:\/\/darkturquoise-squirrel-824428.hostingersite.com\/product\/caffeine-shampoo-500ml-white-musk\/"},"modified":"2026-04-11T02:53:10","modified_gmt":"2026-04-11T02:53:10","slug":"caffeine-shampoo-500ml-white-musk","status":"publish","type":"product","link":"https:\/\/gangnambeaute.com\/en\/product\/caffeine-shampoo-500ml-white-musk\/","title":{"rendered":"KUNDAL &#8211; CAFFEINE SHAMPOO &#8211; 500 ml"},"content":{"rendered":"<p><strong>Ce shampooing sert \u00e0\u00a0pr\u00e9venir la chute des cheveux et \u00e0 stimuler le cuir chevelu gr\u00e2ce \u00e0 la caf\u00e9ine et aux extraits naturels.<\/strong><\/p>","protected":false},"excerpt":{"rendered":"<p>&nbsp;<\/p>\n<div class=\"Y3BBE\" data-sfc-cp=\"\" data-sfc-cb=\"\" data-hveid=\"CAEIAhAA\" data-complete=\"true\" data-processed=\"true\"><strong>Massez une noisette sur votre\u00a0cuir chevelu humide, laissez agir 2 \u00e0 3 minutes, puis rincez abondamment \u00e0 l&rsquo;eau ti\u00e8de.<span class=\"uJ19be notranslate\" data-wiz-uids=\"ZOFtIf_j,ZOFtIf_k\" data-sfc-cb=\"\" data-complete=\"true\" data-processed=\"true\"><span class=\"vKEkVd\" data-animation-atomic=\"\" data-wiz-attrbind=\"class=ZOFtIf_i\/TKHnVd\" data-sae=\"\"><span aria-hidden=\"true\">\u00a0<\/span><\/span><\/span><\/strong><\/div>","protected":false},"featured_media":43800,"comment_status":"open","ping_status":"closed","template":"","meta":[],"product_brand":[1051],"product_cat":[413,414,418],"product_tag":[],"class_list":{"0":"post-30573","1":"product","2":"type-product","3":"status-publish","4":"has-post-thumbnail","6":"product_brand-kundal-populare","7":"product_cat-cheveux-corps","8":"product_cat-soins-des-cheveux","9":"product_cat-shampooing-et-apres-shampooing","11":"first","12":"outofstock","13":"shipping-taxable","14":"product-type-variable"},"_links":{"self":[{"href":"https:\/\/gangnambeaute.com\/en\/wp-json\/wp\/v2\/product\/30573","targetHints":{"allow":["GET"]}}],"collection":[{"href":"https:\/\/gangnambeaute.com\/en\/wp-json\/wp\/v2\/product"}],"about":[{"href":"https:\/\/gangnambeaute.com\/en\/wp-json\/wp\/v2\/types\/product"}],"replies":[{"embeddable":true,"href":"https:\/\/gangnambeaute.com\/en\/wp-json\/wp\/v2\/comments?post=30573"}],"version-history":[{"count":9,"href":"https:\/\/gangnambeaute.com\/en\/wp-json\/wp\/v2\/product\/30573\/revisions"}],"predecessor-version":[{"id":43801,"href":"https:\/\/gangnambeaute.com\/en\/wp-json\/wp\/v2\/product\/30573\/revisions\/43801"}],"wp:featuredmedia":[{"embeddable":true,"href":"https:\/\/gangnambeaute.com\/en\/wp-json\/wp\/v2\/media\/43800"}],"wp:attachment":[{"href":"https:\/\/gangnambeaute.com\/en\/wp-json\/wp\/v2\/media?parent=30573"}],"wp:term":[{"taxonomy":"product_brand","embeddable":true,"href":"https:\/\/gangnambeaute.com\/en\/wp-json\/wp\/v2\/product_brand?post=30573"},{"taxonomy":"product_cat","embeddable":true,"href":"https:\/\/gangnambeaute.com\/en\/wp-json\/wp\/v2\/product_cat?post=30573"},{"taxonomy":"product_tag","embeddable":true,"href":"https:\/\/gangnambeaute.com\/en\/wp-json\/wp\/v2\/product_tag?post=30573"}],"curies":[{"name":"wp","href":"https:\/\/api.w.org\/{rel}","templated":true}]}}