{"id":30529,"date":"2025-05-10T04:56:29","date_gmt":"2025-05-10T04:56:29","guid":{"rendered":"https:\/\/darkturquoise-squirrel-824428.hostingersite.com\/product\/cosrx-acne-pimple-master-patch-patchs-anti-boutons\/"},"modified":"2026-04-14T18:22:55","modified_gmt":"2026-04-14T18:22:55","slug":"cosrx-acne-pimple-master-patch-patchs-anti-boutons","status":"publish","type":"product","link":"https:\/\/gangnambeaute.com\/en\/product\/cosrx-acne-pimple-master-patch-patchs-anti-boutons\/","title":{"rendered":"COSRX &#8211; Acne Pimple Master Patch &#8211; Patchs anti-boutons &#8211; 24 patches"},"content":{"rendered":"<p><strong>Ces patchs servent \u00e0\u00a0isoler les boutons pour extraire le s\u00e9bum et acc\u00e9l\u00e9rer la cicatrisation tout en \u00e9vitant les infections.<\/strong><\/p>","protected":false},"excerpt":{"rendered":"<p><strong>Collez un patch sur le\u00a0bouton propre et sec, puis laissez-le agir plusieurs heures ou toute la nuit jusqu&rsquo;\u00e0 ce qu&rsquo;il blanchisse.<\/strong><\/p>","protected":false},"featured_media":41068,"comment_status":"open","ping_status":"closed","template":"","meta":[],"product_brand":[1048],"product_cat":[344,356,387,432,433],"product_tag":[],"class_list":{"0":"post-30529","1":"product","2":"type-product","3":"status-publish","4":"has-post-thumbnail","6":"product_brand-cosrx-populare","7":"product_cat-skincare","8":"product_cat-patchs","9":"product_cat-patch-pour-les-boutons","10":"product_cat-meilleurs-ventes","11":"product_cat-promotion-dete","13":"first","14":"instock","15":"sale","16":"shipping-taxable","17":"purchasable","18":"product-type-simple"},"_links":{"self":[{"href":"https:\/\/gangnambeaute.com\/en\/wp-json\/wp\/v2\/product\/30529","targetHints":{"allow":["GET"]}}],"collection":[{"href":"https:\/\/gangnambeaute.com\/en\/wp-json\/wp\/v2\/product"}],"about":[{"href":"https:\/\/gangnambeaute.com\/en\/wp-json\/wp\/v2\/types\/product"}],"replies":[{"embeddable":true,"href":"https:\/\/gangnambeaute.com\/en\/wp-json\/wp\/v2\/comments?post=30529"}],"version-history":[{"count":5,"href":"https:\/\/gangnambeaute.com\/en\/wp-json\/wp\/v2\/product\/30529\/revisions"}],"predecessor-version":[{"id":43495,"href":"https:\/\/gangnambeaute.com\/en\/wp-json\/wp\/v2\/product\/30529\/revisions\/43495"}],"wp:featuredmedia":[{"embeddable":true,"href":"https:\/\/gangnambeaute.com\/en\/wp-json\/wp\/v2\/media\/41068"}],"wp:attachment":[{"href":"https:\/\/gangnambeaute.com\/en\/wp-json\/wp\/v2\/media?parent=30529"}],"wp:term":[{"taxonomy":"product_brand","embeddable":true,"href":"https:\/\/gangnambeaute.com\/en\/wp-json\/wp\/v2\/product_brand?post=30529"},{"taxonomy":"product_cat","embeddable":true,"href":"https:\/\/gangnambeaute.com\/en\/wp-json\/wp\/v2\/product_cat?post=30529"},{"taxonomy":"product_tag","embeddable":true,"href":"https:\/\/gangnambeaute.com\/en\/wp-json\/wp\/v2\/product_tag?post=30529"}],"curies":[{"name":"wp","href":"https:\/\/api.w.org\/{rel}","templated":true}]}}