{"id":30513,"date":"2025-05-10T04:56:28","date_gmt":"2025-05-10T04:56:28","guid":{"rendered":"https:\/\/darkturquoise-squirrel-824428.hostingersite.com\/product\/cosrx-the-retinol-0-1-cream-creme-retinol-01\/"},"modified":"2026-05-03T13:32:55","modified_gmt":"2026-05-03T13:32:55","slug":"cosrx-the-retinol-0-1-cream-creme-retinol-01","status":"publish","type":"product","link":"https:\/\/gangnambeaute.com\/en\/product\/cosrx-the-retinol-0-1-cream-creme-retinol-01\/","title":{"rendered":"COSRX &#8211; The Retinol 0.1 Cream &#8211; Cr\u00e8me &#8211; 20ml"},"content":{"rendered":"<p><b>Cette cr\u00e8me sert \u00e0\u00a0<strong class=\"Yjhzub\" data-sfc-cb=\"\" data-complete=\"true\">lisser les rides<\/strong> et \u00e0 affiner le grain de peau gr\u00e2ce \u00e0 une faible concentration de r\u00e9tinol pur.<\/b><\/p>","protected":false},"excerpt":{"rendered":"<p><strong>Appliquez une noisette sur votre\u00a0visage propre uniquement le soir, en commen\u00e7ant par deux \u00e0 trois fois par semaine.<\/strong><\/p>","protected":false},"featured_media":43514,"comment_status":"open","ping_status":"closed","template":"","meta":[],"product_brand":[1048],"product_cat":[344,348,370,435],"product_tag":[586],"class_list":{"0":"post-30513","1":"product","2":"type-product","3":"status-publish","4":"has-post-thumbnail","6":"product_brand-cosrx-populare","7":"product_cat-skincare","8":"product_cat-soin-concentre","9":"product_cat-cremes","10":"product_cat-retour-en-stock","11":"product_tag-ligne-rx","13":"first","14":"instock","15":"sale","16":"shipping-taxable","17":"purchasable","18":"product-type-simple"},"_links":{"self":[{"href":"https:\/\/gangnambeaute.com\/en\/wp-json\/wp\/v2\/product\/30513","targetHints":{"allow":["GET"]}}],"collection":[{"href":"https:\/\/gangnambeaute.com\/en\/wp-json\/wp\/v2\/product"}],"about":[{"href":"https:\/\/gangnambeaute.com\/en\/wp-json\/wp\/v2\/types\/product"}],"replies":[{"embeddable":true,"href":"https:\/\/gangnambeaute.com\/en\/wp-json\/wp\/v2\/comments?post=30513"}],"version-history":[{"count":6,"href":"https:\/\/gangnambeaute.com\/en\/wp-json\/wp\/v2\/product\/30513\/revisions"}],"predecessor-version":[{"id":43515,"href":"https:\/\/gangnambeaute.com\/en\/wp-json\/wp\/v2\/product\/30513\/revisions\/43515"}],"wp:featuredmedia":[{"embeddable":true,"href":"https:\/\/gangnambeaute.com\/en\/wp-json\/wp\/v2\/media\/43514"}],"wp:attachment":[{"href":"https:\/\/gangnambeaute.com\/en\/wp-json\/wp\/v2\/media?parent=30513"}],"wp:term":[{"taxonomy":"product_brand","embeddable":true,"href":"https:\/\/gangnambeaute.com\/en\/wp-json\/wp\/v2\/product_brand?post=30513"},{"taxonomy":"product_cat","embeddable":true,"href":"https:\/\/gangnambeaute.com\/en\/wp-json\/wp\/v2\/product_cat?post=30513"},{"taxonomy":"product_tag","embeddable":true,"href":"https:\/\/gangnambeaute.com\/en\/wp-json\/wp\/v2\/product_tag?post=30513"}],"curies":[{"name":"wp","href":"https:\/\/api.w.org\/{rel}","templated":true}]}}