{"id":30507,"date":"2025-05-10T04:56:28","date_gmt":"2025-05-10T04:56:28","guid":{"rendered":"https:\/\/darkturquoise-squirrel-824428.hostingersite.com\/product\/skin-1004-madagascar-centella-hyalu-cica-water-fit-sun-serum-serum-solaire-3\/"},"modified":"2026-04-11T02:52:39","modified_gmt":"2026-04-11T02:52:39","slug":"skin-1004-madagascar-centella-hyalu-cica-water-fit-sun-serum-serum-solaire-3","status":"publish","type":"product","link":"https:\/\/gangnambeaute.com\/en\/product\/skin-1004-madagascar-centella-hyalu-cica-water-fit-sun-serum-serum-solaire-3\/","title":{"rendered":"SKIN1004 &#8211; Madagascar Centella Hyalu-Cica Water-Fit Sun Serum &#8211; Ecran -50ml"},"content":{"rendered":"<p><strong>Cet \u00e9cran solaire sert \u00e0\u00a0prot\u00e9ger des UV tout en offrant une hydratation intense et un fini frais, sans traces blanches, gr\u00e2ce \u00e0 l&rsquo;acide hyaluronique.<\/strong><\/p>","protected":false},"excerpt":{"rendered":"<div class=\"Y3BBE\" data-sfc-cp=\"\" data-sfc-cb=\"\" data-hveid=\"CAEIAhAA\" data-complete=\"true\" data-processed=\"true\"><strong>Appliquez une quantit\u00e9 g\u00e9n\u00e9reuse sur votre\u00a0visage propre\u00a0comme derni\u00e8re \u00e9tape de votre routine matinale.<span class=\"uJ19be notranslate\" data-wiz-uids=\"Zjuytb_j,Zjuytb_k\" data-sfc-cb=\"\" data-complete=\"true\" data-processed=\"true\"><span class=\"vKEkVd\" data-animation-atomic=\"\" data-wiz-attrbind=\"class=Zjuytb_i\/TKHnVd\" data-sae=\"\"><span aria-hidden=\"true\">\u00a0<\/span><\/span><\/span><\/strong><\/div>","protected":false},"featured_media":44089,"comment_status":"open","ping_status":"closed","template":"","meta":[],"product_brand":[1046],"product_cat":[344,352,376],"product_tag":[],"class_list":{"0":"post-30507","1":"product","2":"type-product","3":"status-publish","4":"has-post-thumbnail","6":"product_brand-skin-1004-populare","7":"product_cat-skincare","8":"product_cat-soins-solaires","9":"product_cat-ecrans","11":"first","12":"outofstock","13":"sale","14":"shipping-taxable","15":"purchasable","16":"product-type-simple"},"_links":{"self":[{"href":"https:\/\/gangnambeaute.com\/en\/wp-json\/wp\/v2\/product\/30507","targetHints":{"allow":["GET"]}}],"collection":[{"href":"https:\/\/gangnambeaute.com\/en\/wp-json\/wp\/v2\/product"}],"about":[{"href":"https:\/\/gangnambeaute.com\/en\/wp-json\/wp\/v2\/types\/product"}],"replies":[{"embeddable":true,"href":"https:\/\/gangnambeaute.com\/en\/wp-json\/wp\/v2\/comments?post=30507"}],"version-history":[{"count":7,"href":"https:\/\/gangnambeaute.com\/en\/wp-json\/wp\/v2\/product\/30507\/revisions"}],"predecessor-version":[{"id":43723,"href":"https:\/\/gangnambeaute.com\/en\/wp-json\/wp\/v2\/product\/30507\/revisions\/43723"}],"wp:featuredmedia":[{"embeddable":true,"href":"https:\/\/gangnambeaute.com\/en\/wp-json\/wp\/v2\/media\/44089"}],"wp:attachment":[{"href":"https:\/\/gangnambeaute.com\/en\/wp-json\/wp\/v2\/media?parent=30507"}],"wp:term":[{"taxonomy":"product_brand","embeddable":true,"href":"https:\/\/gangnambeaute.com\/en\/wp-json\/wp\/v2\/product_brand?post=30507"},{"taxonomy":"product_cat","embeddable":true,"href":"https:\/\/gangnambeaute.com\/en\/wp-json\/wp\/v2\/product_cat?post=30507"},{"taxonomy":"product_tag","embeddable":true,"href":"https:\/\/gangnambeaute.com\/en\/wp-json\/wp\/v2\/product_tag?post=30507"}],"curies":[{"name":"wp","href":"https:\/\/api.w.org\/{rel}","templated":true}]}}