{"id":30506,"date":"2025-05-10T04:56:27","date_gmt":"2025-05-10T04:56:27","guid":{"rendered":"https:\/\/darkturquoise-squirrel-824428.hostingersite.com\/product\/cosrx-ultra-light-invisible-sunscreen-creme-solaire-ultra-legere-et-invisible\/"},"modified":"2026-04-11T02:52:39","modified_gmt":"2026-04-11T02:52:39","slug":"cosrx-ultra-light-invisible-sunscreen-creme-solaire-ultra-legere-et-invisible","status":"publish","type":"product","link":"https:\/\/gangnambeaute.com\/en\/product\/cosrx-ultra-light-invisible-sunscreen-creme-solaire-ultra-legere-et-invisible\/","title":{"rendered":"COSRX &#8211; Ultra Light Invisible Sunscreen &#8211; Ecran -50ml"},"content":{"rendered":"<p><strong>Cet \u00e9cran sert \u00e0\u00a0prot\u00e9ger des UV avec un fini totalement invisible et ultra-l\u00e9ger qui ne laisse aucune trace blanche.<\/strong><\/p>","protected":false},"excerpt":{"rendered":"<p><strong>Appliquez une quantit\u00e9 g\u00e9n\u00e9reuse sur votre\u00a0visage propre comme derni\u00e8re \u00e9tape de votre routine matinale.<\/strong><\/p>","protected":false},"featured_media":41011,"comment_status":"open","ping_status":"closed","template":"","meta":[],"product_brand":[1048],"product_cat":[344,352,376],"product_tag":[],"class_list":{"0":"post-30506","1":"product","2":"type-product","3":"status-publish","4":"has-post-thumbnail","6":"product_brand-cosrx-populare","7":"product_cat-skincare","8":"product_cat-soins-solaires","9":"product_cat-ecrans","11":"first","12":"outofstock","13":"sale","14":"shipping-taxable","15":"purchasable","16":"product-type-simple"},"_links":{"self":[{"href":"https:\/\/gangnambeaute.com\/en\/wp-json\/wp\/v2\/product\/30506","targetHints":{"allow":["GET"]}}],"collection":[{"href":"https:\/\/gangnambeaute.com\/en\/wp-json\/wp\/v2\/product"}],"about":[{"href":"https:\/\/gangnambeaute.com\/en\/wp-json\/wp\/v2\/types\/product"}],"replies":[{"embeddable":true,"href":"https:\/\/gangnambeaute.com\/en\/wp-json\/wp\/v2\/comments?post=30506"}],"version-history":[{"count":5,"href":"https:\/\/gangnambeaute.com\/en\/wp-json\/wp\/v2\/product\/30506\/revisions"}],"predecessor-version":[{"id":43541,"href":"https:\/\/gangnambeaute.com\/en\/wp-json\/wp\/v2\/product\/30506\/revisions\/43541"}],"wp:featuredmedia":[{"embeddable":true,"href":"https:\/\/gangnambeaute.com\/en\/wp-json\/wp\/v2\/media\/41011"}],"wp:attachment":[{"href":"https:\/\/gangnambeaute.com\/en\/wp-json\/wp\/v2\/media?parent=30506"}],"wp:term":[{"taxonomy":"product_brand","embeddable":true,"href":"https:\/\/gangnambeaute.com\/en\/wp-json\/wp\/v2\/product_brand?post=30506"},{"taxonomy":"product_cat","embeddable":true,"href":"https:\/\/gangnambeaute.com\/en\/wp-json\/wp\/v2\/product_cat?post=30506"},{"taxonomy":"product_tag","embeddable":true,"href":"https:\/\/gangnambeaute.com\/en\/wp-json\/wp\/v2\/product_tag?post=30506"}],"curies":[{"name":"wp","href":"https:\/\/api.w.org\/{rel}","templated":true}]}}