{"id":30487,"date":"2025-05-10T04:56:26","date_gmt":"2025-05-10T04:56:26","guid":{"rendered":"https:\/\/darkturquoise-squirrel-824428.hostingersite.com\/product\/cosrx-the-ceramide-skin-barrier-moisturizer-creme-hydratante-3\/"},"modified":"2026-04-11T02:52:33","modified_gmt":"2026-04-11T02:52:33","slug":"cosrx-the-ceramide-skin-barrier-moisturizer-creme-hydratante-3","status":"publish","type":"product","link":"https:\/\/gangnambeaute.com\/en\/product\/cosrx-the-ceramide-skin-barrier-moisturizer-creme-hydratante-3\/","title":{"rendered":"COSRX- The Ceramide Skin Barrier Moisturizer &#8211; Cr\u00e8me &#8211; 80 ml"},"content":{"rendered":"<p><strong>Cette cr\u00e8me sert \u00e0\u00a0r\u00e9parer la barri\u00e8re cutan\u00e9e et \u00e0 apaiser les peaux s\u00e8ches ou irrit\u00e9es gr\u00e2ce aux c\u00e9ramides et \u00e0 la centella.<\/strong><\/p>","protected":false},"excerpt":{"rendered":"<p><strong>Appliquez une noisette sur votre\u00a0visage propre et massez d\u00e9licatement jusqu&rsquo;\u00e0 absorption compl\u00e8te, matin et soir.<\/strong><\/p>","protected":false},"featured_media":43546,"comment_status":"open","ping_status":"closed","template":"","meta":[],"product_brand":[1048],"product_cat":[344,348,370,432,434,435],"product_tag":[],"class_list":{"0":"post-30487","1":"product","2":"type-product","3":"status-publish","4":"has-post-thumbnail","6":"product_brand-cosrx-populare","7":"product_cat-skincare","8":"product_cat-soin-concentre","9":"product_cat-cremes","10":"product_cat-meilleurs-ventes","11":"product_cat-nouveautes","12":"product_cat-retour-en-stock","14":"first","15":"instock","16":"sale","17":"shipping-taxable","18":"purchasable","19":"product-type-simple"},"_links":{"self":[{"href":"https:\/\/gangnambeaute.com\/en\/wp-json\/wp\/v2\/product\/30487","targetHints":{"allow":["GET"]}}],"collection":[{"href":"https:\/\/gangnambeaute.com\/en\/wp-json\/wp\/v2\/product"}],"about":[{"href":"https:\/\/gangnambeaute.com\/en\/wp-json\/wp\/v2\/types\/product"}],"replies":[{"embeddable":true,"href":"https:\/\/gangnambeaute.com\/en\/wp-json\/wp\/v2\/comments?post=30487"}],"version-history":[{"count":6,"href":"https:\/\/gangnambeaute.com\/en\/wp-json\/wp\/v2\/product\/30487\/revisions"}],"predecessor-version":[{"id":43547,"href":"https:\/\/gangnambeaute.com\/en\/wp-json\/wp\/v2\/product\/30487\/revisions\/43547"}],"wp:featuredmedia":[{"embeddable":true,"href":"https:\/\/gangnambeaute.com\/en\/wp-json\/wp\/v2\/media\/43546"}],"wp:attachment":[{"href":"https:\/\/gangnambeaute.com\/en\/wp-json\/wp\/v2\/media?parent=30487"}],"wp:term":[{"taxonomy":"product_brand","embeddable":true,"href":"https:\/\/gangnambeaute.com\/en\/wp-json\/wp\/v2\/product_brand?post=30487"},{"taxonomy":"product_cat","embeddable":true,"href":"https:\/\/gangnambeaute.com\/en\/wp-json\/wp\/v2\/product_cat?post=30487"},{"taxonomy":"product_tag","embeddable":true,"href":"https:\/\/gangnambeaute.com\/en\/wp-json\/wp\/v2\/product_tag?post=30487"}],"curies":[{"name":"wp","href":"https:\/\/api.w.org\/{rel}","templated":true}]}}